{"id":28,"date":"2021-06-04T16:21:02","date_gmt":"2021-06-04T20:21:02","guid":{"rendered":"https:\/\/projets.ex-situ.info\/rivieresimaginaires\/?page_id=28"},"modified":"2021-06-07T11:29:01","modified_gmt":"2021-06-07T15:29:01","slug":"source","status":"publish","type":"page","link":"https:\/\/projets.ex-situ.info\/rivieresimaginaires\/source\/","title":{"rendered":"Chercher la source"},"content":{"rendered":"\n<p>Michel C\u00f4t\u00e9, Alice Gu\u00e9ricolas-Gagn\u00e9 et H\u00e9l\u00e8ne Matte cherchent la source Claire-Fontaine dans le quartier Saint-Jean-Baptiste. \u00c9pluchant archives et cartes anciennes, d\u00e9ambulant dans les rues, iels fabulent et se questionnent. O\u00f9 passe cette source ? Ou plut\u00f4t, o\u00f9 passait-elle ? A-t-elle seulement d\u00e9j\u00e0 exist\u00e9 ? Les trois acolytes se le demandent.<\/p>\n\n\n\n<h4 class=\"wp-block-heading\">Version courte en vid\u00e9o :<\/h4>\n\n\n\n<figure class=\"wp-block-video\"><video controls src=\"https:\/\/projets.ex-situ.info\/rivieresimaginaires\/wp-content\/uploads\/sites\/3\/2021\/06\/source-cherche.mp4\"><\/video><\/figure>\n\n\n\n<h4 class=\"wp-block-heading\">Version longue en audio :<\/h4>\n\n\n\n<figure class=\"wp-block-audio\"><audio controls src=\"https:\/\/projets.ex-situ.info\/rivieresimaginaires\/wp-content\/uploads\/sites\/3\/2021\/06\/source-balado.mp3\"><\/audio><\/figure>\n\n\n\n<p>La recherche se poursuit \u00e0 travers le reste de la vie. Un jour, faisant leurs courses \u00e0 la d\u00e9funte \u00e9picerie J.A. Moisan de la rue Saint-Jean, les trois acolytes sont pris de fr\u00e9n\u00e9sie \u00e0 la vue d\u2019une affiche de l\u2019eau embouteill\u00e9e Claire-Fontaine, art\u00e9fact voisinant les autres antiquit\u00e9s h\u00e9berg\u00e9es par le commerce. Iels croient un moment avoir d\u00e9couvert un filon prometteur \u2014 s\u2019il y a une affiche, c\u2019est que la source existe ! Iels organisent m\u00eame une d\u00e9gustation de ladite eau avant de constater, \u00e0 la faveur de recherches subs\u00e9quentes, que la compagnie d\u2019embouteillage ne s\u2019abreuvait pas \u00e0 la source tant convoit\u00e9e. L\u2019emprunt \u00e0 cette appellation mythique de Claire-Fontaine relevait du marketing plus que de la g\u00e9ographie.<\/p>\n\n\n\n<figure class=\"wp-block-video\"><video controls src=\"https:\/\/projets.ex-situ.info\/rivieresimaginaires\/wp-content\/uploads\/sites\/3\/2021\/06\/source-claire-fontaine.mp4\"><\/video><\/figure>\n\n\n\n<p>Cette fausse piste, comme on en croise souvent en recherche ou dans les m\u00e9andres d\u2019une rivi\u00e8re, a toutefois beaucoup apport\u00e9 \u00e0 leur qu\u00eate. Cette bifurcation disait vrai, en partie. \u00c9tait-elle plus vraie qu\u2019une vraie piste ? La recherche se poursuit.<\/p>\n\n\n\n<hr class=\"wp-block-separator is-style-wide\"\/>\n\n\n\n<p>Quelques sources ayant \u00e9t\u00e9 utiles aux trois acolytes \u00e0 la recherche de la source :&nbsp;<\/p>\n\n\n\n<p>CAP-AUX-DIAMANTS,&nbsp;Des \u00ab liqueurs douces \u00bb pour tous. Timmons et Claire-Fontaine,&nbsp;[en ligne].&nbsp;<a href=\"https:\/\/www.erudit.org\/fr\/revues\/cd\/1992-n28-cd1039702\/7987ac.pdf\">https:\/\/www.erudit.org\/fr\/revues\/cd\/1992-n28-cd1039702\/7987ac.pdf<\/a>&nbsp;[Site consult\u00e9 en avril 2020].<\/p>\n\n\n\n<p>DICTIONNAIRE BIOGRAPHIQUE DU CANADA, Martin, Abraham, [en ligne].&nbsp;<a href=\"http:\/\/www.biographi.ca\/fr\/bio\/martin_abraham_1F.html\">http:\/\/www.biographi.ca\/fr\/bio\/martin_abraham_1F.html<\/a> [Site consult\u00e9 en avril 2020].<\/p>\n\n\n\n<p>RADIO-CANADA, Archives &#8211; Art et intuition du sourcier, [en ligne].&nbsp;&nbsp;<a href=\"https:\/\/ici.radio-canada.ca\/nouvelle\/1685421\/radiesthesie-metier-sourcier-baguette-archives\">https:\/\/ici.radio-canada.ca\/nouvelle\/1685421\/radiesthesie-metier-sourcier-baguette-archives<\/a> [Site consult\u00e9 en avril 2020].&nbsp;<\/p>\n\n\n\n<p>VILLE DE QU\u00c9BEC, Toponymie &#8211; Fiche Claire-Fontaine, [en ligne].&nbsp;<a href=\"https:\/\/www.ville.quebec.qc.ca\/citoyens\/patrimoine\/toponymie\/fiche.aspx?IdFiche=445\">https:\/\/www.ville.quebec.qc.ca\/citoyens\/patrimoine\/toponymie\/fiche.aspx?IdFiche=445<\/a>&nbsp;[Site consult\u00e9 en avril 2020].&nbsp;<\/p>\n\n\n\n<p>VILLE DE QU\u00c9BEC, Saint-Jean-Baptiste. Entre faubourg et centre-ville, [en ligne]. <a href=\"https:\/\/www.ville.quebec.qc.ca\/docs\/sainte-jean-bpatiste.pdf\">https:\/\/www.ville.quebec.qc.ca\/docs\/sainte-jean-bpatiste.pdf<\/a>&nbsp;[Site consult\u00e9 en avril 2020].&nbsp;<\/p>\n","protected":false},"excerpt":{"rendered":"<p>Michel C\u00f4t\u00e9, Alice Gu\u00e9ricolas-Gagn\u00e9 et H\u00e9l\u00e8ne Matte cherchent la source Claire-Fontaine dans le quartier Saint-Jean-Baptiste. \u00c9pluchant archives et cartes anciennes, d\u00e9ambulant dans les rues, iels fabulent et se questionnent. O\u00f9 passe cette source ? Ou plut\u00f4t, o\u00f9 passait-elle ? A-t-elle seulement d\u00e9j\u00e0 exist\u00e9 ? Les trois acolytes se le demandent. Version courte en vid\u00e9o : &#8230; <a title=\"Chercher la source\" class=\"read-more\" href=\"https:\/\/projets.ex-situ.info\/rivieresimaginaires\/source\/\" aria-label=\"En savoir plus sur Chercher la source\">Lire la suite<\/a><\/p>\n","protected":false},"author":2,"featured_media":0,"parent":0,"menu_order":0,"comment_status":"closed","ping_status":"closed","template":"","meta":{"footnotes":""},"class_list":["post-28","page","type-page","status-publish"],"_links":{"self":[{"href":"https:\/\/projets.ex-situ.info\/rivieresimaginaires\/wp-json\/wp\/v2\/pages\/28","targetHints":{"allow":["GET"]}}],"collection":[{"href":"https:\/\/projets.ex-situ.info\/rivieresimaginaires\/wp-json\/wp\/v2\/pages"}],"about":[{"href":"https:\/\/projets.ex-situ.info\/rivieresimaginaires\/wp-json\/wp\/v2\/types\/page"}],"author":[{"embeddable":true,"href":"https:\/\/projets.ex-situ.info\/rivieresimaginaires\/wp-json\/wp\/v2\/users\/2"}],"replies":[{"embeddable":true,"href":"https:\/\/projets.ex-situ.info\/rivieresimaginaires\/wp-json\/wp\/v2\/comments?post=28"}],"version-history":[{"count":5,"href":"https:\/\/projets.ex-situ.info\/rivieresimaginaires\/wp-json\/wp\/v2\/pages\/28\/revisions"}],"predecessor-version":[{"id":40,"href":"https:\/\/projets.ex-situ.info\/rivieresimaginaires\/wp-json\/wp\/v2\/pages\/28\/revisions\/40"}],"wp:attachment":[{"href":"https:\/\/projets.ex-situ.info\/rivieresimaginaires\/wp-json\/wp\/v2\/media?parent=28"}],"curies":[{"name":"wp","href":"https:\/\/api.w.org\/{rel}","templated":true}]}}