{"id":2,"date":"2020-10-21T21:38:15","date_gmt":"2020-10-21T19:38:15","guid":{"rendered":"https:\/\/projets.ex-situ.info\/rivieresimaginaires\/?page_id=2"},"modified":"2022-06-27T14:19:20","modified_gmt":"2022-06-27T18:19:20","slug":"page-d-exemple","status":"publish","type":"page","link":"https:\/\/projets.ex-situ.info\/rivieresimaginaires\/","title":{"rendered":""},"content":{"rendered":"\n<p>Dans le cadre du projet sur les \u00ab Rivi\u00e8res imaginaires \u00bb, nous nous sommes int\u00e9ress\u00e9 aux rivi\u00e8res, existantes ou disparues, du territoire de la ville de Qu\u00e9bec. Une sorte d&rsquo;inventaire est <a href=\"https:\/\/www.google.com\/maps\/d\/viewer?mid=1xbL9bB_8dIlSNkH7yQe30lpXXX-fsZBP&amp;ll=46.85582214167272%2C-71.33364854999999&amp;z=11\" target=\"_blank\" rel=\"noreferrer noopener\">accessible ici<\/a>. Il nous apparaissait tout aussi important de laisser une grande place \u00e0 la cr\u00e9ativit\u00e9 des gens \u2013 c&rsquo;est dans cette perspective que nous avons lanc\u00e9 un appel \u00e0 projets. Plusieurs personnes ont r\u00e9pondu favorablement \u00e0 notre invitation. S&rsquo;appuyant sur les r\u00e9alit\u00e9s hydrologiques (r\u00e9elles ou fantasm\u00e9es) de la ville de Qu\u00e9bec, ils et elles nous proposent ces chantiers d&rsquo;\u00e9criture s&rsquo;inspirant du th\u00e8me des rivi\u00e8res. Bonne lecture, bonne exploration.<\/p>\n\n\n\n<div style=\"margin-left:200px;\">\n\n\n<div class=\"wp-block-image\">\n<figure class=\"alignleft size-large is-resized\"><a href=\"https:\/\/projets.ex-situ.info\/rivieresimaginaires\/source\/\"><img loading=\"lazy\" decoding=\"async\" src=\"https:\/\/projets.ex-situ.info\/rivieresimaginaires\/wp-content\/uploads\/sites\/3\/2021\/06\/Capture-de\u0301cran-le-2021-06-07-a\u0300-14.46.29.png\" alt=\"Chercher la source\" class=\"wp-image-42\" width=\"161\" height=\"161\" srcset=\"https:\/\/projets.ex-situ.info\/rivieresimaginaires\/wp-content\/uploads\/sites\/3\/2021\/06\/Capture-de\u0301cran-le-2021-06-07-a\u0300-14.46.29.png 322w, https:\/\/projets.ex-situ.info\/rivieresimaginaires\/wp-content\/uploads\/sites\/3\/2021\/06\/Capture-de\u0301cran-le-2021-06-07-a\u0300-14.46.29-300x300.png 300w, https:\/\/projets.ex-situ.info\/rivieresimaginaires\/wp-content\/uploads\/sites\/3\/2021\/06\/Capture-de\u0301cran-le-2021-06-07-a\u0300-14.46.29-150x150.png 150w\" sizes=\"auto, (max-width: 161px) 100vw, 161px\" \/><\/a><\/figure>\n<\/div>\n\n\n<p>&nbsp;<\/p>\n\n\n\n<p><strong>Chercher la source<\/strong><br>(projet de Michel C\u00f4t\u00e9, Alice Gu\u00e9ricolas-Gagn\u00e9 et H\u00e9l\u00e8ne Matte)<\/p>\n\n\n\n<p>&nbsp;<\/p>\n\n\n<div class=\"wp-block-image is-style-default\">\n<figure class=\"alignleft size-large is-resized\"><a href=\"https:\/\/projets.ex-situ.info\/rivieresimaginaires\/severine\/\"><img loading=\"lazy\" decoding=\"async\" src=\"https:\/\/projets.ex-situ.info\/rivieresimaginaires\/wp-content\/uploads\/sites\/3\/2021\/06\/birch.jpg\" alt=\"bateau White Birch\" class=\"wp-image-56\" width=\"161\" height=\"161\"\/><\/a><\/figure>\n<\/div>\n\n\n<p>&nbsp;<\/p>\n\n\n\n<p><strong>S\u00e9verine<\/strong><br>(extraits d&rsquo;un projet de Chlo\u00e9 Pouliot)<\/p>\n\n\n\n<p>&nbsp;<\/p>\n\n\n<div class=\"wp-block-image is-style-default\">\n<figure class=\"alignleft size-large is-resized\"><a href=\"https:\/\/leruisseaudumoulin.cargo.site\/\" target=\"_blank\" rel=\"noopener\"><img loading=\"lazy\" decoding=\"async\" src=\"https:\/\/projets.ex-situ.info\/rivieresimaginaires\/wp-content\/uploads\/sites\/3\/2021\/06\/Capture-de\u0301cran-le-2021-06-10-a\u0300-09.41.09.png\" alt=\"Ruisseau du moulin\" class=\"wp-image-67\" width=\"161\" height=\"161\" srcset=\"https:\/\/projets.ex-situ.info\/rivieresimaginaires\/wp-content\/uploads\/sites\/3\/2021\/06\/Capture-de\u0301cran-le-2021-06-10-a\u0300-09.41.09.png 423w, https:\/\/projets.ex-situ.info\/rivieresimaginaires\/wp-content\/uploads\/sites\/3\/2021\/06\/Capture-de\u0301cran-le-2021-06-10-a\u0300-09.41.09-300x300.png 300w, https:\/\/projets.ex-situ.info\/rivieresimaginaires\/wp-content\/uploads\/sites\/3\/2021\/06\/Capture-de\u0301cran-le-2021-06-10-a\u0300-09.41.09-150x150.png 150w\" sizes=\"auto, (max-width: 161px) 100vw, 161px\" \/><\/a><\/figure>\n<\/div>\n\n\n<p>&nbsp;<\/p>\n\n\n\n<p><strong>Disparu le ruisseau du Moulin<\/strong><br>(projet de Charlotte Biron)<\/p>\n\n\n\n<p>&nbsp;<\/p>\n\n\n<div class=\"wp-block-image is-style-default\">\n<figure class=\"alignleft size-large is-resized\"><a href=\"https:\/\/projets.ex-situ.info\/rivieresimaginaires\/lairet\/\"><img loading=\"lazy\" decoding=\"async\" src=\"https:\/\/projets.ex-situ.info\/rivieresimaginaires\/wp-content\/uploads\/sites\/3\/2021\/06\/Capture-de\u0301cran-le-2021-06-14-a\u0300-16.01.44.png\" alt=\"\" class=\"wp-image-89\" width=\"161\" height=\"161\" srcset=\"https:\/\/projets.ex-situ.info\/rivieresimaginaires\/wp-content\/uploads\/sites\/3\/2021\/06\/Capture-de\u0301cran-le-2021-06-14-a\u0300-16.01.44.png 309w, https:\/\/projets.ex-situ.info\/rivieresimaginaires\/wp-content\/uploads\/sites\/3\/2021\/06\/Capture-de\u0301cran-le-2021-06-14-a\u0300-16.01.44-300x300.png 300w, https:\/\/projets.ex-situ.info\/rivieresimaginaires\/wp-content\/uploads\/sites\/3\/2021\/06\/Capture-de\u0301cran-le-2021-06-14-a\u0300-16.01.44-150x150.png 150w\" sizes=\"auto, (max-width: 161px) 100vw, 161px\" \/><\/a><\/figure>\n<\/div>\n\n\n<p>&nbsp;<\/p>\n\n\n\n<p><strong>La Lairet imaginaire<\/strong><br>(extraits d&rsquo;un projet de Daniel Canty)<\/p>\n\n\n\n<p>&nbsp;<\/p>\n\n\n<div class=\"wp-block-image is-style-default\">\n<figure class=\"alignleft size-large is-resized\"><a href=\"https:\/\/jessicadufour4.wixsite.com\/dynamique\" target=\"_blank\" rel=\"noopener\"><img loading=\"lazy\" decoding=\"async\" src=\"https:\/\/projets.ex-situ.info\/rivieresimaginaires\/wp-content\/uploads\/sites\/3\/2021\/06\/Grand-village.jpg\" alt=\"\" class=\"wp-image-73\" width=\"161\" height=\"161\" srcset=\"https:\/\/projets.ex-situ.info\/rivieresimaginaires\/wp-content\/uploads\/sites\/3\/2021\/06\/Grand-village.jpg 263w, https:\/\/projets.ex-situ.info\/rivieresimaginaires\/wp-content\/uploads\/sites\/3\/2021\/06\/Grand-village-150x150.jpg 150w\" sizes=\"auto, (max-width: 161px) 100vw, 161px\" \/><\/a><\/figure>\n<\/div>\n\n\n<p>&nbsp;<\/p>\n\n\n\n<p><strong>Dynamique des cours d&rsquo;eau<\/strong><br>(projet de Jessica Dufour)<\/p>\n\n\n\n<p>&nbsp;<\/p>\n\n\n<div class=\"wp-block-image is-style-default\">\n<figure class=\"alignleft size-large is-resized\"><a href=\"https:\/\/projets.ex-situ.info\/rivieresimaginaires\/voyer\/\"><img loading=\"lazy\" decoding=\"async\" src=\"https:\/\/projets.ex-situ.info\/rivieresimaginaires\/wp-content\/uploads\/sites\/3\/2021\/06\/image-1-e1623880710231.png\" alt=\"chute de rivi\u00e8re\" class=\"wp-image-102\" width=\"161\" height=\"161\" srcset=\"https:\/\/projets.ex-situ.info\/rivieresimaginaires\/wp-content\/uploads\/sites\/3\/2021\/06\/image-1-e1623880710231.png 720w, https:\/\/projets.ex-situ.info\/rivieresimaginaires\/wp-content\/uploads\/sites\/3\/2021\/06\/image-1-e1623880710231-300x300.png 300w, https:\/\/projets.ex-situ.info\/rivieresimaginaires\/wp-content\/uploads\/sites\/3\/2021\/06\/image-1-e1623880710231-150x150.png 150w\" sizes=\"auto, (max-width: 161px) 100vw, 161px\" \/><\/a><\/figure>\n<\/div>\n\n\n<p>&nbsp;<\/p>\n\n\n\n<p><strong>Les rivi\u00e8res effac\u00e9es<\/strong><br>(projet de Marie-H\u00e9l\u00e8ne Voyer)<\/p>\n\n\n\n<p>&nbsp;<\/p>\n\n\n\n<p>&nbsp;<\/p>\n\n\n\n<\/div>\n","protected":false},"excerpt":{"rendered":"<p>Dans le cadre du projet sur les \u00ab Rivi\u00e8res imaginaires \u00bb, nous nous sommes int\u00e9ress\u00e9 aux rivi\u00e8res, existantes ou disparues, du territoire de la ville de Qu\u00e9bec. Une sorte d&rsquo;inventaire est accessible ici. Il nous apparaissait tout aussi important de laisser une grande place \u00e0 la cr\u00e9ativit\u00e9 des gens \u2013 c&rsquo;est dans cette perspective que &#8230; <a title=\"\" class=\"read-more\" href=\"https:\/\/projets.ex-situ.info\/rivieresimaginaires\/\" aria-label=\"En savoir plus sur \">Lire la suite<\/a><\/p>\n","protected":false},"author":2,"featured_media":0,"parent":0,"menu_order":0,"comment_status":"closed","ping_status":"open","template":"","meta":{"footnotes":""},"class_list":["post-2","page","type-page","status-publish"],"_links":{"self":[{"href":"https:\/\/projets.ex-situ.info\/rivieresimaginaires\/wp-json\/wp\/v2\/pages\/2","targetHints":{"allow":["GET"]}}],"collection":[{"href":"https:\/\/projets.ex-situ.info\/rivieresimaginaires\/wp-json\/wp\/v2\/pages"}],"about":[{"href":"https:\/\/projets.ex-situ.info\/rivieresimaginaires\/wp-json\/wp\/v2\/types\/page"}],"author":[{"embeddable":true,"href":"https:\/\/projets.ex-situ.info\/rivieresimaginaires\/wp-json\/wp\/v2\/users\/2"}],"replies":[{"embeddable":true,"href":"https:\/\/projets.ex-situ.info\/rivieresimaginaires\/wp-json\/wp\/v2\/comments?post=2"}],"version-history":[{"count":30,"href":"https:\/\/projets.ex-situ.info\/rivieresimaginaires\/wp-json\/wp\/v2\/pages\/2\/revisions"}],"predecessor-version":[{"id":126,"href":"https:\/\/projets.ex-situ.info\/rivieresimaginaires\/wp-json\/wp\/v2\/pages\/2\/revisions\/126"}],"wp:attachment":[{"href":"https:\/\/projets.ex-situ.info\/rivieresimaginaires\/wp-json\/wp\/v2\/media?parent=2"}],"curies":[{"name":"wp","href":"https:\/\/api.w.org\/{rel}","templated":true}]}}