{"id":47,"date":"2020-08-27T07:00:00","date_gmt":"2020-08-27T11:00:00","guid":{"rendered":"https:\/\/projets.ex-situ.info\/fabrique20\/?page_id=47"},"modified":"2020-09-20T20:13:20","modified_gmt":"2020-09-21T00:13:20","slug":"t1-fiche-de-lecture-breathe","status":"publish","type":"page","link":"https:\/\/projets.ex-situ.info\/fabrique20\/theme-1\/t1-fiche-de-lecture-breathe\/","title":{"rendered":"Fiche de lecture \u2013 Breathe, de Kate Pullinger"},"content":{"rendered":"\n<figure class=\"wp-block-pullquote\"><blockquote><p>\u00ab&nbsp;Welcome to the world of Flo. She can talk to ghosts. And she knows where you are.&nbsp;\u00bb<br><br>\u00ab&nbsp;<a href=\"https:\/\/www.breathe-story.com\/\"><em>Breathe<\/em><\/a>&nbsp;tells the story of Flo, who has the ability to talk to ghosts. As Flo struggles to communicate with her mother, Clara, who died when she was a young girl, other voices keep interrupting. As these ghosts disrupt Flo\u2019s search for Clara, they recognise the readers\u2019 surroundings and begin to haunt the reader in the same way as they haunt Flo.&nbsp;\u00bb (<a href=\"https:\/\/www.breathe-story.com\/\">source<\/a>)<\/p><\/blockquote><\/figure>\n\n\n\n<figure class=\"wp-block-image size-large\"><a href=\"https:\/\/research.ambientlit.com\/breathe\"><img loading=\"lazy\" decoding=\"async\" width=\"1024\" height=\"433\" src=\"https:\/\/projets.ex-situ.info\/fabrique20\/wp-content\/uploads\/sites\/2\/2020\/08\/Breathe-four-screens-1170x495-1-1024x433.jpg\" alt=\"\" class=\"wp-image-52\" srcset=\"https:\/\/projets.ex-situ.info\/fabrique20\/wp-content\/uploads\/sites\/2\/2020\/08\/Breathe-four-screens-1170x495-1-1024x433.jpg 1024w, https:\/\/projets.ex-situ.info\/fabrique20\/wp-content\/uploads\/sites\/2\/2020\/08\/Breathe-four-screens-1170x495-1-300x127.jpg 300w, https:\/\/projets.ex-situ.info\/fabrique20\/wp-content\/uploads\/sites\/2\/2020\/08\/Breathe-four-screens-1170x495-1-768x325.jpg 768w, https:\/\/projets.ex-situ.info\/fabrique20\/wp-content\/uploads\/sites\/2\/2020\/08\/Breathe-four-screens-1170x495-1.jpg 1170w\" sizes=\"auto, (max-width: 1024px) 100vw, 1024px\" \/><\/a><\/figure>\n\n\n\n<div class=\"wp-block-columns is-layout-flex wp-container-core-columns-is-layout-28f84493 wp-block-columns-is-layout-flex\">\n<div class=\"wp-block-column is-layout-flow wp-block-column-is-layout-flow\" style=\"flex-basis:66.66%\">\n<p><em>Breathe<\/em> est une fiction web qui offre la meilleure exp\u00e9rience de lecture sur un appareil mobile. Ce qui fait l\u2019originalit\u00e9 de l\u2019\u0153uvre est qu\u2019elle personnalise la lecture en se servant des trois variables contextuelles<em> <\/em>suivantes&nbsp;: la m\u00e9t\u00e9o, le temps et la localisation. Ainsi, en acc\u00e9dant \u00e0 ces donn\u00e9es propres au lecteur par l\u2019entremise de son appareil mobile, l\u2019histoire s\u2019adapte pour assurer une grande immersion dans le monde fictionnel. La cam\u00e9ra de l\u2019appareil est \u00e9galement utilis\u00e9e pour ajouter une dimension visuelle \u00e0 cette immersion.<\/p>\n\n\n\n<p><a href=\"https:\/\/projets.ex-situ.info\/fabrique20\/wp-content\/uploads\/sites\/2\/2020\/08\/breathe2.png\" target=\"_blank\" rel=\"noopener noreferrer\"><img decoding=\"async\" style=\"float:right;margin-left:0.7em;margin-bottom:0.7em;width: 25%;border-style:solid;border-width:1px\" src=\"https:\/\/projets.ex-situ.info\/fabrique20\/wp-content\/uploads\/sites\/2\/2020\/08\/breathe2.png\" alt=\"extrait Breathe swipe\"><\/a>L\u2019histoire racont\u00e9e dans <em>Breathe<\/em> est celle de Flo, une jeune femme de 24 ans qui parle aux fant\u00f4mes, tentant d\u00e9sesp\u00e9r\u00e9ment de contacter sa m\u00e8re d\u00e9c\u00e9d\u00e9e.<em> Breathe<\/em> est donc une histoire de fant\u00f4mes qui cherche \u00e0 faire peur. La lecture progresse au fil des pages-\u00e9crans que l\u2019on balaie (<em>swipe<\/em>) avec les doigts, mais aussi en fonction d\u2019autres actions attendues qui ne sont pas n\u00e9cessairement d\u00e9crites&nbsp;\u2013 par exemple, il faut parfois frotter l\u2019\u00e9cran pour d\u00e9couvrir une autre couche de texte.<\/p>\n\n\n\n<p><em>Breathe<\/em> s\u2019inspire et alimente d\u2019une peur moderne, la crainte que la technologie se tourne contre nous, qu\u2019elle nous espionne, qu\u2019elle \u00e9chappe \u00e0 notre contr\u00f4le. D\u2019ailleurs, la navigation \u00e0 travers l\u2019\u0153uvre, qui se fait majoritairement en faisant d\u00e9filer les pages de mani\u00e8re lin\u00e9aire, se fait tout \u00e0 coup de fa\u00e7on moins fluide lorsque l\u2019un des fant\u00f4mes prend la parole. L\u2019\u00e9cran se fige un instant, s\u2019assombrit et renvoie notre image. Ainsi, en simulant une perte de contr\u00f4le temporaire de l\u2019appareil mobile, le sentiment de peur qui habite d\u00e9j\u00e0 le lecteur se fait plus intense.<\/p>\n\n\n\n<p class=\"has-text-align-left\"><a href=\"https:\/\/projets.ex-situ.info\/fabrique20\/wp-content\/uploads\/sites\/2\/2020\/08\/Breathe-1.png\"><img loading=\"lazy\" decoding=\"async\" width=\"764\" height=\"617\" class=\"wp-image-59\" style=\"float:right;margin-left:0.7em;margin-bottom:0.7em;width: 25%;border-style:solid;border-width:1px\" src=\"https:\/\/projets.ex-situ.info\/fabrique20\/wp-content\/uploads\/sites\/2\/2020\/08\/Breathe-1.png\" alt=\"extrait Breathe\" srcset=\"https:\/\/projets.ex-situ.info\/fabrique20\/wp-content\/uploads\/sites\/2\/2020\/08\/Breathe-1.png 764w, https:\/\/projets.ex-situ.info\/fabrique20\/wp-content\/uploads\/sites\/2\/2020\/08\/Breathe-1-300x242.png 300w\" sizes=\"auto, (max-width: 764px) 100vw, 764px\" \/><\/a>L\u2019utilisation des&nbsp;trois variables personnalise le r\u00e9cit et permet ainsi de rendre le r\u00e9cit encore plus \u00e9trange et effrayant. Par exemple, l\u2019acc\u00e8s aux donn\u00e9es de localisation de l\u2019appareil du lecteur est pris en compte dans l\u2019emplacement d\u2019un des fant\u00f4mes, ce dernier se situant dans une rue tout pr\u00e8s du lecteur. De plus, la cam\u00e9ra permet \u00e0 l\u2019\u0153uvre de capturer une image du lecteur et d\u2019y superposer une image de fant\u00f4me, comme s\u2019il \u00e9tait tout juste derri\u00e8re lui. Ainsi, la r\u00e9alit\u00e9 du lecteur per\u00e7ue par la cam\u00e9ra et adapt\u00e9es en fonction de son environnement permet d\u2019augmenter et de personnaliser l\u2019exp\u00e9rience.<\/p>\n\n\n\n<p><a href=\"https:\/\/projets.ex-situ.info\/fabrique20\/wp-content\/uploads\/sites\/2\/2020\/08\/breathe3.png\" target=\"_blank\" rel=\"noopener noreferrer\"><img loading=\"lazy\" decoding=\"async\" width=\"763\" height=\"978\" class=\"wp-image-73\" style=\"float:right;margin-left:0.7em;margin-bottom:0.7em;width: 25%;border-style:solid;border-width:1px\" src=\"https:\/\/projets.ex-situ.info\/fabrique20\/wp-content\/uploads\/sites\/2\/2020\/08\/breathe3.png\" alt=\"extrait Breathe atmosph\u00e8re\" srcset=\"https:\/\/projets.ex-situ.info\/fabrique20\/wp-content\/uploads\/sites\/2\/2020\/08\/breathe3.png 763w, https:\/\/projets.ex-situ.info\/fabrique20\/wp-content\/uploads\/sites\/2\/2020\/08\/breathe3-234x300.png 234w\" sizes=\"auto, (max-width: 763px) 100vw, 763px\" \/><\/a><em>Breathe <\/em>est une histoire d\u2019horreur qui utilise les possibilit\u00e9s des technologies r\u00e9centes \u00e0 son avantage, allant puiser dans les frayeurs associ\u00e9es \u00e0 la pr\u00e9sence du num\u00e9rique dans nos vies.<\/p>\n<\/div>\n\n\n\n<div class=\"wp-block-column border-line:1px is-layout-flow wp-block-column-is-layout-flow\" style=\"flex-basis:33.33%\">\n<p class=\"border-line:1px\"><strong>Fiche descriptive<\/strong><\/p>\n\n\n\n<p class=\"border-style: solid border-width: 1px\">Titre&nbsp;: <em>Breathe<\/em><br>Autrice&nbsp;: Kate Pullinger<br>\u00c9diteurs&nbsp;: Editions at Play et Visual Editions<br>Date de parution&nbsp;: janvier 2018<br>Pays de publication&nbsp;: Angleterre (Bath Spa University)<br>Lien vers le site de l&rsquo;\u0153uvre&nbsp;: <a href=\"https:\/\/www.breathe-story.com\/\">https:\/\/www.breathe-story.com\/<\/a><br>Temps de lecture&nbsp;: 20 minutes<\/p>\n\n\n\n<p>Type d\u2019\u0153uvre&nbsp;: Fiction web en r\u00e9alit\u00e9 augment\u00e9e<br>Support num\u00e9rique utilis\u00e9&nbsp;: web (il est sugg\u00e9r\u00e9 d\u2019utiliser un appareil mobile)<br>Public cible&nbsp;: YA (Young Adults)<\/p>\n\n\n\n<p><em><sup>Fiche cr\u00e9\u00e9e par Charles-Antoine Fug\u00e8re<\/sup><\/em><\/p>\n\n\n\n<p><strong>Vid\u00e9os li\u00e9es<\/strong><\/p>\n\n\n\n<ul class=\"wp-block-list\"><li><a href=\"https:\/\/www.youtube.com\/watch?v=f-xusILyzfI\">https:\/\/www.youtube.com\/watch?v=f-xusILyzfI<\/a> (l\u2019auteure parle plus largement de l\u2019\u00e9criture num\u00e9rique et de son aspect collaboratif)<\/li><li><a rel=\"noreferrer noopener\" href=\"https:\/\/vimeo.com\/266299944\" target=\"_blank\">https:\/\/vimeo.com\/266299944<\/a> (entrevue avec Kate Pullinger et Matt Halyer qui discutent de ce qui a guid\u00e9 le d\u00e9veloppement de <em>Breathe<\/em>)<\/li><\/ul>\n\n\n\n<p><\/p>\n<\/div>\n<\/div>\n\n\n\n<hr class=\"wp-block-separator is-style-wide\"\/>\n\n\n\n<p><\/p>\n\n\n\n<p><strong>Commentaires de lecteurs, critiques, articles de journal, etc.<\/strong><\/p>\n\n\n\n<p>\u00ab&nbsp;What does it mean when the place where you\u2019re reading becomes the stage of the story?&nbsp;\u00bb<br>Source&nbsp;: <a href=\"https:\/\/www.creativemediaresearch.org\/post\/breathe-a-digital-ghost-story\">https:\/\/www.creativemediaresearch.org\/post\/breathe-a-digital-ghost-story<\/a>&nbsp;<\/p>\n\n\n\n<p>\u00ab&nbsp;<em>Breathe<\/em> is a smartphone ghost story that knows where you live&nbsp;\u00bb<br>Source&nbsp;: <a href=\"https:\/\/www.alphr.com\/art\/1008366\/breathe-smartphone-ghost-story-ambient-literature\/\">https:\/\/www.alphr.com\/art\/1008366\/breathe-smartphone-ghost-story-ambient-literature\/<\/a><\/p>\n\n\n\n<p>\u00ab&nbsp;It\u2019s the story that scares you a little too close to home. \u00bb<br>\u00ab It\u2019s eerie, features a gripping plot, and possibly the best and scariest story I\u2019ve ever read through a mobile app. So wait until it\u2019s nice and dark, close all the lights, and prepare to get scared.&nbsp;\u00bb<br>Source&nbsp;: <a href=\"https:\/\/www.narcity.com\/entertainment\/this-terrifying-horror-app-tells-you-a-ghost-story-by-tracking-your-location\">https:\/\/www.narcity.com\/entertainment\/this-terrifying-horror-app-tells-you-a-ghost-story-by-tracking-your-location<\/a><\/p>\n\n\n\n<p>\u00ab&nbsp;Ghost story haunts readers in their home.&nbsp;\u00bb<br>Source&nbsp;: <a href=\"https:\/\/www.thetimes.co.uk\/article\/ghost-story-breathe-by-kate-pullinger-haunts-readers-in-their-home-0dhhkj733\">https:\/\/www.thetimes.co.uk\/article\/ghost-story-breathe-by-kate-pullinger-haunts-readers-in-their-home-0dhhkj733<\/a><\/p>\n\n\n\n<p>\u00ab&nbsp;Kate Pullinger\u2019s latest book knows where you live. It knows you\u2019re reading it in your bedroom, it knows it\u2019s raining outside and it knows which Tube you get. It knows quite a lot about you. Actually, you\u2019re one of the main characters.&nbsp;\u00bb<br>Source&nbsp;: <a href=\"https:\/\/www.standard.co.uk\/tech\/ambient-literature-smartphone-books-and-stories-a3767391.html\">https:\/\/www.standard.co.uk\/tech\/ambient-literature-smartphone-books-and-stories-a3767391.html<\/a><\/p>\n\n\n\n<p>\u00ab&nbsp;There\u2019s a moment in the mobile book <em>Breathe <\/em>where your phone ceases to work. The screen freezes, the camera wigs out, and it\u2019s impossible to swipe to the next page. If it feels like ghost slipped its way into your phone and took hold of the software, that\u2019s because it has.&nbsp;\u00bb<br>\u00ab&nbsp;Books on screen might lack the tactile magic of print, but they also open a world of new possibilities enabled by technology.&nbsp;\u00bb<br>\u00ab&nbsp;The book is proof of your phone\u2019s omnipresent eyes, but it\u2019s also a brilliant example of the shifting definition of design in mobile-first stories.&nbsp;\u00bb<br>Source: <a href=\"https:\/\/eyeondesign.aiga.org\/a-ghost-story-shaped-by-your-phones-data\/\">https:\/\/eyeondesign.aiga.org\/a-ghost-story-shaped-by-your-phones-data\/<\/a><\/p>\n","protected":false},"excerpt":{"rendered":"<p>\u00ab&nbsp;Welcome to the world of Flo. She can talk to ghosts. And she knows where you are.&nbsp;\u00bb \u00ab&nbsp;Breathe&nbsp;tells the story of Flo, who has the ability to talk to ghosts. As Flo struggles to communicate with her mother, Clara, who died when she was a young girl, other voices keep interrupting. As these ghosts disrupt &#8230; <a title=\"Fiche de lecture \u2013 Breathe, de Kate Pullinger\" class=\"read-more\" href=\"https:\/\/projets.ex-situ.info\/fabrique20\/theme-1\/t1-fiche-de-lecture-breathe\/\" aria-label=\"En savoir plus sur Fiche de lecture \u2013 Breathe, de Kate Pullinger\">Lire la suite<\/a><\/p>\n","protected":false},"author":2,"featured_media":0,"parent":13,"menu_order":4,"comment_status":"closed","ping_status":"closed","template":"","meta":{"footnotes":""},"class_list":["post-47","page","type-page","status-publish"],"_links":{"self":[{"href":"https:\/\/projets.ex-situ.info\/fabrique20\/wp-json\/wp\/v2\/pages\/47","targetHints":{"allow":["GET"]}}],"collection":[{"href":"https:\/\/projets.ex-situ.info\/fabrique20\/wp-json\/wp\/v2\/pages"}],"about":[{"href":"https:\/\/projets.ex-situ.info\/fabrique20\/wp-json\/wp\/v2\/types\/page"}],"author":[{"embeddable":true,"href":"https:\/\/projets.ex-situ.info\/fabrique20\/wp-json\/wp\/v2\/users\/2"}],"replies":[{"embeddable":true,"href":"https:\/\/projets.ex-situ.info\/fabrique20\/wp-json\/wp\/v2\/comments?post=47"}],"version-history":[{"count":36,"href":"https:\/\/projets.ex-situ.info\/fabrique20\/wp-json\/wp\/v2\/pages\/47\/revisions"}],"predecessor-version":[{"id":192,"href":"https:\/\/projets.ex-situ.info\/fabrique20\/wp-json\/wp\/v2\/pages\/47\/revisions\/192"}],"up":[{"embeddable":true,"href":"https:\/\/projets.ex-situ.info\/fabrique20\/wp-json\/wp\/v2\/pages\/13"}],"wp:attachment":[{"href":"https:\/\/projets.ex-situ.info\/fabrique20\/wp-json\/wp\/v2\/media?parent=47"}],"curies":[{"name":"wp","href":"https:\/\/api.w.org\/{rel}","templated":true}]}}