{"id":369,"date":"2020-09-03T20:13:43","date_gmt":"2020-09-04T00:13:43","guid":{"rendered":"https:\/\/projets.ex-situ.info\/fabrique20\/?page_id=369"},"modified":"2020-09-20T20:13:58","modified_gmt":"2020-09-21T00:13:58","slug":"t3-video-cl","status":"publish","type":"page","link":"https:\/\/projets.ex-situ.info\/fabrique20\/theme-3\/t3-video-cl\/","title":{"rendered":"Vid\u00e9o 2 \u2013 Cl\u00e9ment Laberge, sur la diffusion des contenus num\u00e9riques"},"content":{"rendered":"\n<p>Entretien vid\u00e9o avec le consultant en culture et num\u00e9rique, Cl\u00e9ment Laberge.<\/p>\n\n\n\n<figure class=\"wp-block-video\"><video controls src=\"https:\/\/projets.ex-situ.info\/fabrique20\/wp-content\/uploads\/sites\/2\/2020\/08\/T3-CL.mp4\"><\/video><\/figure>\n","protected":false},"excerpt":{"rendered":"<p>Entretien vid\u00e9o avec le consultant en culture et num\u00e9rique, Cl\u00e9ment Laberge.<\/p>\n","protected":false},"author":2,"featured_media":0,"parent":219,"menu_order":2,"comment_status":"closed","ping_status":"closed","template":"","meta":{"footnotes":""},"class_list":["post-369","page","type-page","status-publish"],"_links":{"self":[{"href":"https:\/\/projets.ex-situ.info\/fabrique20\/wp-json\/wp\/v2\/pages\/369","targetHints":{"allow":["GET"]}}],"collection":[{"href":"https:\/\/projets.ex-situ.info\/fabrique20\/wp-json\/wp\/v2\/pages"}],"about":[{"href":"https:\/\/projets.ex-situ.info\/fabrique20\/wp-json\/wp\/v2\/types\/page"}],"author":[{"embeddable":true,"href":"https:\/\/projets.ex-situ.info\/fabrique20\/wp-json\/wp\/v2\/users\/2"}],"replies":[{"embeddable":true,"href":"https:\/\/projets.ex-situ.info\/fabrique20\/wp-json\/wp\/v2\/comments?post=369"}],"version-history":[{"count":2,"href":"https:\/\/projets.ex-situ.info\/fabrique20\/wp-json\/wp\/v2\/pages\/369\/revisions"}],"predecessor-version":[{"id":382,"href":"https:\/\/projets.ex-situ.info\/fabrique20\/wp-json\/wp\/v2\/pages\/369\/revisions\/382"}],"up":[{"embeddable":true,"href":"https:\/\/projets.ex-situ.info\/fabrique20\/wp-json\/wp\/v2\/pages\/219"}],"wp:attachment":[{"href":"https:\/\/projets.ex-situ.info\/fabrique20\/wp-json\/wp\/v2\/media?parent=369"}],"curies":[{"name":"wp","href":"https:\/\/api.w.org\/{rel}","templated":true}]}}