{"id":348,"date":"2020-09-02T08:01:10","date_gmt":"2020-09-02T12:01:10","guid":{"rendered":"https:\/\/projets.ex-situ.info\/fabrique20\/?page_id=348"},"modified":"2020-09-20T20:13:49","modified_gmt":"2020-09-21T00:13:49","slug":"t2-video-cf","status":"publish","type":"page","link":"https:\/\/projets.ex-situ.info\/fabrique20\/theme-2\/t2-video-cf\/","title":{"rendered":"Vid\u00e9o 4 \u2013 Caroline Fortin, sur Le corps humain virtuel"},"content":{"rendered":"\n<h2 class=\"wp-block-heading\">Entretien vid\u00e9o avec Caroline Fortin, vice-pr\u00e9sidente du groupe Qu\u00e9bec Am\u00e9rique, \u00e0 propos du projet <em><a href=\"https:\/\/www.quebec-amerique.com\/corpshumainvirtuel\">Le corps humain virtuel<\/a>.<\/em><\/h2>\n\n\n\n<figure class=\"wp-block-video\"><video controls src=\"https:\/\/projets.ex-situ.info\/fabrique20\/wp-content\/uploads\/sites\/2\/2020\/08\/T2-CF.mp4\"><\/video><\/figure>\n","protected":false},"excerpt":{"rendered":"<p>Entretien vid\u00e9o avec Caroline Fortin, vice-pr\u00e9sidente du groupe Qu\u00e9bec Am\u00e9rique, \u00e0 propos du projet Le corps humain virtuel.<\/p>\n","protected":false},"author":2,"featured_media":0,"parent":205,"menu_order":4,"comment_status":"closed","ping_status":"closed","template":"","meta":{"footnotes":""},"class_list":["post-348","page","type-page","status-publish"],"_links":{"self":[{"href":"https:\/\/projets.ex-situ.info\/fabrique20\/wp-json\/wp\/v2\/pages\/348","targetHints":{"allow":["GET"]}}],"collection":[{"href":"https:\/\/projets.ex-situ.info\/fabrique20\/wp-json\/wp\/v2\/pages"}],"about":[{"href":"https:\/\/projets.ex-situ.info\/fabrique20\/wp-json\/wp\/v2\/types\/page"}],"author":[{"embeddable":true,"href":"https:\/\/projets.ex-situ.info\/fabrique20\/wp-json\/wp\/v2\/users\/2"}],"replies":[{"embeddable":true,"href":"https:\/\/projets.ex-situ.info\/fabrique20\/wp-json\/wp\/v2\/comments?post=348"}],"version-history":[{"count":2,"href":"https:\/\/projets.ex-situ.info\/fabrique20\/wp-json\/wp\/v2\/pages\/348\/revisions"}],"predecessor-version":[{"id":351,"href":"https:\/\/projets.ex-situ.info\/fabrique20\/wp-json\/wp\/v2\/pages\/348\/revisions\/351"}],"up":[{"embeddable":true,"href":"https:\/\/projets.ex-situ.info\/fabrique20\/wp-json\/wp\/v2\/pages\/205"}],"wp:attachment":[{"href":"https:\/\/projets.ex-situ.info\/fabrique20\/wp-json\/wp\/v2\/media?parent=348"}],"curies":[{"name":"wp","href":"https:\/\/api.w.org\/{rel}","templated":true}]}}