{"id":262,"date":"2020-08-26T14:48:28","date_gmt":"2020-08-26T18:48:28","guid":{"rendered":"https:\/\/projets.ex-situ.info\/fabrique20\/?page_id=262"},"modified":"2020-09-20T20:13:45","modified_gmt":"2020-09-21T00:13:45","slug":"t2-video-jl","status":"publish","type":"page","link":"https:\/\/projets.ex-situ.info\/fabrique20\/theme-2\/t2-video-jl\/","title":{"rendered":"Vid\u00e9o 3 \u2013 Judith Landry sur Distorsion"},"content":{"rendered":"\n<h2 class=\"wp-block-heading\">Entretien vid\u00e9o avec Judith Landry, directrice g\u00e9n\u00e9rale des \u00c9ditions de l&rsquo;Homme, \u00e0 propos du projet <em>Distorsion<\/em><\/h2>\n\n\n\n<figure class=\"wp-block-video\"><video controls src=\"https:\/\/projets.ex-situ.info\/fabrique20\/wp-content\/uploads\/sites\/2\/2020\/08\/T2-JL.mp4\"><\/video><\/figure>\n\n\n\n<p><a href=\"https:\/\/distorsionpodcast.com\">Acc\u00e8s \u00e0 la baladodiffusion <em>Distorsion<\/em><\/a>.<\/p>\n\n\n\n<p>Couverture du livre :<\/p>\n\n\n\n<figure class=\"wp-block-image size-medium\"><a href=\"https:\/\/projets.ex-situ.info\/fabrique20\/wp-content\/uploads\/sites\/2\/2020\/08\/Distorsion.jpg\" target=\"_blank\" rel=\"noopener noreferrer\"><img loading=\"lazy\" decoding=\"async\" width=\"200\" height=\"300\" src=\"https:\/\/projets.ex-situ.info\/fabrique20\/wp-content\/uploads\/sites\/2\/2020\/08\/Distorsion-200x300.jpg\" alt=\"couverture Distorsion\" class=\"wp-image-263\" srcset=\"https:\/\/projets.ex-situ.info\/fabrique20\/wp-content\/uploads\/sites\/2\/2020\/08\/Distorsion-200x300.jpg 200w, https:\/\/projets.ex-situ.info\/fabrique20\/wp-content\/uploads\/sites\/2\/2020\/08\/Distorsion-683x1024.jpg 683w, https:\/\/projets.ex-situ.info\/fabrique20\/wp-content\/uploads\/sites\/2\/2020\/08\/Distorsion-768x1151.jpg 768w, https:\/\/projets.ex-situ.info\/fabrique20\/wp-content\/uploads\/sites\/2\/2020\/08\/Distorsion.jpg 800w\" sizes=\"auto, (max-width: 200px) 100vw, 200px\" \/><\/a><\/figure>\n","protected":false},"excerpt":{"rendered":"<p>Entretien vid\u00e9o avec Judith Landry, directrice g\u00e9n\u00e9rale des \u00c9ditions de l&rsquo;Homme, \u00e0 propos du projet Distorsion Acc\u00e8s \u00e0 la baladodiffusion Distorsion. Couverture du livre :<\/p>\n","protected":false},"author":2,"featured_media":0,"parent":205,"menu_order":3,"comment_status":"closed","ping_status":"closed","template":"","meta":{"footnotes":""},"class_list":["post-262","page","type-page","status-publish"],"_links":{"self":[{"href":"https:\/\/projets.ex-situ.info\/fabrique20\/wp-json\/wp\/v2\/pages\/262","targetHints":{"allow":["GET"]}}],"collection":[{"href":"https:\/\/projets.ex-situ.info\/fabrique20\/wp-json\/wp\/v2\/pages"}],"about":[{"href":"https:\/\/projets.ex-situ.info\/fabrique20\/wp-json\/wp\/v2\/types\/page"}],"author":[{"embeddable":true,"href":"https:\/\/projets.ex-situ.info\/fabrique20\/wp-json\/wp\/v2\/users\/2"}],"replies":[{"embeddable":true,"href":"https:\/\/projets.ex-situ.info\/fabrique20\/wp-json\/wp\/v2\/comments?post=262"}],"version-history":[{"count":6,"href":"https:\/\/projets.ex-situ.info\/fabrique20\/wp-json\/wp\/v2\/pages\/262\/revisions"}],"predecessor-version":[{"id":350,"href":"https:\/\/projets.ex-situ.info\/fabrique20\/wp-json\/wp\/v2\/pages\/262\/revisions\/350"}],"up":[{"embeddable":true,"href":"https:\/\/projets.ex-situ.info\/fabrique20\/wp-json\/wp\/v2\/pages\/205"}],"wp:attachment":[{"href":"https:\/\/projets.ex-situ.info\/fabrique20\/wp-json\/wp\/v2\/media?parent=262"}],"curies":[{"name":"wp","href":"https:\/\/api.w.org\/{rel}","templated":true}]}}