{"id":254,"date":"2020-08-27T07:00:00","date_gmt":"2020-08-27T11:00:00","guid":{"rendered":"https:\/\/projets.ex-situ.info\/fabrique20\/?page_id=254"},"modified":"2020-09-20T20:13:17","modified_gmt":"2020-09-21T00:13:17","slug":"t1-video-mv","status":"publish","type":"page","link":"https:\/\/projets.ex-situ.info\/fabrique20\/theme-1\/t1-video-mv\/","title":{"rendered":"Vid\u00e9o 3 \u2013 Maude Veilleux, sur frankie et alex"},"content":{"rendered":"\n<h2 class=\"wp-block-heading\">\u00c0 propos du roman web <em>frankie et alex \u2013 black lake \u2013 super now<\/em><\/h2>\n\n\n\n<figure class=\"wp-block-video\"><video controls src=\"https:\/\/projets.ex-situ.info\/fabrique20\/wp-content\/uploads\/sites\/2\/2020\/08\/T1-MV.mp4\"><\/video><\/figure>\n\n\n\n<p>Dans cette vid\u00e9o, l&rsquo;\u00e9crivaine <a href=\"https:\/\/opuscules.ca\/article-auteur?article=168885\">Maude Veilleux<\/a> pr\u00e9sente la d\u00e9marche derri\u00e8re le&nbsp;<a rel=\"noreferrer noopener\" href=\"http:\/\/maudeveilleux.com\/\" target=\"_blank\">roman web<\/a>&nbsp;qu&rsquo;elle a lanc\u00e9 en 2018. Enti\u00e8rement con\u00e7u, cr\u00e9\u00e9, cod\u00e9, produit et diffus\u00e9 par l&rsquo;autrice,&nbsp;\u00ab&nbsp;exp\u00e9rience ayant peu ou pas de pr\u00e9c\u00e9dent au Qu\u00e9bec,&nbsp;<em>frankie et alex \u2013 black lake \u2013 super now&nbsp;<\/em>contrecarre, avec ses multiples avenues \u00e0 emprunter, la possibilit\u00e9 m\u00eame d\u2019une lecture lin\u00e9aire&nbsp;\u00bb, peut-on lire dans&nbsp;<a rel=\"noreferrer noopener\" href=\"https:\/\/www.ledevoir.com\/lire\/518547\/pour-maude-veilleux-le-bonheur-est-dans-l-ordinateur\" target=\"_blank\"><em>Le Devoir<\/em>.<\/a> Rayonnant \u00e0 travers les m\u00e9dias sociaux o\u00f9 les personnages ont des comptes, le projet a fait parler de lui dans les m\u00e9dias (Kevin Lambert en parle <a href=\"https:\/\/ici.radio-canada.ca\/premiere\/emissions\/on-dira-ce-qu-on-voudra\/episodes\/399007\/audio-fil-du-mardi-23-janvier-2018\">ici<\/a>) et dans le milieu acad\u00e9mique (fiche critique du projet <a href=\"http:\/\/nt2.uqam.ca\/fr\/repertoire\/frankie-et-alex-black-lake-super-now\">ici<\/a>).<\/p>\n","protected":false},"excerpt":{"rendered":"<p>\u00c0 propos du roman web frankie et alex \u2013 black lake \u2013 super now Dans cette vid\u00e9o, l&rsquo;\u00e9crivaine Maude Veilleux pr\u00e9sente la d\u00e9marche derri\u00e8re le&nbsp;roman web&nbsp;qu&rsquo;elle a lanc\u00e9 en 2018. Enti\u00e8rement con\u00e7u, cr\u00e9\u00e9, cod\u00e9, produit et diffus\u00e9 par l&rsquo;autrice,&nbsp;\u00ab&nbsp;exp\u00e9rience ayant peu ou pas de pr\u00e9c\u00e9dent au Qu\u00e9bec,&nbsp;frankie et alex \u2013 black lake \u2013 super now&nbsp;contrecarre, &#8230; <a title=\"Vid\u00e9o 3 \u2013 Maude Veilleux, sur frankie et alex\" class=\"read-more\" href=\"https:\/\/projets.ex-situ.info\/fabrique20\/theme-1\/t1-video-mv\/\" aria-label=\"En savoir plus sur Vid\u00e9o 3 \u2013 Maude Veilleux, sur frankie et alex\">Lire la suite<\/a><\/p>\n","protected":false},"author":2,"featured_media":0,"parent":13,"menu_order":3,"comment_status":"closed","ping_status":"closed","template":"","meta":{"footnotes":""},"class_list":["post-254","page","type-page","status-publish"],"_links":{"self":[{"href":"https:\/\/projets.ex-situ.info\/fabrique20\/wp-json\/wp\/v2\/pages\/254","targetHints":{"allow":["GET"]}}],"collection":[{"href":"https:\/\/projets.ex-situ.info\/fabrique20\/wp-json\/wp\/v2\/pages"}],"about":[{"href":"https:\/\/projets.ex-situ.info\/fabrique20\/wp-json\/wp\/v2\/types\/page"}],"author":[{"embeddable":true,"href":"https:\/\/projets.ex-situ.info\/fabrique20\/wp-json\/wp\/v2\/users\/2"}],"replies":[{"embeddable":true,"href":"https:\/\/projets.ex-situ.info\/fabrique20\/wp-json\/wp\/v2\/comments?post=254"}],"version-history":[{"count":3,"href":"https:\/\/projets.ex-situ.info\/fabrique20\/wp-json\/wp\/v2\/pages\/254\/revisions"}],"predecessor-version":[{"id":261,"href":"https:\/\/projets.ex-situ.info\/fabrique20\/wp-json\/wp\/v2\/pages\/254\/revisions\/261"}],"up":[{"embeddable":true,"href":"https:\/\/projets.ex-situ.info\/fabrique20\/wp-json\/wp\/v2\/pages\/13"}],"wp:attachment":[{"href":"https:\/\/projets.ex-situ.info\/fabrique20\/wp-json\/wp\/v2\/media?parent=254"}],"curies":[{"name":"wp","href":"https:\/\/api.w.org\/{rel}","templated":true}]}}