{"id":249,"date":"2020-08-27T07:00:00","date_gmt":"2020-08-27T11:00:00","guid":{"rendered":"https:\/\/projets.ex-situ.info\/fabrique20\/?page_id=249"},"modified":"2020-09-20T20:13:13","modified_gmt":"2020-09-21T00:13:13","slug":"t1-video-pl","status":"publish","type":"page","link":"https:\/\/projets.ex-situ.info\/fabrique20\/theme-1\/t1-video-pl\/","title":{"rendered":"Vid\u00e9o 2 \u2013 Prune Lieutier, sur Oh\u00e9 !, projet d&rsquo;affiches amplifi\u00e9es"},"content":{"rendered":"\n<p>Pr\u00e9sentation de <a href=\"https:\/\/lqm.uqam.ca\/fr\/membre\/prune-lieutier\">Prune Lieutier<\/a> \u00e0 propos d&rsquo;un projet, actuellement en production, d&rsquo;affiches amplifi\u00e9es.<\/p>\n\n\n\n<p><em>Oh\u00e9 ! Affiches amplifi\u00e9es est un projet jeunesse novateur associant affiches illustr\u00e9es et audio interactif. En lisant \u00e0 voix haute des mots inscrits sur l\u2019affiche, gr\u00e2ce \u00e0 la reconnaissance vocale et via une application d\u00e9di\u00e9e, les jeunes utilisateurs d\u00e9couvrent de riches univers sonores et participent \u00e0 des qu\u00eates interactives<\/em>.<\/p>\n\n\n\n<figure class=\"wp-block-video\"><video controls src=\"https:\/\/projets.ex-situ.info\/fabrique20\/wp-content\/uploads\/sites\/2\/2020\/08\/T1-PL.mp4\"><\/video><\/figure>\n","protected":false},"excerpt":{"rendered":"<p>Pr\u00e9sentation de Prune Lieutier \u00e0 propos d&rsquo;un projet, actuellement en production, d&rsquo;affiches amplifi\u00e9es. Oh\u00e9 ! Affiches amplifi\u00e9es est un projet jeunesse novateur associant affiches illustr\u00e9es et audio interactif. En lisant \u00e0 voix haute des mots inscrits sur l\u2019affiche, gr\u00e2ce \u00e0 la reconnaissance vocale et via une application d\u00e9di\u00e9e, les jeunes utilisateurs d\u00e9couvrent de riches univers &#8230; <a title=\"Vid\u00e9o 2 \u2013 Prune Lieutier, sur Oh\u00e9 !, projet d&rsquo;affiches amplifi\u00e9es\" class=\"read-more\" href=\"https:\/\/projets.ex-situ.info\/fabrique20\/theme-1\/t1-video-pl\/\" aria-label=\"En savoir plus sur Vid\u00e9o 2 \u2013 Prune Lieutier, sur Oh\u00e9 !, projet d&rsquo;affiches amplifi\u00e9es\">Lire la suite<\/a><\/p>\n","protected":false},"author":2,"featured_media":0,"parent":13,"menu_order":2,"comment_status":"closed","ping_status":"closed","template":"","meta":{"footnotes":""},"class_list":["post-249","page","type-page","status-publish"],"_links":{"self":[{"href":"https:\/\/projets.ex-situ.info\/fabrique20\/wp-json\/wp\/v2\/pages\/249","targetHints":{"allow":["GET"]}}],"collection":[{"href":"https:\/\/projets.ex-situ.info\/fabrique20\/wp-json\/wp\/v2\/pages"}],"about":[{"href":"https:\/\/projets.ex-situ.info\/fabrique20\/wp-json\/wp\/v2\/types\/page"}],"author":[{"embeddable":true,"href":"https:\/\/projets.ex-situ.info\/fabrique20\/wp-json\/wp\/v2\/users\/2"}],"replies":[{"embeddable":true,"href":"https:\/\/projets.ex-situ.info\/fabrique20\/wp-json\/wp\/v2\/comments?post=249"}],"version-history":[{"count":6,"href":"https:\/\/projets.ex-situ.info\/fabrique20\/wp-json\/wp\/v2\/pages\/249\/revisions"}],"predecessor-version":[{"id":338,"href":"https:\/\/projets.ex-situ.info\/fabrique20\/wp-json\/wp\/v2\/pages\/249\/revisions\/338"}],"up":[{"embeddable":true,"href":"https:\/\/projets.ex-situ.info\/fabrique20\/wp-json\/wp\/v2\/pages\/13"}],"wp:attachment":[{"href":"https:\/\/projets.ex-situ.info\/fabrique20\/wp-json\/wp\/v2\/media?parent=249"}],"curies":[{"name":"wp","href":"https:\/\/api.w.org\/{rel}","templated":true}]}}