{"id":219,"date":"2020-08-24T13:28:08","date_gmt":"2020-08-24T17:28:08","guid":{"rendered":"https:\/\/projets.ex-situ.info\/fabrique20\/?page_id=219"},"modified":"2020-09-20T20:14:09","modified_gmt":"2020-09-21T00:14:09","slug":"theme-3","status":"publish","type":"page","link":"https:\/\/projets.ex-situ.info\/fabrique20\/theme-3\/","title":{"rendered":"Th\u00e8me 3"},"content":{"rendered":"\n<h2 class=\"wp-block-heading\">Modes de circulation et de commercialisation<\/h2>\n\n\n\n<p>Dans ce troisi\u00e8me th\u00e8me, nous cherchons \u00e0 interroger l\u2019intervalle qui existe entre la production d\u2019un ouvrage num\u00e9rique et sa transaction \u00e9ventuelle. Comment peut-on arriver \u00e0 faire circuler des \u0153uvres qui ne sont pas les pdf et epub typiques (qui n\u2019entrent pas n\u00e9cessairement dans les canaux existants) ? Comment rentabilise-t-on les investissements pour des d\u00e9veloppements logiciels, pour des plateformes, pour de nouveaux mod\u00e8les ?&nbsp;<\/p>\n\n\n\n<p><img loading=\"lazy\" decoding=\"async\" width=\"512\" height=\"512\" class=\"wp-image-7\" style=\"width: 70px; float:left; margin-top:20px; padding-right:15px; padding-bottom:30px;\" src=\"https:\/\/projets.ex-situ.info\/fabrique20\/wp-content\/uploads\/sites\/2\/2020\/07\/favicon.png\" alt=\"logo\" srcset=\"https:\/\/projets.ex-situ.info\/fabrique20\/wp-content\/uploads\/sites\/2\/2020\/07\/favicon.png 512w, https:\/\/projets.ex-situ.info\/fabrique20\/wp-content\/uploads\/sites\/2\/2020\/07\/favicon-300x300.png 300w, https:\/\/projets.ex-situ.info\/fabrique20\/wp-content\/uploads\/sites\/2\/2020\/07\/favicon-150x150.png 150w\" sizes=\"auto, (max-width: 512px) 100vw, 512px\" \/>Mais, aussi, comment passer d\u2019un d\u00e9veloppement idiosyncrasique (pour un projet donn\u00e9) \u00e0 une rentabilisation de ce d\u00e9veloppement, sur le principe de la mise en place de plateformes de cr\u00e9ation (qui permettraient \u00e0 un financement d\u2019avoir un impact \u00e0 moyen\/long terme) ou de commercialisation (celle de la plateforme, celle de la propri\u00e9t\u00e9 intellectuelle li\u00e9e \u00e0 une \u0153uvre) ? Plus largement, nous cherchons, par ces \u00e9changes, \u00e0 identifier des moyens qui permettent que les efforts consentis (en temps humain, en financement) soient rentabilis\u00e9s apr\u00e8s leur engagement dans un projet initial.<\/p>\n\n\n\n<p>Pour cette derni\u00e8re th\u00e9matique, quatre (longues) capsules vous sont propos\u00e9es, explorant des zones tr\u00e8s diff\u00e9rentes et ouvrant sur des enjeux vari\u00e9s :<\/p>\n\n\n\n<ul class=\"wp-block-list\"><li><a href=\"https:\/\/projets.ex-situ.info\/fabrique20\/theme-3\/t3-video-cgl\/\" data-type=\"page\" data-id=\"344\">Entretien avec Catherine Gosselin-Lavoie<\/a> (Universit\u00e9 de Montr\u00e9al), sur le projet \u00c9lodil, un outil d&rsquo;enseignement pour les enfants en contexte plurilingue bas\u00e9 sur des ouvrages de litt\u00e9rature jeunesse<\/li><li><a href=\"https:\/\/projets.ex-situ.info\/fabrique20\/theme-3\/t3-video-cl\/\" data-type=\"page\" data-id=\"369\">Entretien avec Cl\u00e9ment Laberge<\/a> (consultant ind\u00e9pendant), sur la diffusion et la n\u00e9cessit\u00e9 d&rsquo;un langage descriptif uniforme<\/li><li><a href=\"https:\/\/projets.ex-situ.info\/fabrique20\/theme-3\/t3-video-ep\/\" data-type=\"page\" data-id=\"375\">Entretien avec \u00c9milie Paquin<\/a> (\u00c9rudit), sur la diffusion de l&rsquo;\u00e9dition savante, l&rsquo;enjeu du libre acc\u00e8s et l&rsquo;id\u00e9e d&rsquo;un financement soutenu par la communaut\u00e9<\/li><li><a href=\"https:\/\/projets.ex-situ.info\/fabrique20\/theme-3\/t3-video-sf\/\" data-type=\"page\" data-id=\"377\">Entretien avec Sandra Felteau<\/a> (Groupe HMH), sur les droits \u00e9trangers pour la litt\u00e9rature audio. <\/li><\/ul>\n\n\n\n<p><\/p>\n","protected":false},"excerpt":{"rendered":"<p>Modes de circulation et de commercialisation Dans ce troisi\u00e8me th\u00e8me, nous cherchons \u00e0 interroger l\u2019intervalle qui existe entre la production d\u2019un ouvrage num\u00e9rique et sa transaction \u00e9ventuelle. Comment peut-on arriver \u00e0 faire circuler des \u0153uvres qui ne sont pas les pdf et epub typiques (qui n\u2019entrent pas n\u00e9cessairement dans les canaux existants) ? Comment rentabilise-t-on &#8230; <a title=\"Th\u00e8me 3\" class=\"read-more\" href=\"https:\/\/projets.ex-situ.info\/fabrique20\/theme-3\/\" aria-label=\"En savoir plus sur Th\u00e8me 3\">Lire la suite<\/a><\/p>\n","protected":false},"author":2,"featured_media":0,"parent":0,"menu_order":4,"comment_status":"closed","ping_status":"closed","template":"","meta":{"footnotes":""},"class_list":["post-219","page","type-page","status-publish"],"_links":{"self":[{"href":"https:\/\/projets.ex-situ.info\/fabrique20\/wp-json\/wp\/v2\/pages\/219","targetHints":{"allow":["GET"]}}],"collection":[{"href":"https:\/\/projets.ex-situ.info\/fabrique20\/wp-json\/wp\/v2\/pages"}],"about":[{"href":"https:\/\/projets.ex-situ.info\/fabrique20\/wp-json\/wp\/v2\/types\/page"}],"author":[{"embeddable":true,"href":"https:\/\/projets.ex-situ.info\/fabrique20\/wp-json\/wp\/v2\/users\/2"}],"replies":[{"embeddable":true,"href":"https:\/\/projets.ex-situ.info\/fabrique20\/wp-json\/wp\/v2\/comments?post=219"}],"version-history":[{"count":6,"href":"https:\/\/projets.ex-situ.info\/fabrique20\/wp-json\/wp\/v2\/pages\/219\/revisions"}],"predecessor-version":[{"id":394,"href":"https:\/\/projets.ex-situ.info\/fabrique20\/wp-json\/wp\/v2\/pages\/219\/revisions\/394"}],"wp:attachment":[{"href":"https:\/\/projets.ex-situ.info\/fabrique20\/wp-json\/wp\/v2\/media?parent=219"}],"curies":[{"name":"wp","href":"https:\/\/api.w.org\/{rel}","templated":true}]}}