{"id":216,"date":"2020-08-24T10:19:48","date_gmt":"2020-08-24T14:19:48","guid":{"rendered":"https:\/\/projets.ex-situ.info\/fabrique20\/?page_id=216"},"modified":"2020-09-20T20:13:42","modified_gmt":"2020-09-21T00:13:42","slug":"t2-video-um-mcb","status":"publish","type":"page","link":"https:\/\/projets.ex-situ.info\/fabrique20\/theme-2\/t2-video-um-mcb\/","title":{"rendered":"Vid\u00e9o 2 \u2013 Ugo Monticone et Myriam Caron Belzile"},"content":{"rendered":"\n<h2 class=\"wp-block-heading\">Trac\u00e9s de voyage<\/h2>\n\n\n\n<p>Pr\u00e9sentation conjointe, par Ugo Monticone et Myriam Caron Belzile, des projets de livres num\u00e9riques augment\u00e9s r\u00e9alis\u00e9s avec les \u00c9ditions XYZ.<\/p>\n\n\n\n<figure class=\"wp-block-video\"><video controls src=\"https:\/\/projets.ex-situ.info\/fabrique20\/wp-content\/uploads\/sites\/2\/2020\/08\/T2-UM-MCB.mp4\"><\/video><\/figure>\n\n\n\n<p><a href=\"https:\/\/www.ogu.ca\/\">Site web d&rsquo;Ugo Monticone<\/a><br><a href=\"https:\/\/editionsxyz.com\/\">\u00c9ditions XYZ<\/a><br><a href=\"https:\/\/www.misspixels.com\/\">Site de MissPixels<\/a> (illlustrations et animations)<\/p>\n","protected":false},"excerpt":{"rendered":"<p>Trac\u00e9s de voyage Pr\u00e9sentation conjointe, par Ugo Monticone et Myriam Caron Belzile, des projets de livres num\u00e9riques augment\u00e9s r\u00e9alis\u00e9s avec les \u00c9ditions XYZ. Site web d&rsquo;Ugo Monticone\u00c9ditions XYZSite de MissPixels (illlustrations et animations)<\/p>\n","protected":false},"author":2,"featured_media":0,"parent":205,"menu_order":2,"comment_status":"closed","ping_status":"closed","template":"","meta":{"footnotes":""},"class_list":["post-216","page","type-page","status-publish"],"_links":{"self":[{"href":"https:\/\/projets.ex-situ.info\/fabrique20\/wp-json\/wp\/v2\/pages\/216","targetHints":{"allow":["GET"]}}],"collection":[{"href":"https:\/\/projets.ex-situ.info\/fabrique20\/wp-json\/wp\/v2\/pages"}],"about":[{"href":"https:\/\/projets.ex-situ.info\/fabrique20\/wp-json\/wp\/v2\/types\/page"}],"author":[{"embeddable":true,"href":"https:\/\/projets.ex-situ.info\/fabrique20\/wp-json\/wp\/v2\/users\/2"}],"replies":[{"embeddable":true,"href":"https:\/\/projets.ex-situ.info\/fabrique20\/wp-json\/wp\/v2\/comments?post=216"}],"version-history":[{"count":4,"href":"https:\/\/projets.ex-situ.info\/fabrique20\/wp-json\/wp\/v2\/pages\/216\/revisions"}],"predecessor-version":[{"id":368,"href":"https:\/\/projets.ex-situ.info\/fabrique20\/wp-json\/wp\/v2\/pages\/216\/revisions\/368"}],"up":[{"embeddable":true,"href":"https:\/\/projets.ex-situ.info\/fabrique20\/wp-json\/wp\/v2\/pages\/205"}],"wp:attachment":[{"href":"https:\/\/projets.ex-situ.info\/fabrique20\/wp-json\/wp\/v2\/media?parent=216"}],"curies":[{"name":"wp","href":"https:\/\/api.w.org\/{rel}","templated":true}]}}