{"id":214,"date":"2020-08-24T10:15:49","date_gmt":"2020-08-24T14:15:49","guid":{"rendered":"https:\/\/projets.ex-situ.info\/fabrique20\/?page_id=214"},"modified":"2020-09-20T20:13:39","modified_gmt":"2020-09-21T00:13:39","slug":"t2-video-vf","status":"publish","type":"page","link":"https:\/\/projets.ex-situ.info\/fabrique20\/theme-2\/t2-video-vf\/","title":{"rendered":"Vid\u00e9o 1 \u2013 V\u00e9ronique Fontaine et la Bo\u00eete \u00e0 pitons"},"content":{"rendered":"\n<h2 class=\"wp-block-heading\">\u00ab L&rsquo;innovation \u00e0 t\u00e2tons : une fausse bonne id\u00e9e de structure \u00bb<\/h2>\n\n\n\n<p>Entretien vid\u00e9o r\u00e9alis\u00e9 avec V\u00e9ronique Fontaine, directrice des \u00c9ditions Fonfon, \u00e0 propos de la mise en place de la Bo\u00eete \u00e0 pitons, en marge des \u00c9ditions Fonfon.<\/p>\n\n\n\n<figure class=\"wp-block-video\"><video controls src=\"https:\/\/projets.ex-situ.info\/fabrique20\/wp-content\/uploads\/sites\/2\/2020\/08\/T2-VF.mp4\"><\/video><\/figure>\n","protected":false},"excerpt":{"rendered":"<p>\u00ab L&rsquo;innovation \u00e0 t\u00e2tons : une fausse bonne id\u00e9e de structure \u00bb Entretien vid\u00e9o r\u00e9alis\u00e9 avec V\u00e9ronique Fontaine, directrice des \u00c9ditions Fonfon, \u00e0 propos de la mise en place de la Bo\u00eete \u00e0 pitons, en marge des \u00c9ditions Fonfon.<\/p>\n","protected":false},"author":2,"featured_media":0,"parent":205,"menu_order":1,"comment_status":"closed","ping_status":"closed","template":"","meta":{"footnotes":""},"class_list":["post-214","page","type-page","status-publish"],"_links":{"self":[{"href":"https:\/\/projets.ex-situ.info\/fabrique20\/wp-json\/wp\/v2\/pages\/214","targetHints":{"allow":["GET"]}}],"collection":[{"href":"https:\/\/projets.ex-situ.info\/fabrique20\/wp-json\/wp\/v2\/pages"}],"about":[{"href":"https:\/\/projets.ex-situ.info\/fabrique20\/wp-json\/wp\/v2\/types\/page"}],"author":[{"embeddable":true,"href":"https:\/\/projets.ex-situ.info\/fabrique20\/wp-json\/wp\/v2\/users\/2"}],"replies":[{"embeddable":true,"href":"https:\/\/projets.ex-situ.info\/fabrique20\/wp-json\/wp\/v2\/comments?post=214"}],"version-history":[{"count":2,"href":"https:\/\/projets.ex-situ.info\/fabrique20\/wp-json\/wp\/v2\/pages\/214\/revisions"}],"predecessor-version":[{"id":353,"href":"https:\/\/projets.ex-situ.info\/fabrique20\/wp-json\/wp\/v2\/pages\/214\/revisions\/353"}],"up":[{"embeddable":true,"href":"https:\/\/projets.ex-situ.info\/fabrique20\/wp-json\/wp\/v2\/pages\/205"}],"wp:attachment":[{"href":"https:\/\/projets.ex-situ.info\/fabrique20\/wp-json\/wp\/v2\/media?parent=214"}],"curies":[{"name":"wp","href":"https:\/\/api.w.org\/{rel}","templated":true}]}}