{"id":205,"date":"2020-08-22T21:02:16","date_gmt":"2020-08-23T01:02:16","guid":{"rendered":"https:\/\/projets.ex-situ.info\/fabrique20\/?page_id=205"},"modified":"2020-09-20T20:13:35","modified_gmt":"2020-09-21T00:13:35","slug":"theme-2","status":"publish","type":"page","link":"https:\/\/projets.ex-situ.info\/fabrique20\/theme-2\/","title":{"rendered":"Th\u00e8me 2"},"content":{"rendered":"\n<h2 class=\"wp-block-heading\">Structures, \u00e9quipes et mod\u00e8les organisationnels<\/h2>\n\n\n\n<p>La production d\u2019ouvrages num\u00e9riques appelle plus que jamais une transformation du mod\u00e8le classique de l\u2019\u00e9quipe \u00e9ditoriale. Int\u00e9grer des d\u00e9veloppements technologiques dans les processus \u00e9ditoriaux est un d\u00e9fi ! Des sp\u00e9cialistes de diverses technologies sont souvent n\u00e9cessaires, avec des comp\u00e9tences tr\u00e8s pr\u00e9cises. Des graphistes au fait des usages et possibilit\u00e9s en contexte num\u00e9rique ou sur le web sont \u00e0 privil\u00e9gier. Des mod\u00e8les de circulation des livres num\u00e9riques exigent une connaissance fine de consid\u00e9rations techniques, conceptuelles (les m\u00e9tadonn\u00e9es&#8230;) et \u00e9conomiques.<\/p>\n\n\n\n<p>Comment ins\u00e9rer une cellule d\u2019innovation \u00e9ditoriale dans une entreprise d\u00e9j\u00e0 constitu\u00e9e ? Comment se structurent des exemples de conglom\u00e9rats d\u2019affaires autour de projets num\u00e9riques sp\u00e9cifiques (mod\u00e8les verticaux, mod\u00e8les horizontaux\/participatifs) ? Comment g\u00e9rer les \u00e9quipes multidisciplinaires de cr\u00e9ation\/production ? Comment profiter de financements ponctuels pour \u00e9laborer des projets atypiques de la production habituelle d\u2019un \u00e9diteur ?<\/p>\n\n\n\n<p>Est-il possible de s&rsquo;inspirer des solutions imagin\u00e9es jusqu&rsquo;\u00e0 maintenant ? Quatre capsules peuvent \u00eatre visionn\u00e9es, o\u00f9 diff\u00e9rents aspects de ce travail en \u00e9quipes multidisciplinaires sont abord\u00e9s :<\/p>\n\n\n\n<ul class=\"wp-block-list\"><li><a href=\"https:\/\/projets.ex-situ.info\/fabrique20\/theme-2\/t2-video-vf\/\">L\u2019innovation \u00e0 t\u00e2tons : une fausse bonne id\u00e9e de structure<\/a> (entretien avec V\u00e9ronique Fontaine sur l&rsquo;aventure de la Bo\u00eete \u00e0 pitons)<\/li><li><a href=\"https:\/\/projets.ex-situ.info\/fabrique20\/theme-2\/t2-video-um-mcb\">Trac\u00e9s de voyage<\/a> (discussion entre Ugo Monticone et Myriam Caron Belzile sur les livres num\u00e9riques augment\u00e9s de Monticone chez XYZ)<\/li><li><a href=\"https:\/\/projets.ex-situ.info\/fabrique20\/t2-video-jl\">\u00c0 propos de <em>Distorsion<\/em><\/a> (entretien r\u00e9alis\u00e9 avec Judith Landry sur la baladodiffusion <em>Distorsion<\/em>)<\/li><li><a href=\"https:\/\/projets.ex-situ.info\/fabrique20\/theme-2\/t2-video-cf\">Sur <em>Le corps humain virtuel<\/em><\/a><em> <\/em>(entretien r\u00e9alis\u00e9 avec Caroline Fortin sur le projet <em>Le corps humain virtuel<\/em>)<\/li><\/ul>\n\n\n\n<hr class=\"wp-block-separator is-style-wide\"\/>\n\n\n\n<h2 class=\"wp-block-heading\">Panorama des lieux et structures pour l&rsquo;innovation \u00e9ditoriale<\/h2>\n\n\n\n<figure class=\"wp-block-video\"><video controls src=\"https:\/\/projets.ex-situ.info\/fabrique20\/wp-content\/uploads\/sites\/2\/2020\/08\/T2pano.mp4\"><\/video><\/figure>\n\n\n\n<p><\/p>\n","protected":false},"excerpt":{"rendered":"<p>Structures, \u00e9quipes et mod\u00e8les organisationnels La production d\u2019ouvrages num\u00e9riques appelle plus que jamais une transformation du mod\u00e8le classique de l\u2019\u00e9quipe \u00e9ditoriale. Int\u00e9grer des d\u00e9veloppements technologiques dans les processus \u00e9ditoriaux est un d\u00e9fi ! Des sp\u00e9cialistes de diverses technologies sont souvent n\u00e9cessaires, avec des comp\u00e9tences tr\u00e8s pr\u00e9cises. Des graphistes au fait des usages et possibilit\u00e9s en &#8230; <a title=\"Th\u00e8me 2\" class=\"read-more\" href=\"https:\/\/projets.ex-situ.info\/fabrique20\/theme-2\/\" aria-label=\"En savoir plus sur Th\u00e8me 2\">Lire la suite<\/a><\/p>\n","protected":false},"author":2,"featured_media":0,"parent":0,"menu_order":3,"comment_status":"closed","ping_status":"closed","template":"","meta":{"footnotes":""},"class_list":["post-205","page","type-page","status-publish"],"_links":{"self":[{"href":"https:\/\/projets.ex-situ.info\/fabrique20\/wp-json\/wp\/v2\/pages\/205","targetHints":{"allow":["GET"]}}],"collection":[{"href":"https:\/\/projets.ex-situ.info\/fabrique20\/wp-json\/wp\/v2\/pages"}],"about":[{"href":"https:\/\/projets.ex-situ.info\/fabrique20\/wp-json\/wp\/v2\/types\/page"}],"author":[{"embeddable":true,"href":"https:\/\/projets.ex-situ.info\/fabrique20\/wp-json\/wp\/v2\/users\/2"}],"replies":[{"embeddable":true,"href":"https:\/\/projets.ex-situ.info\/fabrique20\/wp-json\/wp\/v2\/comments?post=205"}],"version-history":[{"count":10,"href":"https:\/\/projets.ex-situ.info\/fabrique20\/wp-json\/wp\/v2\/pages\/205\/revisions"}],"predecessor-version":[{"id":366,"href":"https:\/\/projets.ex-situ.info\/fabrique20\/wp-json\/wp\/v2\/pages\/205\/revisions\/366"}],"wp:attachment":[{"href":"https:\/\/projets.ex-situ.info\/fabrique20\/wp-json\/wp\/v2\/media?parent=205"}],"curies":[{"name":"wp","href":"https:\/\/api.w.org\/{rel}","templated":true}]}}