{"id":170,"date":"2020-08-27T07:00:00","date_gmt":"2020-08-27T11:00:00","guid":{"rendered":"https:\/\/projets.ex-situ.info\/fabrique20\/?page_id=170"},"modified":"2020-09-20T20:13:32","modified_gmt":"2020-09-21T00:13:32","slug":"t1-fiche-de-lecture-tout-garni","status":"publish","type":"page","link":"https:\/\/projets.ex-situ.info\/fabrique20\/theme-1\/t1-fiche-de-lecture-tout-garni\/","title":{"rendered":"Fiche de lecture \u2013 Tout garni, de La Past\u00e8que"},"content":{"rendered":"\n<figure class=\"wp-block-pullquote\"><blockquote><p>\u00ab&nbsp;[U]ne exp\u00e9rience de cr\u00e9ation qui permet aux mondes de l\u2019illustration traditionnelle et de la production num\u00e9rique de se rencontrer [&#8230;]&nbsp;\u00bb (<a href=\"http:\/\/www.lapresse.ca\/arts\/livres\/201701\/11\/01-5058477-tout-garni-un-beau-mariage-orchestre-par-la-pasteque.php\">source<\/a>)<\/p><p>\u00ab&nbsp;En ligne, tu d\u00e9couvriras les \u00e9pisodes des aventures d\u2019Arthur le livreur de pizza, r\u00e9alis\u00e9 par l\u2019un des talentueux artistes du bassin d\u2019illustrateurs de la Past\u00e8que. Le principe est simple&nbsp;: douze mois, douze \u00e9pisodes et douze illustrateurs.&nbsp;\u00bb (<a href=\"https:\/\/www.lapasteque.com\/tout-garni\">source<\/a>)<\/p><p>\u00ab&nbsp;Il y a beaucoup de talents dans le num\u00e9rique. C&rsquo;est une industrie foisonnante, dynamique, mais parfois, c&rsquo;est bon pour eux de s&rsquo;associer \u00e0 des cr\u00e9ateurs qui viennent d&rsquo;autres milieux.&nbsp;\u00bb &#8211; <a href=\"https:\/\/www.lapresse.ca\/arts\/livres\/201701\/11\/01-5058477-tout-garni-un-beau-mariage-orchestre-par-la-pasteque.php\">Vali Fugulin<\/a>, directrice de l\u2019\u00e9quipe num\u00e9rique<\/p><\/blockquote><\/figure>\n\n\n\n<div class=\"wp-block-columns is-layout-flex wp-container-core-columns-is-layout-28f84493 wp-block-columns-is-layout-flex\">\n<div class=\"wp-block-column is-layout-flow wp-block-column-is-layout-flow\" style=\"flex-basis:66.66%\">\n<div class=\"wp-block-image\"><figure class=\"aligncenter size-full\"><img loading=\"lazy\" decoding=\"async\" width=\"512\" height=\"268\" src=\"https:\/\/projets.ex-situ.info\/fabrique20\/wp-content\/uploads\/sites\/2\/2020\/08\/tout-garni-0.png\" alt=\"accueil Tout garni\" class=\"wp-image-178\" srcset=\"https:\/\/projets.ex-situ.info\/fabrique20\/wp-content\/uploads\/sites\/2\/2020\/08\/tout-garni-0.png 512w, https:\/\/projets.ex-situ.info\/fabrique20\/wp-content\/uploads\/sites\/2\/2020\/08\/tout-garni-0-300x157.png 300w\" sizes=\"auto, (max-width: 512px) 100vw, 512px\" \/><\/figure><\/div>\n\n\n\n<p><em>Tout garni<\/em>&nbsp;est une fiction interactive accessible en ligne. Compos\u00e9e de 12 \u00e9pisodes, elle raconte les p\u00e9rip\u00e9ties d\u2019Arthur, un jeune livreur de pizza de Montr\u00e9al. Au cours de cette s\u00e9rie, le lecteur ou la lectrice progresse dans le r\u00e9cit de fa\u00e7on lin\u00e9aire, \u00e9pisode apr\u00e8s \u00e9pisode. Proposant un format \u00e9ditorial s\u2019\u00e9tendant sur douze mois, <em>Tout garni<\/em> a \u00e9t\u00e9 lanc\u00e9 graduellement (un \u00e9pisode par mois) en 2017. L\u2019objectif \u00e9tait de conserver le m\u00eame lectorat pendant une longue p\u00e9riode de temps. Pour ce faire, lorsqu\u2019un nouvel \u00e9pisode \u00e9tait publi\u00e9, les lecteurs et lectrices recevaient un courriel qui les invitait \u00e0 aller le consulter.<\/p>\n\n\n\n<p><a href=\"https:\/\/projets.ex-situ.info\/fabrique20\/wp-content\/uploads\/sites\/2\/2020\/08\/Tout-garni-4.png\" target=\"_blank\" rel=\"noopener noreferrer\"><img decoding=\"async\" class=\"wp-image-59\" style=\"float:right; margin-left:0.7em; margin-bottom:0.7em; width: 25%; border-style:solid; border-width:1px\" src=\"https:\/\/projets.ex-situ.info\/fabrique20\/wp-content\/uploads\/sites\/2\/2020\/08\/Tout-garni-4.png\" alt=\"\u00e9pisode Tout garni\"><\/a><em>Tout garni<\/em> est un projet original de la maison d\u2019\u00e9dition La Past\u00e8que. Il se distingue par un processus cr\u00e9atif int\u00e9ressant qui priorise la collaboration plut\u00f4t que le travail individuel. Au d\u00e9but du processus, douze illustrateurs et illustratrices ont \u00e9t\u00e9 convi\u00e9s \u00e0 un <em>boot camp<\/em> o\u00f9 leur \u00e9tait offerte une formation sur les potentialit\u00e9s num\u00e9riques li\u00e9es \u00e0 leur travail cr\u00e9atif. Chaque artiste choisissait ensuite, avec l\u2019appui et les conseils du studio de d\u00e9veloppement Dpt. et de la productrice Vali Fugulin, un format num\u00e9rique particulier pour l\u2019\u00e9pisode qui leur \u00e9tait d\u00e9di\u00e9. Ainsi, en plus d\u2019avoir une signature graphique distincte, chacun des \u00e9pisodes se diff\u00e9renciait par un proc\u00e9d\u00e9 num\u00e9rique, pouvant aller de la bande d\u00e9fil\u00e9e \u00e0 la r\u00e9alit\u00e9 virtuelle ou au mini-jeu. Les illustratrices et illustrateurs avaient alors la libert\u00e9 de cr\u00e9er un contenu \u00e0 leur image, tout en respectant le sc\u00e9nario de l\u2019histoire imagin\u00e9e par Andr\u00e9 Marois.<\/p>\n\n\n\n<p><a href=\"https:\/\/projets.ex-situ.info\/fabrique20\/wp-content\/uploads\/sites\/2\/2020\/08\/Tout-garni-3.png\" target=\"_blank\" rel=\"noopener noreferrer\"><img decoding=\"async\" class=\"wp-image-59\" style=\"float:right; margin-left:0.7em; margin-bottom:0.7em; width: 25%; border-style:solid; border-width:1px\" src=\"https:\/\/projets.ex-situ.info\/fabrique20\/wp-content\/uploads\/sites\/2\/2020\/08\/Tout-garni-3.png\" alt=\"\u00e9pisode Tout garni\"><\/a>Par exemple, lors de l\u2019\u00e9pisode 3, le lecteur ou la lectrice doit explorer et trouver la sortie d\u2019une grotte, soit en circulant dans l\u2019image avec son doigt ou en utilisant les fl\u00e8ches de son clavier. L\u2019\u00e9pisode 4, quant \u00e0 lui, propose une exploration en r\u00e9alit\u00e9 virtuelle d\u2019un appartement. Cette exploration en 360 degr\u00e9s peut s\u2019effectuer \u00e0 l\u2019aide de lunettes de r\u00e9alit\u00e9 virtuelle ou en bougeant simplement son curseur.<\/p>\n\n\n\n<p><a href=\"https:\/\/projets.ex-situ.info\/fabrique20\/wp-content\/uploads\/sites\/2\/2020\/08\/Tout-garni-2.png\" target=\"_blank\" rel=\"noopener noreferrer\"><img decoding=\"async\" class=\"wp-image-59\" style=\"float:right; margin-left:0.7em; margin-bottom:0.7em; width: 25%; border-style:solid; border-width:1px\" src=\"https:\/\/projets.ex-situ.info\/fabrique20\/wp-content\/uploads\/sites\/2\/2020\/08\/Tout-garni-2.png\" alt=\"\u00e9pisode Tout garni\"><\/a>En bref, malgr\u00e9 la diversit\u00e9 du format graphique et num\u00e9rique de ses \u00e9pisodes, la force de <em>Tout garni<\/em> r\u00e9side dans l\u2019originalit\u00e9 de sa proposition et dans la mobilisation d\u2019un collectif de cr\u00e9ateurs int\u00e9ress\u00e9s par les formules num\u00e9riques possibles pour la BD.<\/p>\n<\/div>\n\n\n\n<div class=\"wp-block-column is-layout-flow wp-block-column-is-layout-flow\" style=\"flex-basis:33.33%\">\n<p><strong>Fiche descriptive<\/strong><\/p>\n\n\n\n<p>Titre&nbsp;: <em>Tout garni<\/em><br>Auteur&nbsp;: Andr\u00e9 Marois (r\u00e9cit)<br>Illustrateurs et illustratrices&nbsp;: Pascal Girard, Genevi\u00e8ve Godbout, R\u00e9my Simard, Isabelle Arsenault, Catherine Lamontagne-Drolet, Pascal Blanchet, Cyril Doisneau, Patrick Doyon, Julie Rocheleau, Guillaume Perreault, St\u00e9phane Poirier, Jacques Goldstyn<br>D\u00e9veloppement num\u00e9rique : Vali Fugulin et Dpt.<br>\u00c9diteur&nbsp;: La Past\u00e8que<br>Date de parution&nbsp;: ann\u00e9e 2017<br>Pays de publication&nbsp;: Canada (Montr\u00e9al)<br>Lien vers le site de l\u2019\u0153uvre&nbsp;: <a href=\"http:\/\/toutgarni.telequebec.tv\/\">http:\/\/toutgarni.telequebec.tv\/<\/a><\/p>\n\n\n\n<p>Type d\u2019\u0153uvre&nbsp;: s\u00e9rie web (chaque \u00e9pisode est une fiction\/jeu interactif reprenant l\u2019esth\u00e9tique de la bande dessin\u00e9e)<br>Support num\u00e9rique utilis\u00e9&nbsp;: site web (un des \u00e9pisodes est en r\u00e9alit\u00e9 virtuelle, pouvant donc se jumeler \u00e0 un casque VR)<br>Nombre d&rsquo;\u00e9pisodes&nbsp;: 12 (un par mois)<\/p>\n\n\n\n<p><sup><em>Fiche cr\u00e9\u00e9e par Charles-Antoine Fug\u00e8re<\/em><\/sup><\/p>\n\n\n\n<p><strong>Sources m\u00e9diatiques li\u00e9es<\/strong><\/p>\n\n\n\n<ul class=\"wp-block-list\"><li><a href=\"https:\/\/vimeo.com\/253490511\">https:\/\/vimeo.com\/253490511<\/a> (vid\u00e9o de pr\u00e9sentation de l\u2019\u0153uvre)<\/li><li><a href=\"https:\/\/www.lafabriqueculturelle.tv\/capsules\/8156\/tout-garni-douze-mois-douze-oeuvres-de-la-pasteque\">https:\/\/www.lafabriqueculturelle.tv\/capsules\/8156\/tout-garni-douze-mois-douze-oeuvres-de-la-pasteque<\/a> (pr\u00e9sentation de l\u2019\u0153uvre par le biais d\u2019entrevues avec des illustrateurs et illustratrices)<\/li><li><a href=\"https:\/\/www.lapasteque.com\/tout-garni\">https:\/\/www.lapasteque.com\/tout-garni<\/a> (page contenant plusieurs vid\u00e9os, chacune permettant de d\u00e9couvrir l\u2019un ou l\u2019une des illustrateurs ou illustratrices de l\u2019\u0153uvre)<\/li><\/ul>\n\n\n\n<figure class=\"wp-block-embed-soundcloud wp-block-embed is-type-rich is-provider-soundcloud wp-embed-aspect-4-3 wp-has-aspect-ratio\"><div class=\"wp-block-embed__wrapper\">\n<iframe loading=\"lazy\" title=\"CJDW balado - La Bande dessin\u00e9e by C&#039;EST JUSTE DU WEB\" width=\"1200\" height=\"400\" scrolling=\"no\" frameborder=\"no\" src=\"https:\/\/w.soundcloud.com\/player\/?visual=true&#038;url=https%3A%2F%2Fapi.soundcloud.com%2Ftracks%2F312613462&#038;show_artwork=true&#038;maxwidth=1200&#038;maxheight=1000&#038;dnt=1\"><\/iframe>\n<\/div><\/figure>\n\n\n\n<p>(2:07 \u00e0 6:30 \u2013 entrevue avec Fr\u00e9d\u00e9ric Gauthier, cofondateur des \u00e9ditions de la Past\u00e8que&nbsp;; difficult\u00e9s du mariage BD et web, puis d\u00e9veloppement du projet).<\/p>\n<\/div>\n<\/div>\n\n\n\n<hr class=\"wp-block-separator is-style-wide\"\/>\n\n\n\n<p><strong>Commentaires de lecteurs, critiques, articles de journal, etc.<\/strong><\/p>\n\n\n\n<p>\u00ab&nbsp;Je vous invite \u00e0 d\u00e9couvrir <em>Tout Garni<\/em> pour votre propre plaisir. Vous ne serez pas d\u00e9\u00e7us. Vous y d\u00e9couvrirez une nouvelle aventure chaque fois.&nbsp;\u00bb<br>\u00ab&nbsp;C\u2019est fascinant de voir comment les illustrations sont transpos\u00e9es dans un format interactif et comment tout est pens\u00e9 de mani\u00e8re \u00e0 cr\u00e9er un grand tout, un amalgame de diff\u00e9rentes techniques qui s\u2019accordent bien et s\u2019imbriquent l\u2019une dans l\u2019autre tout en mettant les diff\u00e9rents styles de chacun de l\u2019avant.&nbsp;\u00bb<br>Source&nbsp;: <a href=\"https:\/\/chezlefilrouge.co\/2017\/09\/27\/tout-garni-de-la-pizza-aux-illustrations\/\">https:\/\/chezlefilrouge.co\/2017\/09\/27\/tout-garni-de-la-pizza-aux-illustrations\/<\/a><\/p>\n\n\n\n<p>\u00ab&nbsp;<em>Tout garni<\/em>&nbsp;: un beau mariage orchestr\u00e9 par La Past\u00e8que&nbsp;\u00bb<br>Source&nbsp;:<a href=\"https:\/\/www.lapresse.ca\/arts\/livres\/201701\/11\/01-5058477-tout-garni-un-beau-mariage-orchestre-par-la-pasteque.php\">https:\/\/www.lapresse.ca\/arts\/livres\/201701\/11\/01-5058477-tout-garni-un-beau-mariage-orchestre-par-la-pasteque.php<\/a><\/p>\n\n\n\n<p>\u00ab&nbsp;Une lecture et un divertissement original qui se d\u00e9vore des yeux.&nbsp;\u00bb<br>\u00ab&nbsp;Une exp\u00e9rience \u00e9tonnante pour les sens, mais surtout une fa\u00e7on moderne de raconter. Ce r\u00e9cit a tout ce qu&rsquo;il faut pour captiver vos jeunes et les initier \u00e0 la bande dessin\u00e9e. Les illustrations sont vari\u00e9es et stimulent l&rsquo;imagination.&nbsp;\u00bb<br>Source&nbsp;: <a href=\"https:\/\/www.francoischarron.com\/une-bd-en-minijeu-vr-et-360-degres-pour-vos-jeunes\/-\/TlMLkPeB4L\/\">https:\/\/www.francoischarron.com\/une-bd-en-minijeu-vr-et-360-degres-pour-vos-jeunes\/-\/TlMLkPeB4L\/<\/a><\/p>\n\n\n\n<p>\u00ab&nbsp;Il y a quelque chose qui me touche profond\u00e9ment lorsqu\u2019on se rassemble autour d\u2019un projet commun pour b\u00e2tir quelque chose de beau, de grand ou de nouveau. Dans la litt\u00e9rature, lorsqu\u2019un esprit de camaraderie et un d\u00e9sir d\u2019allier ses forces s\u2019installent, mon c\u0153ur est gagn\u00e9 d\u2019avance. C\u2019est ce type de projet rassembleur que nous propose La Past\u00e8que avec <em>Tout garni<\/em>, un projet collectif et innovateur qui allie l\u2019art traditionnel de l\u2019illustration aux m\u00e9dias num\u00e9riques afin d\u2019offrir au lecteur une exp\u00e9rience participative nouveau genre.&nbsp;\u00bb<br>\u00ab&nbsp;Un beau tour de piste des supports num\u00e9riques au service d\u2019une bonne histoire.&nbsp;\u00bb<br>Source&nbsp;: <a href=\"https:\/\/bouclemagazine.com\/2017\/02\/tout-garni-une-aventure-collective-qui-allie-lillustration-traditionnelle-aux-medias-numeriques\/\">https:\/\/bouclemagazine.com\/2017\/02\/tout-garni-une-aventure-collective-qui-allie-lillustration-traditionnelle-aux-medias-numeriques\/<\/a><\/p>\n","protected":false},"excerpt":{"rendered":"<p>\u00ab&nbsp;[U]ne exp\u00e9rience de cr\u00e9ation qui permet aux mondes de l\u2019illustration traditionnelle et de la production num\u00e9rique de se rencontrer [&#8230;]&nbsp;\u00bb (source) \u00ab&nbsp;En ligne, tu d\u00e9couvriras les \u00e9pisodes des aventures d\u2019Arthur le livreur de pizza, r\u00e9alis\u00e9 par l\u2019un des talentueux artistes du bassin d\u2019illustrateurs de la Past\u00e8que. Le principe est simple&nbsp;: douze mois, douze \u00e9pisodes et &#8230; <a title=\"Fiche de lecture \u2013 Tout garni, de La Past\u00e8que\" class=\"read-more\" href=\"https:\/\/projets.ex-situ.info\/fabrique20\/theme-1\/t1-fiche-de-lecture-tout-garni\/\" aria-label=\"En savoir plus sur Fiche de lecture \u2013 Tout garni, de La Past\u00e8que\">Lire la suite<\/a><\/p>\n","protected":false},"author":2,"featured_media":0,"parent":13,"menu_order":7,"comment_status":"closed","ping_status":"closed","template":"","meta":{"footnotes":""},"class_list":["post-170","page","type-page","status-publish"],"_links":{"self":[{"href":"https:\/\/projets.ex-situ.info\/fabrique20\/wp-json\/wp\/v2\/pages\/170","targetHints":{"allow":["GET"]}}],"collection":[{"href":"https:\/\/projets.ex-situ.info\/fabrique20\/wp-json\/wp\/v2\/pages"}],"about":[{"href":"https:\/\/projets.ex-situ.info\/fabrique20\/wp-json\/wp\/v2\/types\/page"}],"author":[{"embeddable":true,"href":"https:\/\/projets.ex-situ.info\/fabrique20\/wp-json\/wp\/v2\/users\/2"}],"replies":[{"embeddable":true,"href":"https:\/\/projets.ex-situ.info\/fabrique20\/wp-json\/wp\/v2\/comments?post=170"}],"version-history":[{"count":5,"href":"https:\/\/projets.ex-situ.info\/fabrique20\/wp-json\/wp\/v2\/pages\/170\/revisions"}],"predecessor-version":[{"id":186,"href":"https:\/\/projets.ex-situ.info\/fabrique20\/wp-json\/wp\/v2\/pages\/170\/revisions\/186"}],"up":[{"embeddable":true,"href":"https:\/\/projets.ex-situ.info\/fabrique20\/wp-json\/wp\/v2\/pages\/13"}],"wp:attachment":[{"href":"https:\/\/projets.ex-situ.info\/fabrique20\/wp-json\/wp\/v2\/media?parent=170"}],"curies":[{"name":"wp","href":"https:\/\/api.w.org\/{rel}","templated":true}]}}