{"id":15,"date":"2020-08-27T07:00:00","date_gmt":"2020-08-27T11:00:00","guid":{"rendered":"https:\/\/projets.ex-situ.info\/fabrique20\/?page_id=15"},"modified":"2020-09-20T20:13:09","modified_gmt":"2020-09-21T00:13:09","slug":"t1-video-kp","status":"publish","type":"page","link":"https:\/\/projets.ex-situ.info\/fabrique20\/theme-1\/t1-video-kp\/","title":{"rendered":"Vid\u00e9o 1 \u2013 Kate Pullinger, sur Breathe"},"content":{"rendered":"\n<h2 class=\"wp-block-heading\">Dans la m\u00e9moire vive de Kate Pullinger<\/h2>\n\n\n\n<p>Entretien vid\u00e9o r\u00e9alis\u00e9 avec <a href=\"http:\/\/www.katepullinger.com\/\">Kate Pullinger<\/a> (dont le <a href=\"https:\/\/www.penguinrandomhouse.ca\/books\/247106\/forest-green-by-kate-pullinger\/9780385683043\">plus r\u00e9cent roman<\/a> para\u00eet ces jours-ci) par l&rsquo;organisme Les autres jours.<\/p>\n\n\n\n<figure class=\"wp-block-video\"><video controls src=\"https:\/\/projets.ex-situ.info\/fabrique20\/wp-content\/uploads\/sites\/2\/2020\/08\/T1-KP.mp4\"><\/video><\/figure>\n\n\n\n<p><\/p>\n","protected":false},"excerpt":{"rendered":"<p>Dans la m\u00e9moire vive de Kate Pullinger Entretien vid\u00e9o r\u00e9alis\u00e9 avec Kate Pullinger (dont le plus r\u00e9cent roman para\u00eet ces jours-ci) par l&rsquo;organisme Les autres jours.<\/p>\n","protected":false},"author":2,"featured_media":0,"parent":13,"menu_order":1,"comment_status":"closed","ping_status":"closed","template":"","meta":{"footnotes":""},"class_list":["post-15","page","type-page","status-publish"],"_links":{"self":[{"href":"https:\/\/projets.ex-situ.info\/fabrique20\/wp-json\/wp\/v2\/pages\/15","targetHints":{"allow":["GET"]}}],"collection":[{"href":"https:\/\/projets.ex-situ.info\/fabrique20\/wp-json\/wp\/v2\/pages"}],"about":[{"href":"https:\/\/projets.ex-situ.info\/fabrique20\/wp-json\/wp\/v2\/types\/page"}],"author":[{"embeddable":true,"href":"https:\/\/projets.ex-situ.info\/fabrique20\/wp-json\/wp\/v2\/users\/2"}],"replies":[{"embeddable":true,"href":"https:\/\/projets.ex-situ.info\/fabrique20\/wp-json\/wp\/v2\/comments?post=15"}],"version-history":[{"count":8,"href":"https:\/\/projets.ex-situ.info\/fabrique20\/wp-json\/wp\/v2\/pages\/15\/revisions"}],"predecessor-version":[{"id":342,"href":"https:\/\/projets.ex-situ.info\/fabrique20\/wp-json\/wp\/v2\/pages\/15\/revisions\/342"}],"up":[{"embeddable":true,"href":"https:\/\/projets.ex-situ.info\/fabrique20\/wp-json\/wp\/v2\/pages\/13"}],"wp:attachment":[{"href":"https:\/\/projets.ex-situ.info\/fabrique20\/wp-json\/wp\/v2\/media?parent=15"}],"curies":[{"name":"wp","href":"https:\/\/api.w.org\/{rel}","templated":true}]}}