{"id":87,"date":"2024-03-21T13:46:21","date_gmt":"2024-03-21T12:46:21","guid":{"rendered":"https:\/\/projets.ex-situ.info\/etudesdulivre24\/?page_id=87"},"modified":"2024-03-21T13:46:24","modified_gmt":"2024-03-21T12:46:24","slug":"liv3-oboucher","status":"publish","type":"page","link":"https:\/\/projets.ex-situ.info\/etudesdulivre24\/livraison3\/liv3-oboucher\/","title":{"rendered":"Oph\u00e9lie Boucher, \u00ab Le roman par courriel: un genre en continuit\u00e9 avec le roman \u00e9pistolaire \u00bb"},"content":{"rendered":"\n<div class=\"wp-block-columns is-layout-flex wp-container-core-columns-is-layout-28f84493 wp-block-columns-is-layout-flex\">\n<div class=\"wp-block-column is-layout-flow wp-block-column-is-layout-flow\" style=\"flex-basis:66.66%\">\n<figure class=\"wp-block-video\"><video controls src=\"https:\/\/projets.ex-situ.info\/etudesdulivre24\/wp-content\/uploads\/sites\/13\/2024\/edl24\/Boucher_Ophelie.mp4\"><\/video><\/figure>\n<\/div>\n\n\n\n<div class=\"wp-block-column is-layout-flow wp-block-column-is-layout-flow\" style=\"flex-basis:33.33%\"><div class=\"wp-block-image\">\n<figure class=\"alignright size-large is-resized\"><img decoding=\"async\" src=\"https:\/\/projets.ex-situ.info\/etudesdulivre24\/wp-content\/uploads\/sites\/13\/2024\/edl24\/Ophelie_Boucher.JPEG\" alt=\"\" style=\"aspect-ratio:1;object-fit:cover;width:171px;height:auto\" \/><\/figure>\n<\/div>\n\n\n<h4 class=\"wp-block-heading\">Oph\u00e9lie Boucher<\/h4>\n\n\n\n<p>Oph\u00e9lie Boucher est pr\u00e9sentement \u00e9tudiante \u00e0 la ma\u00eetrise en \u00e9tudes litt\u00e9raire \u00e0 l&rsquo;UQAM. Dans le m\u00e9moire qu\u2019elle r\u00e9dige sous la direction de Bertrand Gervais et qui devrait \u00eatre d\u00e9pos\u00e9 en 2025, elle s&rsquo;int\u00e9resse \u00e0 la fa\u00e7on dont les relations interpersonnelles fictionnelles sont impact\u00e9es par le num\u00e9rique. La culture populaire est aussi l&rsquo;un de ses champs d&rsquo;int\u00e9r\u00eat. Elle a d&rsquo;ailleurs publi\u00e9 un article sur deux r\u00e9\u00e9critures popularis\u00e9es gr\u00e2ce \u00e0 BookTok du mythe d&rsquo;Had\u00e8s et Pers\u00e9phone sur la revue num\u00e9rique Pop en Stock en 2023.&nbsp;<\/p>\n<\/div>\n<\/div>\n\n\n\n<p>Vous avez aim\u00e9 cette communication scientifique? D\u00e9couvrez les autres de <a href=\"https:\/\/projets.ex-situ.info\/etudesdulivre24\/livraison3\/\" data-type=\"link\" data-id=\"https:\/\/projets.ex-situ.info\/etudesdulivre24\/livraison3\/\">cette\u00a0troisi\u00e8me livraison<\/a>.<\/p>\n","protected":false},"excerpt":{"rendered":"<p>Oph\u00e9lie Boucher Oph\u00e9lie Boucher est pr\u00e9sentement \u00e9tudiante \u00e0 la ma\u00eetrise en \u00e9tudes litt\u00e9raire \u00e0 l&rsquo;UQAM. Dans le m\u00e9moire qu\u2019elle r\u00e9dige sous la direction de Bertrand Gervais et qui devrait \u00eatre d\u00e9pos\u00e9 en 2025, elle s&rsquo;int\u00e9resse \u00e0 la fa\u00e7on dont les relations interpersonnelles fictionnelles sont impact\u00e9es par le num\u00e9rique. La culture populaire est aussi l&rsquo;un de &#8230; <a title=\"Oph\u00e9lie Boucher, \u00ab Le roman par courriel: un genre en continuit\u00e9 avec le roman \u00e9pistolaire \u00bb\" class=\"read-more\" href=\"https:\/\/projets.ex-situ.info\/etudesdulivre24\/livraison3\/liv3-oboucher\/\" aria-label=\"En savoir plus sur Oph\u00e9lie Boucher, \u00ab Le roman par courriel: un genre en continuit\u00e9 avec le roman \u00e9pistolaire \u00bb\">Lire la suite<\/a><\/p>\n","protected":false},"author":3,"featured_media":0,"parent":55,"menu_order":2,"comment_status":"open","ping_status":"closed","template":"","meta":{"footnotes":""},"class_list":["post-87","page","type-page","status-publish"],"_links":{"self":[{"href":"https:\/\/projets.ex-situ.info\/etudesdulivre24\/wp-json\/wp\/v2\/pages\/87","targetHints":{"allow":["GET"]}}],"collection":[{"href":"https:\/\/projets.ex-situ.info\/etudesdulivre24\/wp-json\/wp\/v2\/pages"}],"about":[{"href":"https:\/\/projets.ex-situ.info\/etudesdulivre24\/wp-json\/wp\/v2\/types\/page"}],"author":[{"embeddable":true,"href":"https:\/\/projets.ex-situ.info\/etudesdulivre24\/wp-json\/wp\/v2\/users\/3"}],"replies":[{"embeddable":true,"href":"https:\/\/projets.ex-situ.info\/etudesdulivre24\/wp-json\/wp\/v2\/comments?post=87"}],"version-history":[{"count":2,"href":"https:\/\/projets.ex-situ.info\/etudesdulivre24\/wp-json\/wp\/v2\/pages\/87\/revisions"}],"predecessor-version":[{"id":122,"href":"https:\/\/projets.ex-situ.info\/etudesdulivre24\/wp-json\/wp\/v2\/pages\/87\/revisions\/122"}],"up":[{"embeddable":true,"href":"https:\/\/projets.ex-situ.info\/etudesdulivre24\/wp-json\/wp\/v2\/pages\/55"}],"wp:attachment":[{"href":"https:\/\/projets.ex-situ.info\/etudesdulivre24\/wp-json\/wp\/v2\/media?parent=87"}],"curies":[{"name":"wp","href":"https:\/\/api.w.org\/{rel}","templated":true}]}}