{"id":85,"date":"2024-03-21T13:46:13","date_gmt":"2024-03-21T12:46:13","guid":{"rendered":"https:\/\/projets.ex-situ.info\/etudesdulivre24\/?page_id=85"},"modified":"2024-03-26T18:20:20","modified_gmt":"2024-03-26T17:20:20","slug":"liv3-barteauleclerc","status":"publish","type":"page","link":"https:\/\/projets.ex-situ.info\/etudesdulivre24\/livraison3\/liv3-barteauleclerc\/","title":{"rendered":"Benjamin Arteau-Leclerc, \u00ab S&rsquo;isoler pour \u00ab\u00a0mieux\u00a0\u00bb jouer : les fanfictions co\u00e9crites avec une intelligence artificielle sur AI Dungeon \u00bb"},"content":{"rendered":"\n<div class=\"wp-block-columns is-layout-flex wp-container-core-columns-is-layout-28f84493 wp-block-columns-is-layout-flex\">\n<div class=\"wp-block-column is-layout-flow wp-block-column-is-layout-flow\" style=\"flex-basis:66.66%\">\n<figure class=\"wp-block-video\"><video controls src=\"https:\/\/projets.ex-situ.info\/etudesdulivre24\/wp-content\/uploads\/sites\/13\/2024\/edl24\/Arteau-Leclerc_Benjamin.mp4\"><\/video><\/figure>\n<\/div>\n\n\n\n<div class=\"wp-block-column is-layout-flow wp-block-column-is-layout-flow\" style=\"flex-basis:33.33%\"><div class=\"wp-block-image\">\n<figure class=\"alignright size-large is-resized\"><img decoding=\"async\" src=\"https:\/\/projets.ex-situ.info\/etudesdulivre24\/wp-content\/uploads\/sites\/13\/2024\/edl24\/Benjamin_Arteau_Leclerc.jpg\" alt=\"\" style=\"aspect-ratio:1;object-fit:cover;width:189px;height:auto\"\/><\/figure>\n<\/div>\n\n\n<h4 class=\"wp-block-heading\">Benjamin Arteau-Leclerc<\/h4>\n\n\n\n<p>Benjamin Arteau-Leclerc poursuit actuellement des \u00e9tudes de deuxi\u00e8me cycle en \u00e9tudes litt\u00e9raires \u00e0 l\u2019Universit\u00e9 Laval, sous la direction de Ren\u00e9 Audet. Son projet de m\u00e9moire \u00ab&nbsp;La narrativit\u00e9 sous la responsabilit\u00e9 du lectacteur : les fictions co-\u00e9crites en temps r\u00e9el avec une intelligence artificielle (<em>AI Dungeon<\/em>)&nbsp;\u00bb s\u2019int\u00e9resse \u00e0 la narrativit\u00e9 et aux modifications engendr\u00e9es sur cette derni\u00e8re par l\u2019\u00e9mergence des pratiques de co-\u00e9criture avec les intelligences artificielles.<\/p>\n\n\n\n<p>Il est \u00e9galement auxiliaire de recherche pour le projet Litt\u00e9rature qu\u00e9b\u00e9coise mobile, tuteur aupr\u00e8s d\u2019\u00e9tudiant.es en situation de handicap au Centre d\u2019aide aux \u00c9tudiants (CAE) de l\u2019Universit\u00e9 Laval et directeur \u00e9ditorial pour la revue de design&nbsp;<em>un:un<\/em>.<\/p>\n<\/div>\n<\/div>\n\n\n\n<p>Vous avez aim\u00e9 cette communication scientifique? D\u00e9couvrez les autres de<a href=\"https:\/\/projets.ex-situ.info\/etudesdulivre24\/livraison3\/\" data-type=\"link\" data-id=\"https:\/\/projets.ex-situ.info\/etudesdulivre24\/livraison3\/\"> cette\u00a0troisi\u00e8me livraison<\/a>.<\/p>\n","protected":false},"excerpt":{"rendered":"<p>Benjamin Arteau-Leclerc Benjamin Arteau-Leclerc poursuit actuellement des \u00e9tudes de deuxi\u00e8me cycle en \u00e9tudes litt\u00e9raires \u00e0 l\u2019Universit\u00e9 Laval, sous la direction de Ren\u00e9 Audet. Son projet de m\u00e9moire \u00ab&nbsp;La narrativit\u00e9 sous la responsabilit\u00e9 du lectacteur : les fictions co-\u00e9crites en temps r\u00e9el avec une intelligence artificielle (AI Dungeon)&nbsp;\u00bb s\u2019int\u00e9resse \u00e0 la narrativit\u00e9 et aux modifications engendr\u00e9es &#8230; <a title=\"Benjamin Arteau-Leclerc, \u00ab S&rsquo;isoler pour \u00ab\u00a0mieux\u00a0\u00bb jouer : les fanfictions co\u00e9crites avec une intelligence artificielle sur AI Dungeon \u00bb\" class=\"read-more\" href=\"https:\/\/projets.ex-situ.info\/etudesdulivre24\/livraison3\/liv3-barteauleclerc\/\" aria-label=\"En savoir plus sur Benjamin Arteau-Leclerc, \u00ab S&rsquo;isoler pour \u00ab\u00a0mieux\u00a0\u00bb jouer : les fanfictions co\u00e9crites avec une intelligence artificielle sur AI Dungeon \u00bb\">Lire la suite<\/a><\/p>\n","protected":false},"author":3,"featured_media":0,"parent":55,"menu_order":1,"comment_status":"open","ping_status":"closed","template":"","meta":{"footnotes":""},"class_list":["post-85","page","type-page","status-publish"],"_links":{"self":[{"href":"https:\/\/projets.ex-situ.info\/etudesdulivre24\/wp-json\/wp\/v2\/pages\/85","targetHints":{"allow":["GET"]}}],"collection":[{"href":"https:\/\/projets.ex-situ.info\/etudesdulivre24\/wp-json\/wp\/v2\/pages"}],"about":[{"href":"https:\/\/projets.ex-situ.info\/etudesdulivre24\/wp-json\/wp\/v2\/types\/page"}],"author":[{"embeddable":true,"href":"https:\/\/projets.ex-situ.info\/etudesdulivre24\/wp-json\/wp\/v2\/users\/3"}],"replies":[{"embeddable":true,"href":"https:\/\/projets.ex-situ.info\/etudesdulivre24\/wp-json\/wp\/v2\/comments?post=85"}],"version-history":[{"count":5,"href":"https:\/\/projets.ex-situ.info\/etudesdulivre24\/wp-json\/wp\/v2\/pages\/85\/revisions"}],"predecessor-version":[{"id":185,"href":"https:\/\/projets.ex-situ.info\/etudesdulivre24\/wp-json\/wp\/v2\/pages\/85\/revisions\/185"}],"up":[{"embeddable":true,"href":"https:\/\/projets.ex-situ.info\/etudesdulivre24\/wp-json\/wp\/v2\/pages\/55"}],"wp:attachment":[{"href":"https:\/\/projets.ex-situ.info\/etudesdulivre24\/wp-json\/wp\/v2\/media?parent=85"}],"curies":[{"name":"wp","href":"https:\/\/api.w.org\/{rel}","templated":true}]}}