{"id":78,"date":"2024-03-14T13:57:43","date_gmt":"2024-03-14T12:57:43","guid":{"rendered":"https:\/\/projets.ex-situ.info\/etudesdulivre24\/?page_id=78"},"modified":"2024-03-14T13:57:43","modified_gmt":"2024-03-14T12:57:43","slug":"liv2-npinsonneault","status":"publish","type":"page","link":"https:\/\/projets.ex-situ.info\/etudesdulivre24\/livraison2\/liv2-npinsonneault\/","title":{"rendered":"Natacha Pinsonneault, \u00ab Les maisons d\u2019\u00e9dition qu\u00e9b\u00e9coises et leur relation avec la diversit\u00e9 en litt\u00e9rature jeunesse \u00bb"},"content":{"rendered":"\n<div class=\"wp-block-columns is-layout-flex wp-container-core-columns-is-layout-28f84493 wp-block-columns-is-layout-flex\">\n<div class=\"wp-block-column is-layout-flow wp-block-column-is-layout-flow\" style=\"flex-basis:66.66%\">\n<figure class=\"wp-block-video\"><video controls src=\"https:\/\/projets.ex-situ.info\/etudesdulivre24\/wp-content\/uploads\/sites\/13\/2024\/edl24\/Pinsonneault_Natacha.mp4\"><\/video><\/figure>\n<\/div>\n\n\n\n<div class=\"wp-block-column is-layout-flow wp-block-column-is-layout-flow\" style=\"flex-basis:33.33%\"><div class=\"wp-block-image\">\n<figure class=\"alignright size-large is-resized\"><img decoding=\"async\" src=\"https:\/\/projets.ex-situ.info\/etudesdulivre24\/wp-content\/uploads\/sites\/13\/2024\/edl24\/Natacha_Pinsonneault.jpg\" alt=\"\" style=\"aspect-ratio:1;object-fit:cover;width:174px;height:auto\" \/><\/figure>\n<\/div>\n\n\n<h4 class=\"wp-block-heading\">Natacha Pinsonneault<\/h4>\n\n\n\n<p>Natacha Pinsonneault est doctorante en lettres \u00e0 l&rsquo;Universit\u00e9 du Qu\u00e9bec \u00e0 Trois-Rivi\u00e8res, sous la supervision de Mathilde Barraband et Sylvain Brehm. Titulaire d&rsquo;un baccalaur\u00e9at en psychologie et d&rsquo;une ma\u00eetrise en lettres, son m\u00e9moire,<em>&nbsp;La diversit\u00e9 des personnages TSA dans les romans qu\u00e9b\u00e9cois pour adolescents suivi d\u2019un village pas comme les autres<\/em>, r\u00e9alis\u00e9 sous la supervision d\u2019Herv\u00e9 Guay, explore la repr\u00e9sentation des personnages TSA dans la fiction adolescente.<\/p>\n<\/div>\n<\/div>\n\n\n\n<p>Vous avez aim\u00e9 cette communication scientifique? D\u00e9couvrez les autres de <a href=\"https:\/\/projets.ex-situ.info\/etudesdulivre24\/livraison2\/\" data-type=\"link\" data-id=\"https:\/\/projets.ex-situ.info\/etudesdulivre24\/livraison2\/\">cette\u00a0deuxi\u00e8me livraison<\/a>.<\/p>\n","protected":false},"excerpt":{"rendered":"<p>Natacha Pinsonneault Natacha Pinsonneault est doctorante en lettres \u00e0 l&rsquo;Universit\u00e9 du Qu\u00e9bec \u00e0 Trois-Rivi\u00e8res, sous la supervision de Mathilde Barraband et Sylvain Brehm. Titulaire d&rsquo;un baccalaur\u00e9at en psychologie et d&rsquo;une ma\u00eetrise en lettres, son m\u00e9moire,&nbsp;La diversit\u00e9 des personnages TSA dans les romans qu\u00e9b\u00e9cois pour adolescents suivi d\u2019un village pas comme les autres, r\u00e9alis\u00e9 sous la &#8230; <a title=\"Natacha Pinsonneault, \u00ab Les maisons d\u2019\u00e9dition qu\u00e9b\u00e9coises et leur relation avec la diversit\u00e9 en litt\u00e9rature jeunesse \u00bb\" class=\"read-more\" href=\"https:\/\/projets.ex-situ.info\/etudesdulivre24\/livraison2\/liv2-npinsonneault\/\" aria-label=\"En savoir plus sur Natacha Pinsonneault, \u00ab Les maisons d\u2019\u00e9dition qu\u00e9b\u00e9coises et leur relation avec la diversit\u00e9 en litt\u00e9rature jeunesse \u00bb\">Lire la suite<\/a><\/p>\n","protected":false},"author":3,"featured_media":0,"parent":53,"menu_order":2,"comment_status":"open","ping_status":"closed","template":"","meta":{"footnotes":""},"class_list":["post-78","page","type-page","status-publish"],"_links":{"self":[{"href":"https:\/\/projets.ex-situ.info\/etudesdulivre24\/wp-json\/wp\/v2\/pages\/78","targetHints":{"allow":["GET"]}}],"collection":[{"href":"https:\/\/projets.ex-situ.info\/etudesdulivre24\/wp-json\/wp\/v2\/pages"}],"about":[{"href":"https:\/\/projets.ex-situ.info\/etudesdulivre24\/wp-json\/wp\/v2\/types\/page"}],"author":[{"embeddable":true,"href":"https:\/\/projets.ex-situ.info\/etudesdulivre24\/wp-json\/wp\/v2\/users\/3"}],"replies":[{"embeddable":true,"href":"https:\/\/projets.ex-situ.info\/etudesdulivre24\/wp-json\/wp\/v2\/comments?post=78"}],"version-history":[{"count":5,"href":"https:\/\/projets.ex-situ.info\/etudesdulivre24\/wp-json\/wp\/v2\/pages\/78\/revisions"}],"predecessor-version":[{"id":157,"href":"https:\/\/projets.ex-situ.info\/etudesdulivre24\/wp-json\/wp\/v2\/pages\/78\/revisions\/157"}],"up":[{"embeddable":true,"href":"https:\/\/projets.ex-situ.info\/etudesdulivre24\/wp-json\/wp\/v2\/pages\/53"}],"wp:attachment":[{"href":"https:\/\/projets.ex-situ.info\/etudesdulivre24\/wp-json\/wp\/v2\/media?parent=78"}],"curies":[{"name":"wp","href":"https:\/\/api.w.org\/{rel}","templated":true}]}}