{"id":61,"date":"2024-03-07T14:52:04","date_gmt":"2024-03-07T13:52:04","guid":{"rendered":"https:\/\/projets.ex-situ.info\/etudesdulivre24\/?page_id=61"},"modified":"2024-03-08T19:22:24","modified_gmt":"2024-03-08T18:22:24","slug":"liv1-czampieri","status":"publish","type":"page","link":"https:\/\/projets.ex-situ.info\/etudesdulivre24\/livraison1\/liv1-czampieri\/","title":{"rendered":"Chiara Zampieri, \u00ab Mus\u00e9o-litt\u00e9rature ou le livre comme dispositif mus\u00e9al\u00a0\u00bb"},"content":{"rendered":"\n<div class=\"wp-block-columns is-layout-flex wp-container-core-columns-is-layout-28f84493 wp-block-columns-is-layout-flex\">\n<div class=\"wp-block-column is-layout-flow wp-block-column-is-layout-flow\" style=\"flex-basis:66.66%\">\n<figure class=\"wp-block-video\"><video controls src=\"https:\/\/projets.ex-situ.info\/etudesdulivre24\/wp-content\/uploads\/sites\/13\/2024\/edl24\/Zapieri_Chiara.mp4\"><\/video><\/figure>\n<\/div>\n\n\n\n<div class=\"wp-block-column is-layout-flow wp-block-column-is-layout-flow\" style=\"flex-basis:33.33%\"><div class=\"wp-block-image\">\n<figure class=\"alignright size-large is-resized\"><img decoding=\"async\" src=\"https:\/\/projets.ex-situ.info\/etudesdulivre24\/wp-content\/uploads\/sites\/13\/2024\/edl24\/Chiara_Zampieri.jpg\" alt=\"\" style=\"aspect-ratio:1;object-fit:cover;width:180px;height:auto\" \/><\/figure>\n<\/div>\n\n\n<h4 class=\"wp-block-heading\">Chiara Zampieri<\/h4>\n\n\n\n<p>Chiara Zampieri est chercheuse junior et Lecturer in French Modern Litt\u00e9rature \u00e0 l\u2019Universit\u00e9\u0301 de Louvain (KU Leuven) en Belgique. En 2023, elle a obtenu un doctorat en \u00e9tudes litt\u00e9raires compar\u00e9es avec une th\u00e8se intitul\u00e9e Voix d\u2019\u00c9trurie. La repr\u00e9sentation de l\u2019antiquit\u00e9\u0301 \u00e9trusque dans la litt\u00e9rature europ\u00e9enne (1840-1940) qu\u2019elle pr\u00e9pare pour publication pour les Presses du Septentrion. Sur la question de la r\u00e9ception artistique et litt\u00e9raire de l\u2019antiquit\u00e9\u0301 \u00e9trusque au XIXe et XXe si\u00e8cles, Chiara Zampieri a \u00e9galement co-dirig\u00e9 le volume Modern Etruscans. Close Encounters with a Distant Past (2023, Leuven University Press \/ Open Access). Ses recherches actuelles, intitul\u00e9es \u00ab Mus\u00e9o-litt\u00e9rature : les mus\u00e9es et la commande aux \u00e9crivain.e.s contemporain.e.s (1995-2023) \u00bb portent sur les relations et interactions entre la litt\u00e9rature contemporaine, les mus\u00e9es et le patrimoine. Chiara Zampieri est \u00e9galement un membre actif des r\u00e9seaux de recherche internationaux RIMELL (Recherches Interdisciplinaires sur la Mus\u00e9ographie et l\u2019Exposition de la Litt\u00e9rature et du Livre) et PatrimoniaLitt\u00e9, qui s\u2019int\u00e9ressent \u00e0 la relation entre la litt\u00e9rature et le patrimoine.<\/p>\n<\/div>\n<\/div>\n\n\n\n<p>Vous avez aim\u00e9 cette communication scientifique? D\u00e9couvrez les autres de <a href=\"https:\/\/projets.ex-situ.info\/etudesdulivre24\/livraison1\/\" data-type=\"link\" data-id=\"https:\/\/projets.ex-situ.info\/etudesdulivre24\/livraison1\/\">cette&nbsp;premi\u00e8re livraison<\/a>.<\/p>\n","protected":false},"excerpt":{"rendered":"<p>Chiara Zampieri Chiara Zampieri est chercheuse junior et Lecturer in French Modern Litt\u00e9rature \u00e0 l\u2019Universit\u00e9\u0301 de Louvain (KU Leuven) en Belgique. En 2023, elle a obtenu un doctorat en \u00e9tudes litt\u00e9raires compar\u00e9es avec une th\u00e8se intitul\u00e9e Voix d\u2019\u00c9trurie. La repr\u00e9sentation de l\u2019antiquit\u00e9\u0301 \u00e9trusque dans la litt\u00e9rature europ\u00e9enne (1840-1940) qu\u2019elle pr\u00e9pare pour publication pour les Presses &#8230; <a title=\"Chiara Zampieri, \u00ab Mus\u00e9o-litt\u00e9rature ou le livre comme dispositif mus\u00e9al\u00a0\u00bb\" class=\"read-more\" href=\"https:\/\/projets.ex-situ.info\/etudesdulivre24\/livraison1\/liv1-czampieri\/\" aria-label=\"En savoir plus sur Chiara Zampieri, \u00ab Mus\u00e9o-litt\u00e9rature ou le livre comme dispositif mus\u00e9al\u00a0\u00bb\">Lire la suite<\/a><\/p>\n","protected":false},"author":3,"featured_media":0,"parent":13,"menu_order":3,"comment_status":"open","ping_status":"closed","template":"","meta":{"footnotes":""},"class_list":["post-61","page","type-page","status-publish"],"_links":{"self":[{"href":"https:\/\/projets.ex-situ.info\/etudesdulivre24\/wp-json\/wp\/v2\/pages\/61","targetHints":{"allow":["GET"]}}],"collection":[{"href":"https:\/\/projets.ex-situ.info\/etudesdulivre24\/wp-json\/wp\/v2\/pages"}],"about":[{"href":"https:\/\/projets.ex-situ.info\/etudesdulivre24\/wp-json\/wp\/v2\/types\/page"}],"author":[{"embeddable":true,"href":"https:\/\/projets.ex-situ.info\/etudesdulivre24\/wp-json\/wp\/v2\/users\/3"}],"replies":[{"embeddable":true,"href":"https:\/\/projets.ex-situ.info\/etudesdulivre24\/wp-json\/wp\/v2\/comments?post=61"}],"version-history":[{"count":6,"href":"https:\/\/projets.ex-situ.info\/etudesdulivre24\/wp-json\/wp\/v2\/pages\/61\/revisions"}],"predecessor-version":[{"id":172,"href":"https:\/\/projets.ex-situ.info\/etudesdulivre24\/wp-json\/wp\/v2\/pages\/61\/revisions\/172"}],"up":[{"embeddable":true,"href":"https:\/\/projets.ex-situ.info\/etudesdulivre24\/wp-json\/wp\/v2\/pages\/13"}],"wp:attachment":[{"href":"https:\/\/projets.ex-situ.info\/etudesdulivre24\/wp-json\/wp\/v2\/media?parent=61"}],"curies":[{"name":"wp","href":"https:\/\/api.w.org\/{rel}","templated":true}]}}