{"id":55,"date":"2024-02-27T20:56:27","date_gmt":"2024-02-27T19:56:27","guid":{"rendered":"https:\/\/projets.ex-situ.info\/etudesdulivre24\/?page_id=55"},"modified":"2024-03-21T13:49:48","modified_gmt":"2024-03-21T12:49:48","slug":"livraison3","status":"publish","type":"page","link":"https:\/\/projets.ex-situ.info\/etudesdulivre24\/livraison3\/","title":{"rendered":"Livraison 3 (21 mars)"},"content":{"rendered":"\n<p>Deux pr\u00e9sentations composent cette derni\u00e8re livraison du colloque \u00c9tudes du livre au XXI<sup>e<\/sup>&nbsp;si\u00e8cle :<\/p>\n\n\n\n<ul class=\"wp-block-list\">\n<li>Oph\u00e9lie Boucher, Universit\u00e9 du Qu\u00e9bec \u00e0 Montr\u00e9al<br><a href=\"https:\/\/projets.ex-situ.info\/etudesdulivre24\/livraison3\/liv3-oboucher\/\" data-type=\"link\" data-id=\"https:\/\/projets.ex-situ.info\/etudesdulivre24\/livraison3\/liv3-oboucher\/\">\u00ab Le roman par courriel: un genre en continuit\u00e9 avec le roman \u00e9pistolaire \u00bb<\/a><\/li>\n\n\n\n<li>Benjamin Arteau-Leclerc, Universit\u00e9 Laval<br><a href=\"https:\/\/projets.ex-situ.info\/etudesdulivre24\/livraison3\/liv3-barteauleclerc\/\" data-type=\"link\" data-id=\"https:\/\/projets.ex-situ.info\/etudesdulivre24\/livraison3\/liv3-barteauleclerc\/\">\u00ab S\u2019isoler pour \u00ab\u00a0mieux\u00a0\u00bb jouer : les fanfictions co\u00e9crites avec une intelligence artificielle sur AI Dungeon \u00bb<\/a><\/li>\n<\/ul>\n\n\n\n<p><strong>D\u00e9couvrez les autres livraisons :<\/strong><\/p>\n\n\n\n<p><a href=\"https:\/\/projets.ex-situ.info\/etudesdulivre24\/livraison1\/\" data-type=\"link\" data-id=\"https:\/\/projets.ex-situ.info\/etudesdulivre24\/livraison1\/\">Premi\u00e8re livraison<\/a> (7 mars)<\/p>\n\n\n\n<p><a href=\"https:\/\/projets.ex-situ.info\/etudesdulivre24\/livraison2\/\" data-type=\"link\" data-id=\"https:\/\/projets.ex-situ.info\/etudesdulivre24\/livraison2\/\">Deuxi\u00e8me livraison<\/a> (14 mars)<\/p>\n","protected":false},"excerpt":{"rendered":"<p>Deux pr\u00e9sentations composent cette derni\u00e8re livraison du colloque \u00c9tudes du livre au XXIe&nbsp;si\u00e8cle : D\u00e9couvrez les autres livraisons : Premi\u00e8re livraison (7 mars) Deuxi\u00e8me livraison (14 mars)<\/p>\n","protected":false},"author":3,"featured_media":0,"parent":0,"menu_order":0,"comment_status":"closed","ping_status":"closed","template":"","meta":{"footnotes":""},"class_list":["post-55","page","type-page","status-publish"],"_links":{"self":[{"href":"https:\/\/projets.ex-situ.info\/etudesdulivre24\/wp-json\/wp\/v2\/pages\/55","targetHints":{"allow":["GET"]}}],"collection":[{"href":"https:\/\/projets.ex-situ.info\/etudesdulivre24\/wp-json\/wp\/v2\/pages"}],"about":[{"href":"https:\/\/projets.ex-situ.info\/etudesdulivre24\/wp-json\/wp\/v2\/types\/page"}],"author":[{"embeddable":true,"href":"https:\/\/projets.ex-situ.info\/etudesdulivre24\/wp-json\/wp\/v2\/users\/3"}],"replies":[{"embeddable":true,"href":"https:\/\/projets.ex-situ.info\/etudesdulivre24\/wp-json\/wp\/v2\/comments?post=55"}],"version-history":[{"count":9,"href":"https:\/\/projets.ex-situ.info\/etudesdulivre24\/wp-json\/wp\/v2\/pages\/55\/revisions"}],"predecessor-version":[{"id":184,"href":"https:\/\/projets.ex-situ.info\/etudesdulivre24\/wp-json\/wp\/v2\/pages\/55\/revisions\/184"}],"wp:attachment":[{"href":"https:\/\/projets.ex-situ.info\/etudesdulivre24\/wp-json\/wp\/v2\/media?parent=55"}],"curies":[{"name":"wp","href":"https:\/\/api.w.org\/{rel}","templated":true}]}}