{"id":53,"date":"2024-02-27T20:56:20","date_gmt":"2024-02-27T19:56:20","guid":{"rendered":"https:\/\/projets.ex-situ.info\/etudesdulivre24\/?page_id=53"},"modified":"2024-03-14T14:01:34","modified_gmt":"2024-03-14T13:01:34","slug":"livraison2","status":"publish","type":"page","link":"https:\/\/projets.ex-situ.info\/etudesdulivre24\/livraison2\/","title":{"rendered":"Livraison 2 (14 mars)"},"content":{"rendered":"\n<p>Trois pr\u00e9sentations composent cette deuxi\u00e8me livraison du colloque \u00c9tudes du livre au XXI<sup>e<\/sup>&nbsp;si\u00e8cle :<\/p>\n\n\n\n<ul class=\"wp-block-list\">\n<li>Victor Krywicki, Universit\u00e9 de Li\u00e8ge<br><a href=\"https:\/\/projets.ex-situ.info\/etudesdulivre24\/livraison2\/liv2-vkrywicki\/\" data-type=\"link\" data-id=\"https:\/\/projets.ex-situ.info\/etudesdulivre24\/livraison2\/liv2-vkrywicki\/\">\u00ab Le best-seller pour adolescent des ann\u00e9es 2010 \u00e0 nos jours. \u00c9l\u00e9ments d\u2019analyse et de m\u00e9thodologie \u00bb<\/a><br><\/li>\n\n\n\n<li>Natacha Pinsonneault, Universit\u00e9 du Qu\u00e9bec \u00e0 Trois-Rivi\u00e8res<br><a href=\"https:\/\/projets.ex-situ.info\/etudesdulivre24\/livraison2\/liv2-npinsonneault\/\" data-type=\"link\" data-id=\"https:\/\/projets.ex-situ.info\/etudesdulivre24\/livraison2\/liv2-npinsonneault\/\">\u00ab Les maisons d\u2019\u00e9dition qu\u00e9b\u00e9coises et leur relation avec la diversit\u00e9 en litt\u00e9rature jeunesse \u00bb<\/a><br><\/li>\n\n\n\n<li>Lolita Duchatel, Universit\u00e9 Paris 1 Panth\u00e9on Sorbonne<br><a href=\"https:\/\/projets.ex-situ.info\/etudesdulivre24\/livraison2\/liv2-lduchatel\/\" data-type=\"link\" data-id=\"https:\/\/projets.ex-situ.info\/etudesdulivre24\/livraison2\/liv2-lduchatel\/\">\u00ab Quand l\u2019acte de lecture devient une pratique d\u2019\u00e9criture et l\u2019acte de critique une pratique de lecture. Enjeux des discours d\u2019amateurs sur leurs lectures via #bookstagramfr \u00bb<\/a><\/li>\n<\/ul>\n\n\n\n<p><strong>D\u00e9couvrez les autres livraisons :<\/strong><\/p>\n\n\n\n<p><a href=\"https:\/\/projets.ex-situ.info\/etudesdulivre24\/livraison1\/\" data-type=\"link\" data-id=\"https:\/\/projets.ex-situ.info\/etudesdulivre24\/livraison1\/\">Premi\u00e8re livraison<\/a> (7 mars)<\/p>\n\n\n\n<p><a href=\"https:\/\/projets.ex-situ.info\/etudesdulivre24\/livraison3\/\" data-type=\"link\" data-id=\"https:\/\/projets.ex-situ.info\/etudesdulivre24\/livraison3\/\">Troisi\u00e8me livraison<\/a> (21 mars)<\/p>\n","protected":false},"excerpt":{"rendered":"<p>Trois pr\u00e9sentations composent cette deuxi\u00e8me livraison du colloque \u00c9tudes du livre au XXIe&nbsp;si\u00e8cle : D\u00e9couvrez les autres livraisons : Premi\u00e8re livraison (7 mars) Troisi\u00e8me livraison (21 mars)<\/p>\n","protected":false},"author":3,"featured_media":0,"parent":0,"menu_order":0,"comment_status":"closed","ping_status":"closed","template":"","meta":{"footnotes":""},"class_list":["post-53","page","type-page","status-publish"],"_links":{"self":[{"href":"https:\/\/projets.ex-situ.info\/etudesdulivre24\/wp-json\/wp\/v2\/pages\/53","targetHints":{"allow":["GET"]}}],"collection":[{"href":"https:\/\/projets.ex-situ.info\/etudesdulivre24\/wp-json\/wp\/v2\/pages"}],"about":[{"href":"https:\/\/projets.ex-situ.info\/etudesdulivre24\/wp-json\/wp\/v2\/types\/page"}],"author":[{"embeddable":true,"href":"https:\/\/projets.ex-situ.info\/etudesdulivre24\/wp-json\/wp\/v2\/users\/3"}],"replies":[{"embeddable":true,"href":"https:\/\/projets.ex-situ.info\/etudesdulivre24\/wp-json\/wp\/v2\/comments?post=53"}],"version-history":[{"count":8,"href":"https:\/\/projets.ex-situ.info\/etudesdulivre24\/wp-json\/wp\/v2\/pages\/53\/revisions"}],"predecessor-version":[{"id":176,"href":"https:\/\/projets.ex-situ.info\/etudesdulivre24\/wp-json\/wp\/v2\/pages\/53\/revisions\/176"}],"wp:attachment":[{"href":"https:\/\/projets.ex-situ.info\/etudesdulivre24\/wp-json\/wp\/v2\/media?parent=53"}],"curies":[{"name":"wp","href":"https:\/\/api.w.org\/{rel}","templated":true}]}}