{"id":24,"date":"2024-02-27T16:44:44","date_gmt":"2024-02-27T15:44:44","guid":{"rendered":"https:\/\/projets.ex-situ.info\/etudesdulivre24\/?page_id=24"},"modified":"2024-02-28T20:29:00","modified_gmt":"2024-02-28T19:29:00","slug":"a-propos-du-colloque-etudes-du-livre-au-xxie-siecle","status":"publish","type":"page","link":"https:\/\/projets.ex-situ.info\/etudesdulivre24\/a-propos-du-colloque-etudes-du-livre-au-xxie-siecle\/","title":{"rendered":"\u00c0 propos"},"content":{"rendered":"\n<h3 class=\"wp-block-heading\">\u00c9quipe<\/h3>\n\n\n\n<h4 class=\"wp-block-heading\">Comit\u00e9 scientifique<\/h4>\n\n\n\n<ul class=\"wp-block-list\">\n<li><a href=\"https:\/\/ex-situ.info\/category\/rene-audet\/\">Ren\u00e9 Audet<\/a>, Universit\u00e9 Laval<\/li>\n\n\n\n<li><a href=\"https:\/\/lqm.uqam.ca\/fr\/membre\/corentin-lahouste\" data-type=\"link\" data-id=\"https:\/\/lqm.uqam.ca\/fr\/membre\/corentin-lahouste\">Corentin Lahouste<\/a>, Universit\u00e9 Laval<\/li>\n\n\n\n<li><a href=\"https:\/\/www.julienlefort-favreau.com\/\">Julien Lefort-Favreau<\/a>, Universit\u00e9 Queen\u2019s<\/li>\n\n\n\n<li><a href=\"http:\/\/www.uqtr.ca\/PagePerso\/Melodie.Simard-Houde\">M\u00e9lodie Simard-Houde<\/a>, Universit\u00e9 du Qu\u00e9bec \u00e0 Trois-Rivi\u00e8res<\/li>\n<\/ul>\n\n\n\n<h4 class=\"wp-block-heading\">Coordination<\/h4>\n\n\n\n<ul class=\"wp-block-list\">\n<li><a href=\"https:\/\/lqm.uqam.ca\/fr\/membre\/juliette-bernatchez\" data-type=\"link\" data-id=\"https:\/\/lqm.uqam.ca\/fr\/membre\/juliette-bernatchez\">Juliette Bernatchez<\/a>, professionnelle de recherche, Ex situ<\/li>\n<\/ul>\n\n\n\n<h4 class=\"wp-block-heading\">Partenaires de l\u2019\u00e9v\u00e9nement<\/h4>\n\n\n\n<ul class=\"wp-block-list\">\n<li><a href=\"https:\/\/lqm.uqam.ca\/\">Litt\u00e9rature qu\u00e9b\u00e9coise mobile<\/a>,&nbsp;<a href=\"https:\/\/ex-situ.info\/\">p\u00f4le Qu\u00e9bec<\/a><\/li>\n<\/ul>\n\n\n\n<h4 class=\"wp-block-heading\">Contact<\/h4>\n\n\n\n<p>Pour toute question ou information,&nbsp;<a href=\"mailto:lqm.quebec@gmail.com\">contactez l\u2019\u00e9quipe<\/a>.<\/p>\n","protected":false},"excerpt":{"rendered":"<p>\u00c9quipe Comit\u00e9 scientifique Coordination Partenaires de l\u2019\u00e9v\u00e9nement Contact Pour toute question ou information,&nbsp;contactez l\u2019\u00e9quipe.<\/p>\n","protected":false},"author":3,"featured_media":0,"parent":0,"menu_order":0,"comment_status":"closed","ping_status":"closed","template":"","meta":{"footnotes":""},"class_list":["post-24","page","type-page","status-publish"],"_links":{"self":[{"href":"https:\/\/projets.ex-situ.info\/etudesdulivre24\/wp-json\/wp\/v2\/pages\/24","targetHints":{"allow":["GET"]}}],"collection":[{"href":"https:\/\/projets.ex-situ.info\/etudesdulivre24\/wp-json\/wp\/v2\/pages"}],"about":[{"href":"https:\/\/projets.ex-situ.info\/etudesdulivre24\/wp-json\/wp\/v2\/types\/page"}],"author":[{"embeddable":true,"href":"https:\/\/projets.ex-situ.info\/etudesdulivre24\/wp-json\/wp\/v2\/users\/3"}],"replies":[{"embeddable":true,"href":"https:\/\/projets.ex-situ.info\/etudesdulivre24\/wp-json\/wp\/v2\/comments?post=24"}],"version-history":[{"count":6,"href":"https:\/\/projets.ex-situ.info\/etudesdulivre24\/wp-json\/wp\/v2\/pages\/24\/revisions"}],"predecessor-version":[{"id":129,"href":"https:\/\/projets.ex-situ.info\/etudesdulivre24\/wp-json\/wp\/v2\/pages\/24\/revisions\/129"}],"wp:attachment":[{"href":"https:\/\/projets.ex-situ.info\/etudesdulivre24\/wp-json\/wp\/v2\/media?parent=24"}],"curies":[{"name":"wp","href":"https:\/\/api.w.org\/{rel}","templated":true}]}}