{"id":94,"date":"2021-02-18T14:14:24","date_gmt":"2021-02-18T19:14:24","guid":{"rendered":"https:\/\/projets.ex-situ.info\/etudesdulivre21\/?page_id=94"},"modified":"2022-03-17T11:05:07","modified_gmt":"2022-03-17T15:05:07","slug":"conditions-generales-dutilisation","status":"publish","type":"page","link":"https:\/\/projets.ex-situ.info\/etudesdulivre21\/conditions-generales-dutilisation\/","title":{"rendered":"Conditions g\u00e9n\u00e9rales d&rsquo;utilisation"},"content":{"rendered":"\n<h4 class=\"wp-block-heading\" id=\"article-1-informations-legales\">Article 1. Informations l\u00e9gales<\/h4>\n\n\n\n<p>Le site <em>projets.ex-situ.info<\/em>\/<em>etudesdulivre21<\/em>&nbsp;est \u00e9dit\u00e9, dirig\u00e9 et h\u00e9berg\u00e9 par :<\/p>\n\n\n\n<blockquote class=\"wp-block-quote is-layout-flow wp-block-quote-is-layout-flow\"><p>Ren\u00e9 Audet<br>D\u00e9partement de litt\u00e9rature, th\u00e9\u00e2tre et cin\u00e9ma<br>Pavillon Louis-Jacques-Casault<br>1055, avenue du S\u00e9minaire, Universit\u00e9 Laval, Qu\u00e9bec, G1V 0A6<br><br>T\u00e9l\u00e9phone : 418-656-3151<br>Courriel :&nbsp;<a href=\"mailto:rene.audet@lit.ulaval.ca\">rene.audet@lit.ulaval.ca<\/a><\/p><\/blockquote>\n\n\n\n<h4 class=\"wp-block-heading\" id=\"article-2-presentation-du-site\">Article 2. Pr\u00e9sentation du site<\/h4>\n\n\n\n<p>Le site&nbsp;<em><em>projets.ex-situ.info<\/em>\/<em>etudesdulivre21<\/em> <\/em>a pour objet de :<\/p>\n\n\n\n<ul class=\"wp-block-list\"><li>Donner acc\u00e8s aux pr\u00e9sentations de jeunes chercheur.e.s sur leurs travaux men\u00e9s dans le champ des \u00e9tudes du livre au XXIe si\u00e8cle.<\/li><li>De donner la chance \u00e0 ces personnes et \u00e0 des visiteurs d&rsquo;interagir sur les pr\u00e9sentations propos\u00e9es.<\/li><\/ul>\n\n\n\n<h4 class=\"wp-block-heading\" id=\"article-3-contact\">Article 3. Contact<\/h4>\n\n\n\n<p>Pour toute question ou demande d&rsquo;information concernant le site, ou tout signalement de contenu ou d&rsquo;activit\u00e9s illicites, l&rsquo;utilisateur peut contacter l&rsquo;\u00e9diteur \u00e0 l&rsquo;adresse courriel suivante:&nbsp;<a href=\"mailto:rene.audet@lit.ulaval.ca\">rene.audet@lit.ulaval.ca<\/a>&nbsp;ou adresser un courrier recommand\u00e9 avec accus\u00e9 de r\u00e9ception \u00e0 :<\/p>\n\n\n\n<blockquote class=\"wp-block-quote is-layout-flow wp-block-quote-is-layout-flow\"><p>Ren\u00e9 Audet<br>D\u00e9partement de litt\u00e9rature, th\u00e9\u00e2tre et cin\u00e9ma<br>Pavillon Louis-Jacques-Casault<br>1055, avenue du S\u00e9minaire, Universit\u00e9 Laval, Qu\u00e9bec, G1V 0A6<br><\/p><\/blockquote>\n\n\n\n<h4 class=\"wp-block-heading\" id=\"article-4-acceptation-des-conditions-d-utilisation\">Article 4. Acceptation des conditions d&rsquo;utilisation<\/h4>\n\n\n\n<p>L&rsquo;acc\u00e8s et l&rsquo;utilisation du site sont soumis \u00e0 l&rsquo;acceptation et au respect des pr\u00e9sentes Conditions G\u00e9n\u00e9rales d&rsquo;Utilisation.<\/p>\n\n\n\n<p>L&rsquo;\u00e9diteur se r\u00e9serve le droit de modifier, \u00e0 tout moment et sans pr\u00e9avis, le site et des services ainsi que les pr\u00e9sentes CGU, notamment pour s&rsquo;adapter aux \u00e9volutions du site par la mise \u00e0 disposition de nouvelles fonctionnalit\u00e9s ou la suppression ou la modification de fonctionnalit\u00e9s existantes.<\/p>\n\n\n\n<p>Il est donc conseill\u00e9 \u00e0 l&rsquo;utilisateur de se r\u00e9f\u00e9rer avant toute navigation \u00e0 la derni\u00e8re version des CGU, accessible \u00e0 tout moment sur le site. En cas de d\u00e9saccord avec les CGU, aucun usage du site ne saurait \u00eatre effectu\u00e9 par l&rsquo;utilisateur.<\/p>\n\n\n\n<h4 class=\"wp-block-heading\" id=\"article-5-acces-et-navigation\">Article 5. Acc\u00e8s et navigation<\/h4>\n\n\n\n<p>L&rsquo;\u00e9diteur met en \u0153uvre les solutions techniques \u00e0 sa disposition pour permettre l&rsquo;acc\u00e8s au site 24 heures sur 24, 7 jours sur 7. Il pourra n\u00e9anmoins \u00e0 tout moment suspendre, limiter ou interrompre l&rsquo;acc\u00e8s au site ou \u00e0 certaines pages de celui-ci afin de proc\u00e9der \u00e0 des mises \u00e0 jours, des modifications de son contenu ou tout autre action jug\u00e9e n\u00e9cessaire au bon fonctionnement du site.<\/p>\n\n\n\n<p>La connexion et la navigation sur le site&nbsp;<em><em><em>projets.ex-situ.info<\/em>\/<em>etudesdulivre21<\/em><\/em> <\/em>valent acceptation sans r\u00e9serve des pr\u00e9sentes Conditions G\u00e9n\u00e9rales d&rsquo;Utilisation, quelques soient les moyens techniques d&rsquo;acc\u00e8s et les terminaux utilis\u00e9s.<\/p>\n\n\n\n<p>Les pr\u00e9sentes CGU s&rsquo;appliquent, en tant que de besoin, \u00e0 toute d\u00e9clinaison ou extension du site sur les r\u00e9seaux sociaux et\/ou communautaires existants ou \u00e0 venir.<\/p>\n\n\n\n<h4 class=\"wp-block-heading\" id=\"article-6-gestion-du-site\">Article 6. Gestion du site<\/h4>\n\n\n\n<p>Pour la bonne gestion du site, l&rsquo;\u00e9diteur pourra \u00e0 tout moment :<\/p>\n\n\n\n<ul class=\"wp-block-list\"><li>Suspendre, interrompre ou limiter l&rsquo;acc\u00e8s \u00e0 tout ou partie du site, r\u00e9server l&rsquo;acc\u00e8s au site, ou \u00e0 certaines parties du site, \u00e0 une cat\u00e9gorie d\u00e9termin\u00e9e d&rsquo;internaute ;<\/li><li>Supprimer toute information pouvant en perturber le fonctionnement ou entrant en contravention avec les lois nationales ou internationales, ou avec les r\u00e8gles de la N\u00e9tiquette ;<\/li><li>Suspendre le site afin de proc\u00e9der \u00e0 des mises \u00e0 jour.<\/li><\/ul>\n\n\n\n<h4 class=\"wp-block-heading\" id=\"article-7-responsabilites\">Article 7. Responsabilit\u00e9s<\/h4>\n\n\n\n<p>L&rsquo;\u00e9diteur n&rsquo;est responsable que du contenu qu&rsquo;il a lui-m\u00eame \u00e9dit\u00e9.<\/p>\n\n\n\n<p>L&rsquo;\u00e9diteur n&rsquo;est pas responsable :<\/p>\n\n\n\n<ul class=\"wp-block-list\"><li>En cas de probl\u00e9matiques ou d\u00e9faillances techniques, informatiques ou de compatibilit\u00e9 du site avec un mat\u00e9riel ou logiciel quel qu&rsquo;il soit ;<\/li><li>Des dommages directs ou indirects, mat\u00e9riels ou immat\u00e9riels, pr\u00e9visibles ou impr\u00e9visibles r\u00e9sultant de l&rsquo;utilisation ou des difficult\u00e9s d&rsquo;utilisation du site ou de ses services ;<\/li><li>Des caract\u00e9ristiques intrins\u00e8ques de l&rsquo;Internet, notamment celles relatives au manque de fiabilit\u00e9 et au d\u00e9faut de s\u00e9curisation des informations y circulant ;<\/li><li>Des contenus ou activit\u00e9s illicites utilisant son site et ce, sans qu&rsquo;il en ait pris d\u00fbment connaissance au sens de la Loi sur la protection des renseignements personnels.<\/li><\/ul>\n\n\n\n<p>Par ailleurs, le site ne saurait garantir l&rsquo;exactitude, la compl\u00e9tude, et l&rsquo;actualit\u00e9 des informations qui y sont diffus\u00e9es.<\/p>\n\n\n\n<p>L&rsquo;utilisateur est responsable :<\/p>\n\n\n\n<ul class=\"wp-block-list\"><li>De la protection de son mat\u00e9riel et de ses donn\u00e9es ;<\/li><li>De l&rsquo;utilisation qu&rsquo;il fait du site ou de ses services ;<\/li><li>S&rsquo;il ne respecte ni la lettre, ni l&rsquo;esprit des pr\u00e9sentes CGU.<\/li><\/ul>\n\n\n\n<h4 class=\"wp-block-heading\" id=\"article-8-liens-hypertextes\">Article 8. Liens hypertextes<\/h4>\n\n\n\n<p>Le site peut contenir des liens hypertextes pointant vers d&rsquo;autres sites internet sur lesquels&nbsp;<em><em><em>projets.ex-situ.info<\/em>\/<em>etudesdulivre21<\/em><\/em><\/em>&nbsp;n&rsquo;exerce pas de contr\u00f4le. Malgr\u00e9 les v\u00e9rifications pr\u00e9alables et r\u00e9guli\u00e8res r\u00e9alis\u00e9s par l&rsquo;\u00e9diteur, celui-ci d\u00e9cline tout responsabilit\u00e9 quant aux contenus qu&rsquo;il est possible de trouver sur ces sites.<\/p>\n\n\n\n<p>L&rsquo;\u00e9diteur autorise la mise en place de liens hypertextes vers toute page ou document de son site sous r\u00e9serve que la mise en place de ces liens ne soit pas r\u00e9alis\u00e9e \u00e0 des fins commerciales ou publicitaires.<\/p>\n\n\n\n<p>En outre, l&rsquo;information pr\u00e9alable de l&rsquo;\u00e9diteur du site est n\u00e9cessaire avant toute mise en place de lien hypertexte.<\/p>\n\n\n\n<p>Sont exclus de cette autorisation les sites diffusant des informations \u00e0 caract\u00e8re illicite, violent, pol\u00e9mique, pornographique, x\u00e9nophobe ou pouvant porter atteinte \u00e0 la sensibilit\u00e9 du plus grand nombre.<\/p>\n\n\n\n<p>Enfin,&nbsp;<em><em><em>projets.ex-situ.info<\/em>\/<em>etudesdulivre21<\/em><\/em><\/em>&nbsp;se r\u00e9serve le droit de faire supprimer \u00e0 tout moment un lien hypertexte pointant vers son site, si le site l&rsquo;estime non conforme \u00e0 sa politique \u00e9ditoriale.<\/p>\n\n\n\n<h4 class=\"wp-block-heading\" id=\"article-9-confidentialite\">Article 9 : Confidentialit\u00e9<\/h4>\n\n\n\n<p>En plus des pr\u00e9sentes Conditions G\u00e9n\u00e9rales, le site dispose d&rsquo;une politique de confidentialit\u00e9 qui d\u00e9crit la mani\u00e8re dont les donn\u00e9es \u00e0 caract\u00e8re personnel sont trait\u00e9es lorsque l&rsquo;utilisateur se rend sur le site, ainsi que la mani\u00e8re dont les cookies sont utilis\u00e9s.<\/p>\n\n\n\n<p>En naviguant sur le site, l&rsquo;utilisateur d\u00e9clare avoir \u00e9galement pris connaissance de la politique de confidentialit\u00e9 susmentionn\u00e9e.<\/p>\n\n\n\n<h4 class=\"wp-block-heading\" id=\"article-10-propriete-intellectuelle\">Article 10. Propri\u00e9t\u00e9 intellectuelle<\/h4>\n\n\n\n<p>La structuration du site mais aussi les textes, graphiques, images, photographies, sons, vid\u00e9os et applications informatiques qui le composent sont la propri\u00e9t\u00e9 de l&rsquo;\u00e9diteur et sont prot\u00e9g\u00e9s comme tels par les lois en vigueur au titre de la propri\u00e9t\u00e9 intellectuelle.<\/p>\n\n\n\n<p>Toute repr\u00e9sentation, reproduction, adaptation ou exploitation partielle ou totale des contenus, marques d\u00e9pos\u00e9es et services propos\u00e9s par le site, par quelque proc\u00e9d\u00e9 que ce soit, sans l&rsquo;autorisation pr\u00e9alable, expresse et \u00e9crite de l&rsquo;\u00e9diteur, est strictement interdite et serait susceptible de constituer une contrefa\u00e7on au sens de des r\u00e9gimes applicables sur la propri\u00e9t\u00e9 intellectuelle. Et ce, \u00e0 l&rsquo;exception des \u00e9l\u00e9ments express\u00e9ment d\u00e9sign\u00e9s comme libres de droits sur le site.<\/p>\n\n\n\n<p>L&rsquo;acc\u00e8s au site ne vaut pas reconnaissance d&rsquo;un droit et, de mani\u00e8re g\u00e9n\u00e9rale, ne conf\u00e8re aucun droit de propri\u00e9t\u00e9 intellectuelle relatif \u00e0 un \u00e9l\u00e9ment du site, lesquels restent la propri\u00e9t\u00e9 exclusive de l&rsquo;\u00e9diteur.<\/p>\n\n\n\n<p>Il est interdit \u00e0 l&rsquo;utilisateur d&rsquo;introduire des donn\u00e9es sur le site qui modifieraient ou qui seraient susceptibles d&rsquo;en modifier le contenu ou l&rsquo;apparence.<\/p>\n","protected":false},"excerpt":{"rendered":"<p>Article 1. Informations l\u00e9gales Le site projets.ex-situ.info\/etudesdulivre21&nbsp;est \u00e9dit\u00e9, dirig\u00e9 et h\u00e9berg\u00e9 par : Ren\u00e9 AudetD\u00e9partement de litt\u00e9rature, th\u00e9\u00e2tre et cin\u00e9maPavillon Louis-Jacques-Casault1055, avenue du S\u00e9minaire, Universit\u00e9 Laval, Qu\u00e9bec, G1V 0A6 T\u00e9l\u00e9phone : 418-656-3151Courriel :&nbsp;rene.audet@lit.ulaval.ca Article 2. Pr\u00e9sentation du site Le site&nbsp;projets.ex-situ.info\/etudesdulivre21 a pour objet de : Donner acc\u00e8s aux pr\u00e9sentations de jeunes chercheur.e.s sur leurs travaux &#8230; <a title=\"Conditions g\u00e9n\u00e9rales d&rsquo;utilisation\" class=\"read-more\" href=\"https:\/\/projets.ex-situ.info\/etudesdulivre21\/conditions-generales-dutilisation\/\" aria-label=\"En savoir plus sur Conditions g\u00e9n\u00e9rales d&rsquo;utilisation\">Lire la suite<\/a><\/p>\n","protected":false},"author":2,"featured_media":0,"parent":0,"menu_order":0,"comment_status":"closed","ping_status":"closed","template":"","meta":{"footnotes":""},"class_list":["post-94","page","type-page","status-publish"],"_links":{"self":[{"href":"https:\/\/projets.ex-situ.info\/etudesdulivre21\/wp-json\/wp\/v2\/pages\/94","targetHints":{"allow":["GET"]}}],"collection":[{"href":"https:\/\/projets.ex-situ.info\/etudesdulivre21\/wp-json\/wp\/v2\/pages"}],"about":[{"href":"https:\/\/projets.ex-situ.info\/etudesdulivre21\/wp-json\/wp\/v2\/types\/page"}],"author":[{"embeddable":true,"href":"https:\/\/projets.ex-situ.info\/etudesdulivre21\/wp-json\/wp\/v2\/users\/2"}],"replies":[{"embeddable":true,"href":"https:\/\/projets.ex-situ.info\/etudesdulivre21\/wp-json\/wp\/v2\/comments?post=94"}],"version-history":[{"count":3,"href":"https:\/\/projets.ex-situ.info\/etudesdulivre21\/wp-json\/wp\/v2\/pages\/94\/revisions"}],"predecessor-version":[{"id":517,"href":"https:\/\/projets.ex-situ.info\/etudesdulivre21\/wp-json\/wp\/v2\/pages\/94\/revisions\/517"}],"wp:attachment":[{"href":"https:\/\/projets.ex-situ.info\/etudesdulivre21\/wp-json\/wp\/v2\/media?parent=94"}],"curies":[{"name":"wp","href":"https:\/\/api.w.org\/{rel}","templated":true}]}}