{"id":9,"date":"2021-02-10T21:15:40","date_gmt":"2021-02-11T02:15:40","guid":{"rendered":"https:\/\/projets.ex-situ.info\/etudesdulivre21\/?page_id=9"},"modified":"2021-07-14T12:13:33","modified_gmt":"2021-07-14T16:13:33","slug":"lahouste","status":"publish","type":"page","link":"https:\/\/projets.ex-situ.info\/etudesdulivre21\/liv1\/lahouste\/","title":{"rendered":"Corentin Lahouste, \u00ab Difformations livresques contemporaines\u00a0\u00bb"},"content":{"rendered":"\n<div class=\"wp-block-columns is-layout-flex wp-container-core-columns-is-layout-28f84493 wp-block-columns-is-layout-flex\">\n<div class=\"wp-block-column is-layout-flow wp-block-column-is-layout-flow\" style=\"flex-basis:60%\">\n<figure class=\"wp-block-video\"><video controls src=\"https:\/\/projets.ex-situ.info\/etudesdulivre21\/wp-content\/uploads\/sites\/4\/Lahouste.mp4\"><\/video><\/figure>\n\n\n\n<h4 class=\"wp-block-heading\"><br>Liens compl\u00e9mentaires<\/h4>\n\n\n\n<ul class=\"wp-block-list\"><li>Pr\u00e9sentation vid\u00e9o du livre <em>Speedboat<\/em> : <a href=\"https:\/\/vimeo.com\/323182544\">https:\/\/vimeo.com\/323182544<\/a><\/li><li>Acc\u00e8s au weblivre&nbsp;<em>Kalces<\/em>, de Florence Jou, Samuel Jan et Margaux Meurisse : <a href=\"https:\/\/publie.net\/weblivres\/kalces\/kalces.html\">https:\/\/publie.net\/weblivres\/kalces\/kalces.html<\/a><\/li><li>Site de Yoan Robin sur <em>Les promesses d&rsquo;un r\u00e9cit<\/em> : <a href=\"https:\/\/yoanrobin.xyz\/project\/playread\/\">https:\/\/yoanrobin.xyz\/project\/playread\/<\/a> (et autres photos et d\u00e9tails dans le document : <a href=\"https:\/\/drive.google.com\/file\/d\/12y2-Aj2R_hz7KHLOrc4YNNv15YfLv-2r\/view\">https:\/\/drive.google.com\/file\/d\/12y2-Aj2R_hz7KHLOrc4YNNv15YfLv-2r\/view<\/a>).<\/li><\/ul>\n<\/div>\n\n\n\n<div class=\"wp-block-column is-layout-flow wp-block-column-is-layout-flow\" style=\"flex-basis:33.33%\">\n<h3 class=\"has-text-align-left wp-block-heading\">Corentin Lahouste<\/h3>\n\n\n\n<div class=\"wp-block-image is-style-default\"><figure class=\"alignright size-large is-resized\"><img decoding=\"async\" src=\"https:\/\/projets.ex-situ.info\/etudesdulivre21\/wp-content\/uploads\/sites\/4\/2021\/02\/LAHOUSTE-photo.png\" alt=\"Corentin Lahouste\" class=\"wp-image-10\" width=\"200\" srcset=\"https:\/\/projets.ex-situ.info\/etudesdulivre21\/wp-content\/uploads\/sites\/4\/2021\/02\/LAHOUSTE-photo.png 213w, https:\/\/projets.ex-situ.info\/etudesdulivre21\/wp-content\/uploads\/sites\/4\/2021\/02\/LAHOUSTE-photo-150x150.png 150w\" sizes=\"(max-width: 213px) 100vw, 213px\" \/><\/figure><\/div>\n\n\n\n<p class=\"bio\">Corentin Lahouste, docteur en langues et lettres de l\u2019UCLouvain, est chercheur au sein du Centre de Recherche sur l\u2019Imaginaire de cette m\u00eame institution o\u00f9 il est \u00e9galement charg\u00e9 du cours de Th\u00e9ories et pratiques culturelles.<\/p>\n\n\n\n<p class=\"bio\">Il est l\u2019auteur d\u2019une th\u00e8se, soutenue en mars 2019 et effectu\u00e9e sous la co-direction de la professeure Myriam Watthee-Delmotte (UCLouvain) et du professeur Bertrand Gervais (UQAM, Canada), consacr\u00e9e aux figures, formes et postures de l\u2019anarchique dans la litt\u00e9rature contemporaine en langue fran\u00e7aise du livre et de l\u2019\u00e9cran.<\/p>\n\n\n\n<p class=\"bio\">Ses travaux, qui portent sur la litt\u00e9rature contemporaine de langue fran\u00e7aise, ont tout particuli\u00e8rement trait aux liens entre litt\u00e9rature et politique de m\u00eame qu\u2019\u00e0 la complexit\u00e9 et diversification m\u00e9diatiques de l\u2019acte po\u00e9tique. Il est actuellement associ\u00e9 au programme de recherches HANDLING qu\u2019il a rejoint en octobre 2020 comme postdoctorant responsable de la p\u00e9riode contemporaine.<\/p>\n<\/div>\n<\/div>\n\n\n\n<p>Vous avez aim\u00e9 cette communication scientifique? D\u00e9couvrez les autres de cette <a href=\"https:\/\/projets.ex-situ.info\/etudesdulivre21\/liv1\/\">premi\u00e8re livraison<\/a>.<\/p>\n","protected":false},"excerpt":{"rendered":"<p>Liens compl\u00e9mentaires Pr\u00e9sentation vid\u00e9o du livre Speedboat : https:\/\/vimeo.com\/323182544 Acc\u00e8s au weblivre&nbsp;Kalces, de Florence Jou, Samuel Jan et Margaux Meurisse : https:\/\/publie.net\/weblivres\/kalces\/kalces.html Site de Yoan Robin sur Les promesses d&rsquo;un r\u00e9cit : https:\/\/yoanrobin.xyz\/project\/playread\/ (et autres photos et d\u00e9tails dans le document : https:\/\/drive.google.com\/file\/d\/12y2-Aj2R_hz7KHLOrc4YNNv15YfLv-2r\/view). Corentin Lahouste Corentin Lahouste, docteur en langues et lettres de l\u2019UCLouvain, est &#8230; <a title=\"Corentin Lahouste, \u00ab Difformations livresques contemporaines\u00a0\u00bb\" class=\"read-more\" href=\"https:\/\/projets.ex-situ.info\/etudesdulivre21\/liv1\/lahouste\/\" aria-label=\"En savoir plus sur Corentin Lahouste, \u00ab Difformations livresques contemporaines\u00a0\u00bb\">Lire la suite<\/a><\/p>\n","protected":false},"author":2,"featured_media":0,"parent":16,"menu_order":1,"comment_status":"closed","ping_status":"closed","template":"","meta":{"footnotes":""},"class_list":["post-9","page","type-page","status-publish"],"_links":{"self":[{"href":"https:\/\/projets.ex-situ.info\/etudesdulivre21\/wp-json\/wp\/v2\/pages\/9","targetHints":{"allow":["GET"]}}],"collection":[{"href":"https:\/\/projets.ex-situ.info\/etudesdulivre21\/wp-json\/wp\/v2\/pages"}],"about":[{"href":"https:\/\/projets.ex-situ.info\/etudesdulivre21\/wp-json\/wp\/v2\/types\/page"}],"author":[{"embeddable":true,"href":"https:\/\/projets.ex-situ.info\/etudesdulivre21\/wp-json\/wp\/v2\/users\/2"}],"replies":[{"embeddable":true,"href":"https:\/\/projets.ex-situ.info\/etudesdulivre21\/wp-json\/wp\/v2\/comments?post=9"}],"version-history":[{"count":11,"href":"https:\/\/projets.ex-situ.info\/etudesdulivre21\/wp-json\/wp\/v2\/pages\/9\/revisions"}],"predecessor-version":[{"id":513,"href":"https:\/\/projets.ex-situ.info\/etudesdulivre21\/wp-json\/wp\/v2\/pages\/9\/revisions\/513"}],"up":[{"embeddable":true,"href":"https:\/\/projets.ex-situ.info\/etudesdulivre21\/wp-json\/wp\/v2\/pages\/16"}],"wp:attachment":[{"href":"https:\/\/projets.ex-situ.info\/etudesdulivre21\/wp-json\/wp\/v2\/media?parent=9"}],"curies":[{"name":"wp","href":"https:\/\/api.w.org\/{rel}","templated":true}]}}