{"id":385,"date":"2021-05-03T09:34:15","date_gmt":"2021-05-03T13:34:15","guid":{"rendered":"https:\/\/projets.ex-situ.info\/etudesdulivre21\/?page_id=385"},"modified":"2021-07-14T11:42:41","modified_gmt":"2021-07-14T15:42:41","slug":"parmentier","status":"publish","type":"page","link":"https:\/\/projets.ex-situ.info\/etudesdulivre21\/liv5\/parmentier\/","title":{"rendered":"St\u00e9phanie Parmentier, \u00ab Les livres du XXI<sup>e<\/sup> si\u00e8cle seront sur Wattpad, KDP ou TikToK ou ne seront pas ? \u00bb"},"content":{"rendered":"\n<div class=\"wp-block-columns is-layout-flex wp-container-core-columns-is-layout-28f84493 wp-block-columns-is-layout-flex\">\n<div class=\"wp-block-column is-layout-flow wp-block-column-is-layout-flow\" style=\"flex-basis:66.66%\">\n<figure class=\"wp-block-audio\"><audio controls src=\"https:\/\/projets.ex-situ.info\/etudesdulivre21\/wp-content\/uploads\/sites\/4\/Parmentier.m4a\"><\/audio><\/figure>\n\n\n\n<figure class=\"wp-block-image size-large\"><img loading=\"lazy\" decoding=\"async\" width=\"1024\" height=\"348\" src=\"https:\/\/projets.ex-situ.info\/etudesdulivre21\/wp-content\/uploads\/sites\/4\/2021\/05\/wattpad-1024x348.jpg\" alt=\"logo wattpad\" class=\"wp-image-392\" srcset=\"https:\/\/projets.ex-situ.info\/etudesdulivre21\/wp-content\/uploads\/sites\/4\/2021\/05\/wattpad-1024x348.jpg 1024w, https:\/\/projets.ex-situ.info\/etudesdulivre21\/wp-content\/uploads\/sites\/4\/2021\/05\/wattpad-300x102.jpg 300w, https:\/\/projets.ex-situ.info\/etudesdulivre21\/wp-content\/uploads\/sites\/4\/2021\/05\/wattpad-768x261.jpg 768w, https:\/\/projets.ex-situ.info\/etudesdulivre21\/wp-content\/uploads\/sites\/4\/2021\/05\/wattpad-1536x522.jpg 1536w, https:\/\/projets.ex-situ.info\/etudesdulivre21\/wp-content\/uploads\/sites\/4\/2021\/05\/wattpad.jpg 1920w\" sizes=\"auto, (max-width: 1024px) 100vw, 1024px\" \/><\/figure>\n\n\n\n<figure class=\"wp-block-image size-large\"><img loading=\"lazy\" decoding=\"async\" width=\"1024\" height=\"683\" src=\"https:\/\/projets.ex-situ.info\/etudesdulivre21\/wp-content\/uploads\/sites\/4\/2021\/05\/tiktok-1024x683.jpg\" alt=\"\" class=\"wp-image-391\" srcset=\"https:\/\/projets.ex-situ.info\/etudesdulivre21\/wp-content\/uploads\/sites\/4\/2021\/05\/tiktok-1024x683.jpg 1024w, https:\/\/projets.ex-situ.info\/etudesdulivre21\/wp-content\/uploads\/sites\/4\/2021\/05\/tiktok-300x200.jpg 300w, https:\/\/projets.ex-situ.info\/etudesdulivre21\/wp-content\/uploads\/sites\/4\/2021\/05\/tiktok-768x512.jpg 768w, https:\/\/projets.ex-situ.info\/etudesdulivre21\/wp-content\/uploads\/sites\/4\/2021\/05\/tiktok-1536x1024.jpg 1536w, https:\/\/projets.ex-situ.info\/etudesdulivre21\/wp-content\/uploads\/sites\/4\/2021\/05\/tiktok.jpg 1920w\" sizes=\"auto, (max-width: 1024px) 100vw, 1024px\" \/><\/figure>\n\n\n\n<figure class=\"wp-block-image size-large\"><img loading=\"lazy\" decoding=\"async\" width=\"860\" height=\"323\" src=\"https:\/\/projets.ex-situ.info\/etudesdulivre21\/wp-content\/uploads\/sites\/4\/2021\/05\/KDP.png\" alt=\"\" class=\"wp-image-390\" srcset=\"https:\/\/projets.ex-situ.info\/etudesdulivre21\/wp-content\/uploads\/sites\/4\/2021\/05\/KDP.png 860w, https:\/\/projets.ex-situ.info\/etudesdulivre21\/wp-content\/uploads\/sites\/4\/2021\/05\/KDP-300x113.png 300w, https:\/\/projets.ex-situ.info\/etudesdulivre21\/wp-content\/uploads\/sites\/4\/2021\/05\/KDP-768x288.png 768w\" sizes=\"auto, (max-width: 860px) 100vw, 860px\" \/><\/figure>\n<\/div>\n\n\n\n<div class=\"wp-block-column is-layout-flow wp-block-column-is-layout-flow\" style=\"flex-basis:33.33%\">\n<h3 class=\"wp-block-heading\">St\u00e9phanie Parmentier<\/h3>\n\n\n\n<div class=\"wp-block-image\"><figure class=\"alignright size-large\"><img loading=\"lazy\" decoding=\"async\" width=\"151\" height=\"200\" src=\"https:\/\/projets.ex-situ.info\/etudesdulivre21\/wp-content\/uploads\/sites\/4\/2021\/05\/Parmentier-1.png\" alt=\"\" class=\"wp-image-388\"\/><\/figure><\/div>\n\n\n\n<p class=\"bio\">St\u00e9phanie Parmentier est professeure documentaliste dans le secondaire au sein de l\u2019\u00c9ducation nationale dans l\u2019acad\u00e9mie d\u2019Aix-Marseille en France.<\/p>\n\n\n\n<p class=\"bio\">Chercheuse associ\u00e9e \u00e0 l\u2019<a href=\"https:\/\/ejcam.univ-amu.fr\/fr\/laboratoire-imsic\" target=\"_blank\" rel=\"noreferrer noopener\">IMSIC (AMU)<\/a>, elle est docteure en lettres modernes avec une th\u00e8se qui porte sur l\u2019\u00e9dition ind\u00e9pendante intitul\u00e9e \u00ab\u00a0Du compte d\u2019auteur \u00e0 l\u2019auto-\u00e9dition num\u00e9rique : \u00e9tude des formes et des pratiques de l\u2019\u00e9dition non s\u00e9lective\u00a0\u00bb, dirig\u00e9e par Olivier Bessard-Banquy \u00e0 l\u2019Universit\u00e9 Bordeaux-Montaigne soutenue en septembre 2020.<\/p>\n<\/div>\n<\/div>\n\n\n\n<p>Vous avez aim\u00e9 cette communication scientifique? D\u00e9couvrez les autres de cette <a href=\"https:\/\/projets.ex-situ.info\/etudesdulivre21\/liv5\/\">cinqui\u00e8me livraison<\/a>.<\/p>\n","protected":false},"excerpt":{"rendered":"<p>St\u00e9phanie Parmentier St\u00e9phanie Parmentier est professeure documentaliste dans le secondaire au sein de l\u2019\u00c9ducation nationale dans l\u2019acad\u00e9mie d\u2019Aix-Marseille en France. Chercheuse associ\u00e9e \u00e0 l\u2019IMSIC (AMU), elle est docteure en lettres modernes avec une th\u00e8se qui porte sur l\u2019\u00e9dition ind\u00e9pendante intitul\u00e9e \u00ab\u00a0Du compte d\u2019auteur \u00e0 l\u2019auto-\u00e9dition num\u00e9rique : \u00e9tude des formes et des pratiques de l\u2019\u00e9dition &#8230; <a title=\"St\u00e9phanie Parmentier, \u00ab Les livres du XXIe si\u00e8cle seront sur Wattpad, KDP ou TikToK ou ne seront pas ? \u00bb\" class=\"read-more\" href=\"https:\/\/projets.ex-situ.info\/etudesdulivre21\/liv5\/parmentier\/\" aria-label=\"En savoir plus sur St\u00e9phanie Parmentier, \u00ab Les livres du XXIe si\u00e8cle seront sur Wattpad, KDP ou TikToK ou ne seront pas ? \u00bb\">Lire la suite<\/a><\/p>\n","protected":false},"author":2,"featured_media":0,"parent":115,"menu_order":3,"comment_status":"closed","ping_status":"closed","template":"","meta":{"footnotes":""},"class_list":["post-385","page","type-page","status-publish"],"_links":{"self":[{"href":"https:\/\/projets.ex-situ.info\/etudesdulivre21\/wp-json\/wp\/v2\/pages\/385","targetHints":{"allow":["GET"]}}],"collection":[{"href":"https:\/\/projets.ex-situ.info\/etudesdulivre21\/wp-json\/wp\/v2\/pages"}],"about":[{"href":"https:\/\/projets.ex-situ.info\/etudesdulivre21\/wp-json\/wp\/v2\/types\/page"}],"author":[{"embeddable":true,"href":"https:\/\/projets.ex-situ.info\/etudesdulivre21\/wp-json\/wp\/v2\/users\/2"}],"replies":[{"embeddable":true,"href":"https:\/\/projets.ex-situ.info\/etudesdulivre21\/wp-json\/wp\/v2\/comments?post=385"}],"version-history":[{"count":13,"href":"https:\/\/projets.ex-situ.info\/etudesdulivre21\/wp-json\/wp\/v2\/pages\/385\/revisions"}],"predecessor-version":[{"id":489,"href":"https:\/\/projets.ex-situ.info\/etudesdulivre21\/wp-json\/wp\/v2\/pages\/385\/revisions\/489"}],"up":[{"embeddable":true,"href":"https:\/\/projets.ex-situ.info\/etudesdulivre21\/wp-json\/wp\/v2\/pages\/115"}],"wp:attachment":[{"href":"https:\/\/projets.ex-situ.info\/etudesdulivre21\/wp-json\/wp\/v2\/media?parent=385"}],"curies":[{"name":"wp","href":"https:\/\/api.w.org\/{rel}","templated":true}]}}