{"id":377,"date":"2021-05-05T08:25:04","date_gmt":"2021-05-05T12:25:04","guid":{"rendered":"https:\/\/projets.ex-situ.info\/etudesdulivre21\/?page_id=377"},"modified":"2021-07-14T11:18:18","modified_gmt":"2021-07-14T15:18:18","slug":"grenier","status":"publish","type":"page","link":"https:\/\/projets.ex-situ.info\/etudesdulivre21\/liv5\/grenier\/","title":{"rendered":"Joanie Grenier, \u00ab Mesurer la d\u00e9couvrabilit\u00e9 du livre qu\u00e9b\u00e9cois en ligne : m\u00e9thodologie d\u00e9velopp\u00e9e et premiers r\u00e9sultats de recherche \u00bb"},"content":{"rendered":"\n<div class=\"wp-block-columns is-layout-flex wp-container-core-columns-is-layout-28f84493 wp-block-columns-is-layout-flex\">\n<div class=\"wp-block-column is-layout-flow wp-block-column-is-layout-flow\" style=\"flex-basis:66.66%\">\n<figure class=\"wp-block-video\"><video controls src=\"https:\/\/projets.ex-situ.info\/etudesdulivre21\/wp-content\/uploads\/sites\/4\/Grenier.mp4\"><\/video><\/figure>\n<\/div>\n\n\n\n<div class=\"wp-block-column is-layout-flow wp-block-column-is-layout-flow\" style=\"flex-basis:33.33%\">\n<h3 class=\"wp-block-heading\">Joanie Grenier<\/h3>\n\n\n\n<div class=\"wp-block-image\"><figure class=\"alignright size-large\"><img loading=\"lazy\" decoding=\"async\" width=\"200\" height=\"200\" src=\"https:\/\/projets.ex-situ.info\/etudesdulivre21\/wp-content\/uploads\/sites\/4\/2021\/05\/Photo_Joanie-Grenier.jpg\" alt=\"\" class=\"wp-image-378\" srcset=\"https:\/\/projets.ex-situ.info\/etudesdulivre21\/wp-content\/uploads\/sites\/4\/2021\/05\/Photo_Joanie-Grenier.jpg 200w, https:\/\/projets.ex-situ.info\/etudesdulivre21\/wp-content\/uploads\/sites\/4\/2021\/05\/Photo_Joanie-Grenier-150x150.jpg 150w\" sizes=\"auto, (max-width: 200px) 100vw, 200px\" \/><\/figure><\/div>\n\n\n\n<p class=\"bio\">Joanie Grenier est \u00e9tudiante de doctorat en \u00e9tudes litt\u00e9raires et culturelles \u00e0 l\u2019Universit\u00e9 de Sherbrooke. Son projet de th\u00e8se, sous la direction de Jos\u00e9e Vincent, porte sur la d\u00e9couvrabilit\u00e9 du livre au Qu\u00e9bec, soit sur l\u2019\u00e9tude de la pr\u00e9sence, de la visibilit\u00e9 et de la recommandation de la production litt\u00e9raire qu\u00e9b\u00e9coise en ligne.<\/p>\n\n\n\n<p class=\"bio\">Il est en continuit\u00e9 avec ses travaux de ma\u00eetrise. Ils portaient sur l\u2019<a href=\"https:\/\/www.entrepotnumerique.com\/admin\/login\" target=\"_blank\" rel=\"noreferrer noopener\">Entrep\u00f4t num\u00e9rique <\/a>(ANEL\u2013De Marque), la premi\u00e8re plateforme de commercialisation du livre num\u00e9rique d\u00e9velopp\u00e9e au Qu\u00e9bec. Titulaire de la bourse doctorale Vanier, Joanie Grenier est \u00e9galement membre du <a href=\"https:\/\/www.usherbrooke.ca\/grelq\/\" target=\"_blank\" rel=\"noreferrer noopener\">Groupe de recherches et d\u2019\u00e9tudes sur le livre au Qu\u00e9bec <\/a>(GR\u00c9LQ) et assistante \u00e0 la direction de la revue scientifique internationale <em>M\u00e9moires du livre\/Studies in Book Culture<\/em>.<\/p>\n<\/div>\n<\/div>\n\n\n\n<p>Vous avez appr\u00e9ciez votre \u00e9coute? D\u00e9couvrez les autres communications de la <a href=\"https:\/\/projets.ex-situ.info\/etudesdulivre21\/liv5\/\" target=\"_blank\" rel=\"noreferrer noopener\">Cinqui\u00e8me livraison<\/a>. <\/p>\n","protected":false},"excerpt":{"rendered":"<p>Joanie Grenier Joanie Grenier est \u00e9tudiante de doctorat en \u00e9tudes litt\u00e9raires et culturelles \u00e0 l\u2019Universit\u00e9 de Sherbrooke. Son projet de th\u00e8se, sous la direction de Jos\u00e9e Vincent, porte sur la d\u00e9couvrabilit\u00e9 du livre au Qu\u00e9bec, soit sur l\u2019\u00e9tude de la pr\u00e9sence, de la visibilit\u00e9 et de la recommandation de la production litt\u00e9raire qu\u00e9b\u00e9coise en ligne. &#8230; <a title=\"Joanie Grenier, \u00ab Mesurer la d\u00e9couvrabilit\u00e9 du livre qu\u00e9b\u00e9cois en ligne : m\u00e9thodologie d\u00e9velopp\u00e9e et premiers r\u00e9sultats de recherche \u00bb\" class=\"read-more\" href=\"https:\/\/projets.ex-situ.info\/etudesdulivre21\/liv5\/grenier\/\" aria-label=\"En savoir plus sur Joanie Grenier, \u00ab Mesurer la d\u00e9couvrabilit\u00e9 du livre qu\u00e9b\u00e9cois en ligne : m\u00e9thodologie d\u00e9velopp\u00e9e et premiers r\u00e9sultats de recherche \u00bb\">Lire la suite<\/a><\/p>\n","protected":false},"author":2,"featured_media":0,"parent":115,"menu_order":1,"comment_status":"closed","ping_status":"closed","template":"","meta":{"footnotes":""},"class_list":["post-377","page","type-page","status-publish"],"_links":{"self":[{"href":"https:\/\/projets.ex-situ.info\/etudesdulivre21\/wp-json\/wp\/v2\/pages\/377","targetHints":{"allow":["GET"]}}],"collection":[{"href":"https:\/\/projets.ex-situ.info\/etudesdulivre21\/wp-json\/wp\/v2\/pages"}],"about":[{"href":"https:\/\/projets.ex-situ.info\/etudesdulivre21\/wp-json\/wp\/v2\/types\/page"}],"author":[{"embeddable":true,"href":"https:\/\/projets.ex-situ.info\/etudesdulivre21\/wp-json\/wp\/v2\/users\/2"}],"replies":[{"embeddable":true,"href":"https:\/\/projets.ex-situ.info\/etudesdulivre21\/wp-json\/wp\/v2\/comments?post=377"}],"version-history":[{"count":5,"href":"https:\/\/projets.ex-situ.info\/etudesdulivre21\/wp-json\/wp\/v2\/pages\/377\/revisions"}],"predecessor-version":[{"id":484,"href":"https:\/\/projets.ex-situ.info\/etudesdulivre21\/wp-json\/wp\/v2\/pages\/377\/revisions\/484"}],"up":[{"embeddable":true,"href":"https:\/\/projets.ex-situ.info\/etudesdulivre21\/wp-json\/wp\/v2\/pages\/115"}],"wp:attachment":[{"href":"https:\/\/projets.ex-situ.info\/etudesdulivre21\/wp-json\/wp\/v2\/media?parent=377"}],"curies":[{"name":"wp","href":"https:\/\/api.w.org\/{rel}","templated":true}]}}