{"id":322,"date":"2021-04-20T09:26:22","date_gmt":"2021-04-20T13:26:22","guid":{"rendered":"https:\/\/projets.ex-situ.info\/etudesdulivre21\/?page_id=322"},"modified":"2021-07-14T11:49:48","modified_gmt":"2021-07-14T15:49:48","slug":"simard","status":"publish","type":"page","link":"https:\/\/projets.ex-situ.info\/etudesdulivre21\/liv4\/simard\/","title":{"rendered":"Camille Simard, \u00ab Quels liens entre les enseignant\u22c5e\u22c5s du coll\u00e9gial et le milieu \u00e9ditorial qu\u00e9b\u00e9cois ? \u00bb"},"content":{"rendered":"\n<div class=\"wp-block-columns is-layout-flex wp-container-core-columns-is-layout-28f84493 wp-block-columns-is-layout-flex\">\n<div class=\"wp-block-column is-layout-flow wp-block-column-is-layout-flow\" style=\"flex-basis:66.66%\">\n<figure class=\"wp-block-video\"><video controls src=\"https:\/\/projets.ex-situ.info\/etudesdulivre21\/wp-content\/uploads\/sites\/4\/Simard.mp4\"><\/video><\/figure>\n<\/div>\n\n\n\n<div class=\"wp-block-column is-layout-flow wp-block-column-is-layout-flow\" style=\"flex-basis:33.33%\">\n<h3 class=\"wp-block-heading\">Camille Simard<\/h3>\n\n\n\n<div class=\"wp-block-image\"><figure class=\"alignright size-large\"><img loading=\"lazy\" decoding=\"async\" width=\"200\" height=\"200\" src=\"https:\/\/projets.ex-situ.info\/etudesdulivre21\/wp-content\/uploads\/sites\/4\/2021\/04\/SIMARD-Camille-1.jpg\" alt=\"\" class=\"wp-image-324\" srcset=\"https:\/\/projets.ex-situ.info\/etudesdulivre21\/wp-content\/uploads\/sites\/4\/2021\/04\/SIMARD-Camille-1.jpg 200w, https:\/\/projets.ex-situ.info\/etudesdulivre21\/wp-content\/uploads\/sites\/4\/2021\/04\/SIMARD-Camille-1-150x150.jpg 150w\" sizes=\"auto, (max-width: 200px) 100vw, 200px\" \/><\/figure><\/div>\n\n\n\n<p class=\"bio\">Camille Simard termine actuellement une ma\u00eetrise en sociologie, concentration \u00e9tudes f\u00e9ministes, \u00e0 l\u2019Universit\u00e9 du Qu\u00e9bec \u00e0 Montr\u00e9al. Elle est sous la direction de Louis Jacob. Son m\u00e9moire intitul\u00e9 \u00ab&nbsp;D\u00e9couvrir les livres du Remue-m\u00e9nage&#8230; puis les transmettre&nbsp;: Une exp\u00e9rience de lecture des enseignant\u22c5e\u22c5s des c\u00e9geps qu\u00e9b\u00e9cois&nbsp;\u00bb a \u00e9t\u00e9 d\u00e9pos\u00e9 en janvier 2021.<\/p>\n\n\n\n<p class=\"bio\">Dans le cadre de ce dernier, elle a r\u00e9alis\u00e9 des entretiens avec des professeur\u22c5e\u22c5s de litt\u00e9rature, de philosophie et de sciences humaines de partout au Qu\u00e9bec pour mesurer leur inclinaison \u00e0 adopter une grille d\u2019analyse f\u00e9ministe dans leur discipline respective. Elle a \u00e9t\u00e9 \u00e0 l\u2019emploi des<a href=\"https:\/\/www.editions-rm.ca\/\" target=\"_blank\" rel=\"noreferrer noopener\"> \u00c9ditions du remue-m\u00e9nage<\/a> de 2016 \u00e0 2021.<\/p>\n\n\n\n<p class=\"bio\">(<em>source de la photo : Pierre-Paolo Dori<\/em>)<\/p>\n<\/div>\n<\/div>\n\n\n\n<p>Vous avez aim\u00e9 cette communication scientifique? D\u00e9couvrez les autres de cette <a href=\"https:\/\/projets.ex-situ.info\/etudesdulivre21\/liv4\/\">quatri\u00e8me livraison<\/a>.<\/p>\n","protected":false},"excerpt":{"rendered":"<p>Camille Simard Camille Simard termine actuellement une ma\u00eetrise en sociologie, concentration \u00e9tudes f\u00e9ministes, \u00e0 l\u2019Universit\u00e9 du Qu\u00e9bec \u00e0 Montr\u00e9al. Elle est sous la direction de Louis Jacob. Son m\u00e9moire intitul\u00e9 \u00ab&nbsp;D\u00e9couvrir les livres du Remue-m\u00e9nage&#8230; puis les transmettre&nbsp;: Une exp\u00e9rience de lecture des enseignant\u22c5e\u22c5s des c\u00e9geps qu\u00e9b\u00e9cois&nbsp;\u00bb a \u00e9t\u00e9 d\u00e9pos\u00e9 en janvier 2021. Dans le &#8230; <a title=\"Camille Simard, \u00ab Quels liens entre les enseignant\u22c5e\u22c5s du coll\u00e9gial et le milieu \u00e9ditorial qu\u00e9b\u00e9cois ? \u00bb\" class=\"read-more\" href=\"https:\/\/projets.ex-situ.info\/etudesdulivre21\/liv4\/simard\/\" aria-label=\"En savoir plus sur Camille Simard, \u00ab Quels liens entre les enseignant\u22c5e\u22c5s du coll\u00e9gial et le milieu \u00e9ditorial qu\u00e9b\u00e9cois ? \u00bb\">Lire la suite<\/a><\/p>\n","protected":false},"author":2,"featured_media":0,"parent":108,"menu_order":2,"comment_status":"closed","ping_status":"closed","template":"","meta":{"footnotes":""},"class_list":["post-322","page","type-page","status-publish"],"_links":{"self":[{"href":"https:\/\/projets.ex-situ.info\/etudesdulivre21\/wp-json\/wp\/v2\/pages\/322","targetHints":{"allow":["GET"]}}],"collection":[{"href":"https:\/\/projets.ex-situ.info\/etudesdulivre21\/wp-json\/wp\/v2\/pages"}],"about":[{"href":"https:\/\/projets.ex-situ.info\/etudesdulivre21\/wp-json\/wp\/v2\/types\/page"}],"author":[{"embeddable":true,"href":"https:\/\/projets.ex-situ.info\/etudesdulivre21\/wp-json\/wp\/v2\/users\/2"}],"replies":[{"embeddable":true,"href":"https:\/\/projets.ex-situ.info\/etudesdulivre21\/wp-json\/wp\/v2\/comments?post=322"}],"version-history":[{"count":6,"href":"https:\/\/projets.ex-situ.info\/etudesdulivre21\/wp-json\/wp\/v2\/pages\/322\/revisions"}],"predecessor-version":[{"id":492,"href":"https:\/\/projets.ex-situ.info\/etudesdulivre21\/wp-json\/wp\/v2\/pages\/322\/revisions\/492"}],"up":[{"embeddable":true,"href":"https:\/\/projets.ex-situ.info\/etudesdulivre21\/wp-json\/wp\/v2\/pages\/108"}],"wp:attachment":[{"href":"https:\/\/projets.ex-situ.info\/etudesdulivre21\/wp-json\/wp\/v2\/media?parent=322"}],"curies":[{"name":"wp","href":"https:\/\/api.w.org\/{rel}","templated":true}]}}