{"id":295,"date":"2021-04-07T08:02:25","date_gmt":"2021-04-07T12:02:25","guid":{"rendered":"https:\/\/projets.ex-situ.info\/etudesdulivre21\/?page_id=295"},"modified":"2021-07-14T11:55:19","modified_gmt":"2021-07-14T15:55:19","slug":"fernandez","status":"publish","type":"page","link":"https:\/\/projets.ex-situ.info\/etudesdulivre21\/liv3\/fernandez\/","title":{"rendered":"Margarita Molina Fernandez, \u00ab L\u2019indiff\u00e9rence aux supports du milieu \u00e9ditorial de la bande dessin\u00e9e num\u00e9rique : un probl\u00e8me de m\u00e9diag\u00e9nie et de litt\u00e9ratie num\u00e9rique \u00bb"},"content":{"rendered":"\n<div class=\"wp-block-columns is-layout-flex wp-container-core-columns-is-layout-28f84493 wp-block-columns-is-layout-flex\">\n<div class=\"wp-block-column is-layout-flow wp-block-column-is-layout-flow\" style=\"flex-basis:66.66%\">\n<figure class=\"wp-block-video\"><video controls src=\"https:\/\/projets.ex-situ.info\/etudesdulivre21\/wp-content\/uploads\/sites\/4\/Fernandez.mp4\"><\/video><\/figure>\n\n\n\n<h3 class=\"wp-block-heading\"><strong>R\u00e9f\u00e9rences cit\u00e9es dans la vid\u00e9o<\/strong><\/h3>\n\n\n\n<p>Archibald, S., &amp; Gervais, B. (2006). Le r\u00e9cit en jeu. <em>Prot\u00e9e, 34<\/em>(2-3), 27-39.<\/p>\n\n\n\n<p>Berthou, B. (2016). \u00ab&nbsp;L\u2019indiff\u00e9rence aux support&nbsp;\u00bb&nbsp;: \u00e9diteurs versus auteurs? Dans P. Robert (Ed.), <em>Bande dessin\u00e9e et num\u00e9rique<\/em> (pp.&nbsp;197-216). Paris&nbsp;: CNRS \u00c9ditions.<\/p>\n\n\n\n<p>Bonaccorsi, J. (2016). S\u00e9miologie de la bande dessin\u00e9e num\u00e9rique. Dans P. Robert (Ed.), <em>Bande dessin\u00e9e et num\u00e9rique<\/em> (pp.&nbsp;109-134). Paris&nbsp;: CNRS \u00c9ditions.<\/p>\n\n\n\n<p>Boudissa, M. (2010). <em>La bande dessin\u00e9e entre la page et l\u2019\u00e9cran&nbsp;: \u00e9tude critique des enjeux th\u00e9oriques li\u00e9s au renouvellement du langage b\u00e9d\u00e9ique sous influence num\u00e9rique.<\/em> (Th\u00e8se de doctorat), Paris&nbsp;VIII, Paris.<\/p>\n\n\n\n<p>Marion, P. (1997). Narratologie Mediatique et Mediag\u00e9nie des R\u00e9cits. <em>Recherches en communication, 7<\/em>.<\/p>\n\n\n\n<p>Ratier, G. (2016). <em>Rapport sur la production d\u2019une ann\u00e9e de bande dessin\u00e9e dans l\u2019espace francophone europ\u00e9en<\/em>. Consult\u00e9 sur <a href=\"https:\/\/www.enssib.fr\/bibliotheque-numerique\/documents\/67253-rapport-sur-la-production-d-une-annee-de-bande-dessinee-2016-l-annee-de-la-stabilisation.pdf\">https:\/\/www.enssib.fr\/bibliotheque-numerique\/documents\/67253-rapport-sur-la-production-d-une-annee-de-bande-dessinee-2016-l-annee-de-la-stabilisation.pdf<\/a><\/p>\n\n\n\n<p>Saemmer, A., &amp; Tr\u00e9hondart, N. (2014). Les figures du livre num\u00e9rique \u00ab&nbsp;augment\u00e9\u2009\u00bb au prisme d\u2019une rh\u00e9torique de la r\u00e9ception. <em>\u00c9tudes de communication, 43<\/em>, 107-128. doi:<a href=\"https:\/\/doi.org\/10.4000\/edc.6036\">10.4000\/edc.6036<\/a><\/p>\n<\/div>\n\n\n\n<div class=\"wp-block-column is-layout-flow wp-block-column-is-layout-flow\" style=\"flex-basis:33.33%\">\n<h3 class=\"wp-block-heading\">Margarita Molina Fernandez<\/h3>\n\n\n\n<div class=\"wp-block-image\"><figure class=\"alignright size-large\"><img loading=\"lazy\" decoding=\"async\" width=\"200\" height=\"200\" src=\"https:\/\/projets.ex-situ.info\/etudesdulivre21\/wp-content\/uploads\/sites\/4\/2021\/04\/Margarita_Portrait.jpg\" alt=\"Margarita Molina Fernandez\" class=\"wp-image-296\" srcset=\"https:\/\/projets.ex-situ.info\/etudesdulivre21\/wp-content\/uploads\/sites\/4\/2021\/04\/Margarita_Portrait.jpg 200w, https:\/\/projets.ex-situ.info\/etudesdulivre21\/wp-content\/uploads\/sites\/4\/2021\/04\/Margarita_Portrait-150x150.jpg 150w\" sizes=\"auto, (max-width: 200px) 100vw, 200px\" \/><\/figure><\/div>\n\n\n\n<p class=\"bio\">Margarita Molina Fernandez a r\u00e9alis\u00e9 ses \u00e9tudes de Beaux-Arts \u00e0 l\u2019Universit\u00e9 Polytechnique de Valencia (Valencia, Espagne) en se dirigeant vers le dessin et le dessin d\u2019animation. Lors de ces \u00e9tudes, elle obtient une bourse pour r\u00e9aliser un s\u00e9jour d\u2019un semestre au Alberta College of Art and Design (Calgary, Canada).<\/p>\n\n\n\n<p class=\"bio\">En 2013, elle entreprend le Master en Bande Dessin\u00e9e de l\u2019Universit\u00e9 de Poitiers \u00e0 l\u2019EESI d\u2019Angoul\u00eame (France), au sein duquel elle commence sa recherche autour de la bande dessin\u00e9e num\u00e9rique. En 2016, elle retourne au Canada pour poursuivre sa recherche dans le cadre du Doctorat en \u00e9tudes et pratiques des arts \u00e0 l\u2019UQAM. Elle a expos\u00e9 ses \u0153uvres en France et en Espagne, contribu\u00e9 \u00e0 plusieurs fanzines et re\u00e7u plusieurs prix et bourses, parmi lesquels se distingue la prestigieuse bourse La Caixa 2017 pour la r\u00e9alisation d\u2019\u00e9tudes sup\u00e9rieures en Am\u00e9rique du Nord et en Asie.<\/p>\n<\/div>\n<\/div>\n\n\n\n<p>Vous avez aim\u00e9 cette communication scientifique? D\u00e9couvrez les autres de cette <a href=\"https:\/\/projets.ex-situ.info\/etudesdulivre21\/liv3\/\">troisi\u00e8me livraison<\/a>.<\/p>\n","protected":false},"excerpt":{"rendered":"<p>R\u00e9f\u00e9rences cit\u00e9es dans la vid\u00e9o Archibald, S., &amp; Gervais, B. (2006). Le r\u00e9cit en jeu. Prot\u00e9e, 34(2-3), 27-39. Berthou, B. (2016). \u00ab&nbsp;L\u2019indiff\u00e9rence aux support&nbsp;\u00bb&nbsp;: \u00e9diteurs versus auteurs? Dans P. Robert (Ed.), Bande dessin\u00e9e et num\u00e9rique (pp.&nbsp;197-216). Paris&nbsp;: CNRS \u00c9ditions. Bonaccorsi, J. (2016). S\u00e9miologie de la bande dessin\u00e9e num\u00e9rique. Dans P. Robert (Ed.), Bande dessin\u00e9e et &#8230; <a title=\"Margarita Molina Fernandez, \u00ab L\u2019indiff\u00e9rence aux supports du milieu \u00e9ditorial de la bande dessin\u00e9e num\u00e9rique : un probl\u00e8me de m\u00e9diag\u00e9nie et de litt\u00e9ratie num\u00e9rique \u00bb\" class=\"read-more\" href=\"https:\/\/projets.ex-situ.info\/etudesdulivre21\/liv3\/fernandez\/\" aria-label=\"En savoir plus sur Margarita Molina Fernandez, \u00ab L\u2019indiff\u00e9rence aux supports du milieu \u00e9ditorial de la bande dessin\u00e9e num\u00e9rique : un probl\u00e8me de m\u00e9diag\u00e9nie et de litt\u00e9ratie num\u00e9rique \u00bb\">Lire la suite<\/a><\/p>\n","protected":false},"author":2,"featured_media":0,"parent":106,"menu_order":2,"comment_status":"closed","ping_status":"closed","template":"","meta":{"footnotes":""},"class_list":["post-295","page","type-page","status-publish"],"_links":{"self":[{"href":"https:\/\/projets.ex-situ.info\/etudesdulivre21\/wp-json\/wp\/v2\/pages\/295","targetHints":{"allow":["GET"]}}],"collection":[{"href":"https:\/\/projets.ex-situ.info\/etudesdulivre21\/wp-json\/wp\/v2\/pages"}],"about":[{"href":"https:\/\/projets.ex-situ.info\/etudesdulivre21\/wp-json\/wp\/v2\/types\/page"}],"author":[{"embeddable":true,"href":"https:\/\/projets.ex-situ.info\/etudesdulivre21\/wp-json\/wp\/v2\/users\/2"}],"replies":[{"embeddable":true,"href":"https:\/\/projets.ex-situ.info\/etudesdulivre21\/wp-json\/wp\/v2\/comments?post=295"}],"version-history":[{"count":6,"href":"https:\/\/projets.ex-situ.info\/etudesdulivre21\/wp-json\/wp\/v2\/pages\/295\/revisions"}],"predecessor-version":[{"id":499,"href":"https:\/\/projets.ex-situ.info\/etudesdulivre21\/wp-json\/wp\/v2\/pages\/295\/revisions\/499"}],"up":[{"embeddable":true,"href":"https:\/\/projets.ex-situ.info\/etudesdulivre21\/wp-json\/wp\/v2\/pages\/106"}],"wp:attachment":[{"href":"https:\/\/projets.ex-situ.info\/etudesdulivre21\/wp-json\/wp\/v2\/media?parent=295"}],"curies":[{"name":"wp","href":"https:\/\/api.w.org\/{rel}","templated":true}]}}