{"id":287,"date":"2021-04-06T16:34:09","date_gmt":"2021-04-06T20:34:09","guid":{"rendered":"https:\/\/projets.ex-situ.info\/etudesdulivre21\/?page_id=287"},"modified":"2021-07-14T12:01:50","modified_gmt":"2021-07-14T16:01:50","slug":"lebrun","status":"publish","type":"page","link":"https:\/\/projets.ex-situ.info\/etudesdulivre21\/liv3\/lebrun\/","title":{"rendered":"Tom Lebrun, \u00ab De l\u2019appropriation fanique des sources \u00e0 la r\u00e9\u00e9criture d\u2019un premier jet produit par la machine : \u00e9l\u00e9ments de typologie textuelle en mati\u00e8re de g\u00e9n\u00e9ration par apprentissage machine \u00bb"},"content":{"rendered":"\n<div class=\"wp-block-columns is-layout-flex wp-container-core-columns-is-layout-28f84493 wp-block-columns-is-layout-flex\">\n<div class=\"wp-block-column is-layout-flow wp-block-column-is-layout-flow\" style=\"flex-basis:66.66%\">\n<figure class=\"wp-block-video\"><video controls src=\"https:\/\/projets.ex-situ.info\/etudesdulivre21\/wp-content\/uploads\/sites\/4\/Lebrun.mp4\"><\/video><\/figure>\n<\/div>\n\n\n\n<div class=\"wp-block-column is-layout-flow wp-block-column-is-layout-flow\" style=\"flex-basis:33.33%\">\n<h3 class=\"wp-block-heading\">Tom Lebrun<\/h3>\n\n\n\n<div class=\"wp-block-image\"><figure class=\"alignright size-large\"><img loading=\"lazy\" decoding=\"async\" width=\"200\" height=\"200\" src=\"https:\/\/projets.ex-situ.info\/etudesdulivre21\/wp-content\/uploads\/sites\/4\/2021\/04\/Photo-ITIS-1.png\" alt=\"Tom Lebrun\" class=\"wp-image-288\" srcset=\"https:\/\/projets.ex-situ.info\/etudesdulivre21\/wp-content\/uploads\/sites\/4\/2021\/04\/Photo-ITIS-1.png 200w, https:\/\/projets.ex-situ.info\/etudesdulivre21\/wp-content\/uploads\/sites\/4\/2021\/04\/Photo-ITIS-1-150x150.png 150w\" sizes=\"auto, (max-width: 200px) 100vw, 200px\" \/><\/figure><\/div>\n\n\n\n<p class=\"bio\">Tom Lebrun est juriste et doctorant en culture num\u00e9rique \u00e0 l\u2019Universit\u00e9 Laval sous la direction de Ren\u00e9 Audet et la codirection de Georges Azzaria, o\u00f9 il travaille sur les questions de g\u00e9n\u00e9ration de textes par intelligence artificielle (IA).<\/p>\n\n\n\n<p class=\"bio\">Charg\u00e9 de cours en droit et IA et anciennement en approches de la culture num\u00e9rique, il publie r\u00e9guli\u00e8rement sur les th\u00e9matiques li\u00e9es. Ses recherches sont financ\u00e9es par le Fonds de Recherche du Qu\u00e9bec Soci\u00e9t\u00e9 et Culture (FRQSC).<\/p>\n<\/div>\n<\/div>\n\n\n\n<p>Vous avez aim\u00e9 cette communication scientifique? D\u00e9couvrez les autres de cette <a href=\"https:\/\/projets.ex-situ.info\/etudesdulivre21\/liv3\/\">troisi\u00e8me livraison<\/a>.<\/p>\n","protected":false},"excerpt":{"rendered":"<p>Tom Lebrun Tom Lebrun est juriste et doctorant en culture num\u00e9rique \u00e0 l\u2019Universit\u00e9 Laval sous la direction de Ren\u00e9 Audet et la codirection de Georges Azzaria, o\u00f9 il travaille sur les questions de g\u00e9n\u00e9ration de textes par intelligence artificielle (IA). Charg\u00e9 de cours en droit et IA et anciennement en approches de la culture num\u00e9rique, &#8230; <a title=\"Tom Lebrun, \u00ab De l\u2019appropriation fanique des sources \u00e0 la r\u00e9\u00e9criture d\u2019un premier jet produit par la machine : \u00e9l\u00e9ments de typologie textuelle en mati\u00e8re de g\u00e9n\u00e9ration par apprentissage machine \u00bb\" class=\"read-more\" href=\"https:\/\/projets.ex-situ.info\/etudesdulivre21\/liv3\/lebrun\/\" aria-label=\"En savoir plus sur Tom Lebrun, \u00ab De l\u2019appropriation fanique des sources \u00e0 la r\u00e9\u00e9criture d\u2019un premier jet produit par la machine : \u00e9l\u00e9ments de typologie textuelle en mati\u00e8re de g\u00e9n\u00e9ration par apprentissage machine \u00bb\">Lire la suite<\/a><\/p>\n","protected":false},"author":2,"featured_media":0,"parent":106,"menu_order":3,"comment_status":"closed","ping_status":"closed","template":"","meta":{"footnotes":""},"class_list":["post-287","page","type-page","status-publish"],"_links":{"self":[{"href":"https:\/\/projets.ex-situ.info\/etudesdulivre21\/wp-json\/wp\/v2\/pages\/287","targetHints":{"allow":["GET"]}}],"collection":[{"href":"https:\/\/projets.ex-situ.info\/etudesdulivre21\/wp-json\/wp\/v2\/pages"}],"about":[{"href":"https:\/\/projets.ex-situ.info\/etudesdulivre21\/wp-json\/wp\/v2\/types\/page"}],"author":[{"embeddable":true,"href":"https:\/\/projets.ex-situ.info\/etudesdulivre21\/wp-json\/wp\/v2\/users\/2"}],"replies":[{"embeddable":true,"href":"https:\/\/projets.ex-situ.info\/etudesdulivre21\/wp-json\/wp\/v2\/comments?post=287"}],"version-history":[{"count":3,"href":"https:\/\/projets.ex-situ.info\/etudesdulivre21\/wp-json\/wp\/v2\/pages\/287\/revisions"}],"predecessor-version":[{"id":502,"href":"https:\/\/projets.ex-situ.info\/etudesdulivre21\/wp-json\/wp\/v2\/pages\/287\/revisions\/502"}],"up":[{"embeddable":true,"href":"https:\/\/projets.ex-situ.info\/etudesdulivre21\/wp-json\/wp\/v2\/pages\/106"}],"wp:attachment":[{"href":"https:\/\/projets.ex-situ.info\/etudesdulivre21\/wp-json\/wp\/v2\/media?parent=287"}],"curies":[{"name":"wp","href":"https:\/\/api.w.org\/{rel}","templated":true}]}}