{"id":258,"date":"2021-03-22T16:44:12","date_gmt":"2021-03-22T20:44:12","guid":{"rendered":"https:\/\/projets.ex-situ.info\/etudesdulivre21\/?page_id=258"},"modified":"2021-07-14T12:10:19","modified_gmt":"2021-07-14T16:10:19","slug":"mellet","status":"publish","type":"page","link":"https:\/\/projets.ex-situ.info\/etudesdulivre21\/liv2\/mellet\/","title":{"rendered":"Margot Mellet, \u00ab D\u00e9faire et rem\u00e9dier le livre. Analyse de la figure-\u00e9cran du livre dans <em>The Pillow Book<\/em> de Peter Greenaway"},"content":{"rendered":"\n<div class=\"wp-block-columns is-layout-flex wp-container-core-columns-is-layout-28f84493 wp-block-columns-is-layout-flex\">\n<div class=\"wp-block-column is-layout-flow wp-block-column-is-layout-flow\" style=\"flex-basis:66.66%\">\n<figure class=\"wp-block-video\"><video controls src=\"https:\/\/projets.ex-situ.info\/etudesdulivre21\/wp-content\/uploads\/sites\/4\/Mellet.mp4\"><\/video><\/figure>\n<\/div>\n\n\n\n<div class=\"wp-block-column is-layout-flow wp-block-column-is-layout-flow\" style=\"flex-basis:33.33%\">\n<h3 class=\"wp-block-heading\">Margot Mellet<\/h3>\n\n\n\n<div class=\"wp-block-image\"><figure class=\"alignright size-large\"><img loading=\"lazy\" decoding=\"async\" width=\"200\" height=\"200\" src=\"https:\/\/projets.ex-situ.info\/etudesdulivre21\/wp-content\/uploads\/sites\/4\/2021\/03\/MELLET-photo.png\" alt=\"Margot Mellet\" class=\"wp-image-259\" srcset=\"https:\/\/projets.ex-situ.info\/etudesdulivre21\/wp-content\/uploads\/sites\/4\/2021\/03\/MELLET-photo.png 200w, https:\/\/projets.ex-situ.info\/etudesdulivre21\/wp-content\/uploads\/sites\/4\/2021\/03\/MELLET-photo-150x150.png 150w\" sizes=\"auto, (max-width: 200px) 100vw, 200px\" \/><\/figure><\/div>\n\n\n\n<p class=\"bio\">Margot Mellet est doctorante en litt\u00e9ratures de langue fran\u00e7aise \u00e0 l\u2019Universit\u00e9 de Montr\u00e9al en recherche et cr\u00e9ation.<\/p>\n\n\n\n<p class=\"bio\">Son projet s\u2019int\u00e9resse au palimpseste, en tant que processus de rem\u00e9diation d\u2019un support, pour comprendre comment le m\u00e9dia devient une instance d\u2019\u00e9nonciation litt\u00e9raire.<\/p>\n\n\n\n<p class=\"bio\">Elle est \u00e9galement membre \u00e9tudiante du <a href=\"https:\/\/crialt-intermediality.org\/eng\/\" target=\"_blank\" rel=\"noreferrer noopener\">CRIalt <\/a>(Centre de Recherches Interm\u00e9diales sur les arts, les lettres et les techniques) et coordonnatrice \u00e9ditoriale de la<a href=\"https:\/\/www.sens-public.org\/\" target=\"_blank\" rel=\"noreferrer noopener\"> revue <em>Sens public<\/em><\/a>. Coordonnatrice scientifique de la Chaire de recherche du Canada sur les \u00e9critures num\u00e9riques, elle coordonne notamment le projet d\u2019\u00e9dition num\u00e9rique collaborative de l\u2019<em><a href=\"https:\/\/ecrituresnumeriques.ca\/fr\/2016\/1\/19\/Anthologie-Palatine\" target=\"_blank\" rel=\"noreferrer noopener\">Anthologie Palatine<\/a><\/em>.<\/p>\n<\/div>\n<\/div>\n\n\n\n<p>Vous avez aim\u00e9 cette communication scientifique? D\u00e9couvrez les autres de cette <a href=\"https:\/\/projets.ex-situ.info\/etudesdulivre21\/liv2\/\">deuxi\u00e8me livraison<\/a>.<\/p>\n","protected":false},"excerpt":{"rendered":"<p>Margot Mellet Margot Mellet est doctorante en litt\u00e9ratures de langue fran\u00e7aise \u00e0 l\u2019Universit\u00e9 de Montr\u00e9al en recherche et cr\u00e9ation. Son projet s\u2019int\u00e9resse au palimpseste, en tant que processus de rem\u00e9diation d\u2019un support, pour comprendre comment le m\u00e9dia devient une instance d\u2019\u00e9nonciation litt\u00e9raire. Elle est \u00e9galement membre \u00e9tudiante du CRIalt (Centre de Recherches Interm\u00e9diales sur les &#8230; <a title=\"Margot Mellet, \u00ab D\u00e9faire et rem\u00e9dier le livre. Analyse de la figure-\u00e9cran du livre dans The Pillow Book de Peter Greenaway\" class=\"read-more\" href=\"https:\/\/projets.ex-situ.info\/etudesdulivre21\/liv2\/mellet\/\" aria-label=\"En savoir plus sur Margot Mellet, \u00ab D\u00e9faire et rem\u00e9dier le livre. Analyse de la figure-\u00e9cran du livre dans The Pillow Book de Peter Greenaway\">Lire la suite<\/a><\/p>\n","protected":false},"author":2,"featured_media":0,"parent":104,"menu_order":4,"comment_status":"closed","ping_status":"closed","template":"","meta":{"footnotes":""},"class_list":["post-258","page","type-page","status-publish"],"_links":{"self":[{"href":"https:\/\/projets.ex-situ.info\/etudesdulivre21\/wp-json\/wp\/v2\/pages\/258","targetHints":{"allow":["GET"]}}],"collection":[{"href":"https:\/\/projets.ex-situ.info\/etudesdulivre21\/wp-json\/wp\/v2\/pages"}],"about":[{"href":"https:\/\/projets.ex-situ.info\/etudesdulivre21\/wp-json\/wp\/v2\/types\/page"}],"author":[{"embeddable":true,"href":"https:\/\/projets.ex-situ.info\/etudesdulivre21\/wp-json\/wp\/v2\/users\/2"}],"replies":[{"embeddable":true,"href":"https:\/\/projets.ex-situ.info\/etudesdulivre21\/wp-json\/wp\/v2\/comments?post=258"}],"version-history":[{"count":3,"href":"https:\/\/projets.ex-situ.info\/etudesdulivre21\/wp-json\/wp\/v2\/pages\/258\/revisions"}],"predecessor-version":[{"id":509,"href":"https:\/\/projets.ex-situ.info\/etudesdulivre21\/wp-json\/wp\/v2\/pages\/258\/revisions\/509"}],"up":[{"embeddable":true,"href":"https:\/\/projets.ex-situ.info\/etudesdulivre21\/wp-json\/wp\/v2\/pages\/104"}],"wp:attachment":[{"href":"https:\/\/projets.ex-situ.info\/etudesdulivre21\/wp-json\/wp\/v2\/media?parent=258"}],"curies":[{"name":"wp","href":"https:\/\/api.w.org\/{rel}","templated":true}]}}