{"id":247,"date":"2021-03-22T16:17:28","date_gmt":"2021-03-22T20:17:28","guid":{"rendered":"https:\/\/projets.ex-situ.info\/etudesdulivre21\/?page_id=247"},"modified":"2021-07-14T12:07:05","modified_gmt":"2021-07-14T16:07:05","slug":"lieutier","status":"publish","type":"page","link":"https:\/\/projets.ex-situ.info\/etudesdulivre21\/liv2\/lieutier\/","title":{"rendered":"Prune Lieutier, \u00ab Les d\u00e9fis et enjeux de production constat\u00e9s en \u00e9dition num\u00e9rique jeunesse au Qu\u00e9bec \u00bb"},"content":{"rendered":"\n<div class=\"wp-block-columns is-layout-flex wp-container-core-columns-is-layout-28f84493 wp-block-columns-is-layout-flex\">\n<div class=\"wp-block-column is-layout-flow wp-block-column-is-layout-flow\" style=\"flex-basis:66.66%\">\n<figure class=\"wp-block-video\"><video controls src=\"https:\/\/projets.ex-situ.info\/etudesdulivre21\/wp-content\/uploads\/sites\/4\/Lieutier.mp4\"><\/video><\/figure>\n<\/div>\n\n\n\n<div class=\"wp-block-column is-layout-flow wp-block-column-is-layout-flow\" style=\"flex-basis:33.33%\">\n<h3 class=\"wp-block-heading\">Prune Lieutier<\/h3>\n\n\n\n<div class=\"wp-block-image\"><figure class=\"alignright size-large\"><img loading=\"lazy\" decoding=\"async\" width=\"200\" height=\"200\" src=\"https:\/\/projets.ex-situ.info\/etudesdulivre21\/wp-content\/uploads\/sites\/4\/2021\/03\/Photo_Prune_Lieutier.jpeg\" alt=\"Prune Lieutier\" class=\"wp-image-248\" srcset=\"https:\/\/projets.ex-situ.info\/etudesdulivre21\/wp-content\/uploads\/sites\/4\/2021\/03\/Photo_Prune_Lieutier.jpeg 200w, https:\/\/projets.ex-situ.info\/etudesdulivre21\/wp-content\/uploads\/sites\/4\/2021\/03\/Photo_Prune_Lieutier-150x150.jpeg 150w\" sizes=\"auto, (max-width: 200px) 100vw, 200px\" \/><\/figure><\/div>\n\n\n\n<p class=\"bio\">Prune Lieutier est productrice ind\u00e9pendante d\u2019exp\u00e9riences num\u00e9riques pour la jeunesse, et termine actuellement un doctorat sur la litt\u00e9rature jeunesse num\u00e9rique \u00e0 l\u2019UQAM.<\/p>\n\n\n\n<p class=\"bio\">Dans le cadre de ses travaux \u00e0 destination des jeunes publics, elle a eu la charge de nombreux projets innovants, impliquant pour la plupart un vaste \u00e9cosyst\u00e8me de travail, associant cr\u00e9ateurs, d\u00e9veloppeurs, chercheurs et diffuseurs, notamment <a href=\"http:\/\/editionsfonfon.com\/collection\/interactive\/\" target=\"_blank\" rel=\"noreferrer noopener\">Fonfon interactif<\/a> et le <a href=\"https:\/\/curiouscrittersclub.com\/fr\/experience\" target=\"_blank\" rel=\"noreferrer noopener\">Club des cr\u00e9atures myst\u00e9rieuses<\/a>. Elle est \u00e9galement tr\u00e8s impliqu\u00e9e dans diff\u00e9rentes recherches acad\u00e9miques, pour le minist\u00e8re de l\u2019\u00c9ducation et de l\u2019Enseignement sup\u00e9rieur ainsi que le Fonds de recherche du Qu\u00e9bec \u2013 Soci\u00e9t\u00e9 et culture.<\/p>\n\n\n\n<p class=\"bio\">Enfin, elle est la co-fondatrice de l\u2019organisme de production de balados pour enfants <a href=\"https:\/\/lpalo.com\/\" target=\"_blank\" rel=\"noreferrer noopener\">La puce \u00e0 l\u2019oreille<\/a>.<\/p>\n<\/div>\n<\/div>\n\n\n\n<p>Vous avez aim\u00e9 cette communication scientifique? D\u00e9couvrez les autres de cette <a href=\"https:\/\/projets.ex-situ.info\/etudesdulivre21\/liv2\/\">deuxi\u00e8me livraison<\/a>.<\/p>\n","protected":false},"excerpt":{"rendered":"<p>Prune Lieutier Prune Lieutier est productrice ind\u00e9pendante d\u2019exp\u00e9riences num\u00e9riques pour la jeunesse, et termine actuellement un doctorat sur la litt\u00e9rature jeunesse num\u00e9rique \u00e0 l\u2019UQAM. Dans le cadre de ses travaux \u00e0 destination des jeunes publics, elle a eu la charge de nombreux projets innovants, impliquant pour la plupart un vaste \u00e9cosyst\u00e8me de travail, associant cr\u00e9ateurs, &#8230; <a title=\"Prune Lieutier, \u00ab Les d\u00e9fis et enjeux de production constat\u00e9s en \u00e9dition num\u00e9rique jeunesse au Qu\u00e9bec \u00bb\" class=\"read-more\" href=\"https:\/\/projets.ex-situ.info\/etudesdulivre21\/liv2\/lieutier\/\" aria-label=\"En savoir plus sur Prune Lieutier, \u00ab Les d\u00e9fis et enjeux de production constat\u00e9s en \u00e9dition num\u00e9rique jeunesse au Qu\u00e9bec \u00bb\">Lire la suite<\/a><\/p>\n","protected":false},"author":2,"featured_media":0,"parent":104,"menu_order":2,"comment_status":"closed","ping_status":"closed","template":"","meta":{"footnotes":""},"class_list":["post-247","page","type-page","status-publish"],"_links":{"self":[{"href":"https:\/\/projets.ex-situ.info\/etudesdulivre21\/wp-json\/wp\/v2\/pages\/247","targetHints":{"allow":["GET"]}}],"collection":[{"href":"https:\/\/projets.ex-situ.info\/etudesdulivre21\/wp-json\/wp\/v2\/pages"}],"about":[{"href":"https:\/\/projets.ex-situ.info\/etudesdulivre21\/wp-json\/wp\/v2\/types\/page"}],"author":[{"embeddable":true,"href":"https:\/\/projets.ex-situ.info\/etudesdulivre21\/wp-json\/wp\/v2\/users\/2"}],"replies":[{"embeddable":true,"href":"https:\/\/projets.ex-situ.info\/etudesdulivre21\/wp-json\/wp\/v2\/comments?post=247"}],"version-history":[{"count":4,"href":"https:\/\/projets.ex-situ.info\/etudesdulivre21\/wp-json\/wp\/v2\/pages\/247\/revisions"}],"predecessor-version":[{"id":506,"href":"https:\/\/projets.ex-situ.info\/etudesdulivre21\/wp-json\/wp\/v2\/pages\/247\/revisions\/506"}],"up":[{"embeddable":true,"href":"https:\/\/projets.ex-situ.info\/etudesdulivre21\/wp-json\/wp\/v2\/pages\/104"}],"wp:attachment":[{"href":"https:\/\/projets.ex-situ.info\/etudesdulivre21\/wp-json\/wp\/v2\/media?parent=247"}],"curies":[{"name":"wp","href":"https:\/\/api.w.org\/{rel}","templated":true}]}}