{"id":2,"date":"2021-02-10T20:39:37","date_gmt":"2021-02-10T19:39:37","guid":{"rendered":"https:\/\/projets.ex-situ.info\/etudesdulivre21\/?page_id=2"},"modified":"2021-07-06T15:50:31","modified_gmt":"2021-07-06T19:50:31","slug":"accueil","status":"publish","type":"page","link":"https:\/\/projets.ex-situ.info\/etudesdulivre21\/","title":{"rendered":""},"content":{"rendered":"\n<div class=\"wp-block-columns is-layout-flex wp-container-core-columns-is-layout-28f84493 wp-block-columns-is-layout-flex\">\n<div class=\"wp-block-column is-layout-flow wp-block-column-is-layout-flow\" style=\"flex-basis:66.66%\">\n<h3 class=\"wp-block-heading\">Un colloque pour jeunes chercheur\u22c5e\u22c5s<\/h3>\n\n\n\n<p>De mars \u00e0 mai 2021, ce \u00ab&nbsp;printemps&nbsp;\u00bb des \u00e9tudes du livre au XXI<sup class=\"\">e&nbsp;<\/sup>si\u00e8cle visait \u00e0 mettre en valeur les chantiers de recherche en cours et \u00e0 mettre en lien les jeunes chercheur\u22c5e\u22c5s d\u2019un domaine scientifique qui se dessine \u00e0 l\u2019intersection de la litt\u00e9rature contemporaine, de l\u2019histoire du livre et de l\u2019\u00e9dition, de la culture m\u00e9diatique et des arts visuels.<\/p>\n\n\n\n<p>Le site de l\u2019\u00e9v\u00e9nement a rendu disponibles, \u00e0 partir de la semaine du 8 mars 2021 et de fa\u00e7on p\u00e9riodique, les contributions des participant\u22c5e\u22c5s au colloque. Une discussion ouverte suivait chacune d\u2019elles, pour conduire \u00e0 un \u00e9v\u00e9nement-synth\u00e8se qui s&rsquo;est tenu le 17 mai 2021.<\/p>\n\n\n\n<p>Pour plus d&rsquo;information, consultez la page <a href=\"https:\/\/projets.ex-situ.info\/etudesdulivre21\/a-propos-du-colloque-etudes-du-livre-au-xxie-siecle\/\" data-type=\"page\" data-id=\"19\">\u00c0 propos<\/a>.<\/p>\n\n\n\n<p>Pour lire le bilan de l&rsquo;\u00e9v\u00e9nement, consultez <a href=\"https:\/\/projets.ex-situ.info\/etudesdulivre21\/bilan\/\" data-type=\"page\" data-id=\"437\" target=\"_blank\" rel=\"noreferrer noopener\">ce billet<\/a>. <\/p>\n<\/div>\n\n\n\n<div class=\"wp-block-column is-layout-flow wp-block-column-is-layout-flow\" style=\"flex-basis:33.33%\">\n<figure class=\"wp-block-image size-large\"><a href=\"https:\/\/ex-situ.info\" target=\"_blank\" rel=\"noopener\"><img loading=\"lazy\" decoding=\"async\" width=\"1024\" height=\"390\" src=\"https:\/\/projets.ex-situ.info\/etudesdulivre21\/wp-content\/uploads\/sites\/4\/2021\/02\/LQM-Exsitu-1024x390.jpg\" alt=\"\" class=\"wp-image-84\" srcset=\"https:\/\/projets.ex-situ.info\/etudesdulivre21\/wp-content\/uploads\/sites\/4\/2021\/02\/LQM-Exsitu-1024x390.jpg 1024w, https:\/\/projets.ex-situ.info\/etudesdulivre21\/wp-content\/uploads\/sites\/4\/2021\/02\/LQM-Exsitu-300x114.jpg 300w, https:\/\/projets.ex-situ.info\/etudesdulivre21\/wp-content\/uploads\/sites\/4\/2021\/02\/LQM-Exsitu-768x292.jpg 768w, https:\/\/projets.ex-situ.info\/etudesdulivre21\/wp-content\/uploads\/sites\/4\/2021\/02\/LQM-Exsitu.jpg 1200w\" sizes=\"auto, (max-width: 1024px) 100vw, 1024px\" \/><\/a><\/figure>\n\n\n\n<figure class=\"wp-block-image size-large\"><a href=\"https:\/\/www.usherbrooke.ca\/grelq\" target=\"_blank\" rel=\"noopener\"><img loading=\"lazy\" decoding=\"async\" width=\"1024\" height=\"251\" src=\"https:\/\/projets.ex-situ.info\/etudesdulivre21\/wp-content\/uploads\/sites\/4\/2021\/02\/Logo_GRELQ_Process-1024x251.jpg\" alt=\"\" class=\"wp-image-83\" srcset=\"https:\/\/projets.ex-situ.info\/etudesdulivre21\/wp-content\/uploads\/sites\/4\/2021\/02\/Logo_GRELQ_Process-1024x251.jpg 1024w, https:\/\/projets.ex-situ.info\/etudesdulivre21\/wp-content\/uploads\/sites\/4\/2021\/02\/Logo_GRELQ_Process-300x74.jpg 300w, https:\/\/projets.ex-situ.info\/etudesdulivre21\/wp-content\/uploads\/sites\/4\/2021\/02\/Logo_GRELQ_Process-768x188.jpg 768w, https:\/\/projets.ex-situ.info\/etudesdulivre21\/wp-content\/uploads\/sites\/4\/2021\/02\/Logo_GRELQ_Process.jpg 1488w\" sizes=\"auto, (max-width: 1024px) 100vw, 1024px\" \/><\/a><\/figure>\n<\/div>\n<\/div>\n\n\n\n<h3 class=\"wp-block-heading\">Pr\u00e9sentation du colloque<\/h3>\n\n\n\n<div class=\"wp-block-columns is-layout-flex wp-container-core-columns-is-layout-28f84493 wp-block-columns-is-layout-flex\">\n<div class=\"wp-block-column is-layout-flow wp-block-column-is-layout-flow\" style=\"flex-basis:66.66%\">\n<figure class=\"wp-block-video\"><video controls src=\"https:\/\/projets.ex-situ.info\/etudesdulivre21\/wp-content\/uploads\/sites\/4\/LIVREXXI-intro.mp4\"><\/video><\/figure>\n<\/div>\n\n\n\n<div class=\"wp-block-column is-layout-flow wp-block-column-is-layout-flow\" style=\"flex-basis:33.33%\"><\/div>\n<\/div>\n\n\n\n<h3 class=\"wp-block-heading\">Programme<\/h3>\n\n\n\n<p>Le colloque s&rsquo;est d\u00e9roul\u00e9 sous la forme de cinq livraisons publi\u00e9es \u00e0 intervalles de deux semaines, de la mi-mars \u00e0 la mi-mai 2021.<\/p>\n\n\n\n<h5 class=\"wp-block-heading\"><strong>Premi\u00e8re livraison<\/strong> (10 mars)<\/h5>\n\n\n\n<ul class=\"wp-block-list\"><li>Corentin Lahouste, UCLouvain<br>\u00ab <a href=\"https:\/\/projets.ex-situ.info\/etudesdulivre21\/liv1\/lahouste\/\" data-type=\"page\" data-id=\"9\">Difformations livresques contemporaines<\/a> \u00bb<\/li><li>Morgan Fr\u00e8res, Universit\u00e9 Sorbonne Nouvelle<br>\u00ab <a href=\"https:\/\/projets.ex-situ.info\/etudesdulivre21\/liv1\/freres\/\" data-type=\"page\" data-id=\"119\">Litt\u00e9rature jeunesse et communaut\u00e9s de lecteur.trice.s : <em>Animant Crumbs Staubchronik<\/em><\/a> \u00bb<\/li><li>Antoine Fauchi\u00e9, Universit\u00e9 de Montr\u00e9al<br>\u00ab <a href=\"https:\/\/projets.ex-situ.info\/etudesdulivre21\/liv1\/fauchie\/\" data-type=\"page\" data-id=\"124\">D\u00e9ployer le livre<\/a> \u00bb<\/li><\/ul>\n\n\n\n<h5 class=\"wp-block-heading\"><strong>Deuxi\u00e8me livraison <\/strong>(24 mars)<\/h5>\n\n\n\n<ul class=\"wp-block-list\"><li>Izabeau Legendre, Universit\u00e9 Queen\u2019s<br>\u00ab <a href=\"https:\/\/projets.ex-situ.info\/etudesdulivre21\/liv2\/legendre\/\" data-type=\"page\" data-id=\"241\">Les zines contre internet : s\u2019\u00e9diter, ou se d\u00e9mat\u00e9rialiser<\/a> \u00bb<\/li><li>Prune Lieutier, Universit\u00e9 du Qu\u00e9bec \u00e0 Montr\u00e9al<br>\u00ab <a href=\"https:\/\/projets.ex-situ.info\/etudesdulivre21\/liv2\/lieutier\/\" data-type=\"page\" data-id=\"247\">Les d\u00e9fis et enjeux de production constat\u00e9s en \u00e9dition num\u00e9rique jeunesse au Qu\u00e9bec<\/a> \u00bb<\/li><li>Pamela Ellayah, Universit\u00e9 du Maine-Le Mans<br>\u00ab <a href=\"https:\/\/projets.ex-situ.info\/etudesdulivre21\/liv2\/ellayah\/\" data-type=\"page\" data-id=\"251\">Fabriquer le patrimoine de l\u2019album jeunesse au XXI<sup>e<\/sup> si\u00e8cle<\/a> \u00bb<\/li><li>Margot Mellet, Universit\u00e9 de Montr\u00e9al<br>\u00ab&nbsp;<a href=\"https:\/\/projets.ex-situ.info\/etudesdulivre21\/liv2\/mellet\/\" data-type=\"page\" data-id=\"258\">D\u00e9faire et rem\u00e9dier le livre. Analyse de la figure-\u00e9cran du livre dans <em>The Pillow Book <\/em>de Peter Greenaway<\/a> \u00bb<\/li><\/ul>\n\n\n\n<h5 class=\"wp-block-heading\"><strong>Troisi\u00e8me livraison<\/strong> (7 avril)<\/h5>\n\n\n\n<ul class=\"wp-block-list\"><li>Maxime Bolduc, Universit\u00e9 de Sherbrooke<br>\u00ab <a href=\"https:\/\/projets.ex-situ.info\/etudesdulivre21\/liv3\/bolduc\/\" data-type=\"page\" data-id=\"291\">Entre image de marque et personnalit\u00e9 bien camp\u00e9e :<br>l\u2019usage des r\u00e9seaux sociaux chez Marchand de feuilles et Bor\u00e9al<\/a>&nbsp;\u00bb<\/li><li>Margarita Molina Fernandez, Universit\u00e9 du Qu\u00e9bec \u00e0 Montr\u00e9al<br>\u00ab <a href=\"https:\/\/projets.ex-situ.info\/etudesdulivre21\/liv3\/fernandez\/\" data-type=\"page\" data-id=\"295\">L\u2019indiff\u00e9rence aux supports du milieu \u00e9ditorial de la bande dessin\u00e9e num\u00e9rique :<br>un probl\u00e8me de m\u00e9diag\u00e9nie et de litt\u00e9ratie num\u00e9rique<\/a>&nbsp;\u00bb<\/li><li>Tom Lebrun, Universit\u00e9 Laval<br>\u00ab <a href=\"https:\/\/projets.ex-situ.info\/etudesdulivre21\/liv3\/lebrun\/\" data-type=\"page\" data-id=\"287\">De l\u2019appropriation fanique des sources \u00e0 la r\u00e9\u00e9criture d\u2019un premier jet produit par la machine :<br>\u00e9l\u00e9ments de typologie textuelle en mati\u00e8re de g\u00e9n\u00e9ration par apprentissage machine<\/a> \u00bb<\/li><\/ul>\n\n\n\n<h5 class=\"wp-block-heading\"><strong>Quatri\u00e8me livraison<\/strong> (21 avril)<\/h5>\n\n\n\n<ul class=\"wp-block-list\"><li>Barbara Bourchenin, Universit\u00e9 Bordeaux Montaigne<br>\u00ab <a href=\"https:\/\/projets.ex-situ.info\/etudesdulivre21\/bourchenin\/\" data-type=\"page\" data-id=\"319\">Livres de l\u2019art actuel : imaginaires paradoxaux de la fin du livre<\/a> \u00bb<\/li><li>Camille Simard, Universit\u00e9 du Qu\u00e9bec \u00e0 Montr\u00e9al<br>\u00ab <a href=\"https:\/\/projets.ex-situ.info\/etudesdulivre21\/simard\/\" data-type=\"page\" data-id=\"322\">Quels liens entre les enseignant-e-s du coll\u00e9gial et le milieu \u00e9ditorial qu\u00e9b\u00e9cois ?<\/a> \u00bb<\/li><li>Allan Deneuville, \u00c9cole Universitaire de Recherche ArTeC\/Universit\u00e9 du Qu\u00e9bec \u00e0 Montr\u00e9al<br>\u00ab <a href=\"https:\/\/projets.ex-situ.info\/etudesdulivre21\/deneuville\/\" data-type=\"page\" data-id=\"328\">De l\u2019\u00e9cran \u00e0 la page : d\u00e9jouer la logique des plateformes num\u00e9riques et red\u00e9finir le livre<\/a> \u00bb<\/li><li>Jade P\u00e9trault, Universit\u00e9 de Rennes 2<br>\u00ab <a href=\"https:\/\/projets.ex-situ.info\/etudesdulivre21\/petrault\/\" data-type=\"page\" data-id=\"331\">Les livres ambulants : histoire d\u2019une double r\u00e9incarnation<\/a> \u00bb<\/li><\/ul>\n\n\n\n<h5 class=\"wp-block-heading\"><strong>Cinqui\u00e8me livraison<\/strong> (5 mai)<\/h5>\n\n\n\n<ul class=\"wp-block-list\"><li>Joanie Grenier, Universit\u00e9 de Sherbrooke<br>\u00ab <a href=\"https:\/\/projets.ex-situ.info\/etudesdulivre21\/liv5\/grenier\/\" data-type=\"page\" data-id=\"377\">Mesurer la d\u00e9couvrabilit\u00e9 du livre qu\u00e9b\u00e9cois en ligne : m\u00e9thodologie d\u00e9velopp\u00e9e et premiers r\u00e9sultats de recherche<\/a> \u00bb<\/li><li>Emmanuelle Lescou\u00ebt, Universit\u00e9 de Montr\u00e9al<br>\u00ab <a href=\"https:\/\/projets.ex-situ.info\/etudesdulivre21\/liv5\/lescouet\/\" data-type=\"page\" data-id=\"380\">La notifiction : ancrer le livre dans le quotidien<\/a> \u00bb<\/li><li>St\u00e9phanie Parmentier, IMSIC (Aix-Marseille Universit\u00e9)<br>\u00ab <a href=\"https:\/\/projets.ex-situ.info\/etudesdulivre21\/liv5\/parmentier\/\" data-type=\"page\" data-id=\"385\">Les livres du XXI<sup>e<\/sup> si\u00e8cle seront sur Wattpad, KDP ou TikToK ou ne seront pas ?<\/a> \u00bb<\/li><li>Sara Vergari, Aix-Marseille Universit\u00e9<br>\u00ab <a href=\"https:\/\/projets.ex-situ.info\/etudesdulivre21\/liv5\/vergari\/\" data-type=\"page\" data-id=\"401\">La d\u00e9mat\u00e9rialisation de l&rsquo;\u00e9dition de po\u00e9sie. Diffusion num\u00e9rique et critique litt\u00e9raire : le dialogue est-il possible&nbsp;?<\/a> \u00bb<\/li><\/ul>\n\n\n\n<h5 class=\"wp-block-heading\"><strong>Rencontre synchrone finale<\/strong> (17 mai)<\/h5>\n\n\n\n<p>Une rencontre synchrone a eu lieu sur Zoom le 17 mai, \u00e0 9h30 (heure du Qu\u00e9bec) \/ 15h30 (heure d&rsquo;Europe de l&rsquo;Ouest) ; elle r\u00e9unissait l&rsquo;ensemble des participant.e.s. (Elle n&rsquo;a pas fait l&rsquo;objet d&rsquo;un enregistrement.)<\/p>\n\n\n\n<h5 class=\"wp-block-heading\"><strong>Bilan suivant le colloque: \u00abD\u00e9finir collaborativement le chantier des \u00e9tudes du livre au XXI<sup>e<\/sup> si\u00e8cle\u00bb<\/strong> (23 juin)<\/h5>\n\n\n\n<p>Dans <a href=\"https:\/\/projets.ex-situ.info\/etudesdulivre21\/bilan\/\" data-type=\"page\" data-id=\"437\" target=\"_blank\" rel=\"noreferrer noopener\">ce billet<\/a>, Ren\u00e9 Audet, Julien Lefort-Favreau et M\u00e9lodie Simard-Houde reviennent sur l&rsquo;\u00e9v\u00e9nement, ses perspectives et avanc\u00e9es. <\/p>\n","protected":false},"excerpt":{"rendered":"<p>Un colloque pour jeunes chercheur\u22c5e\u22c5s De mars \u00e0 mai 2021, ce \u00ab&nbsp;printemps&nbsp;\u00bb des \u00e9tudes du livre au XXIe&nbsp;si\u00e8cle visait \u00e0 mettre en valeur les chantiers de recherche en cours et \u00e0 mettre en lien les jeunes chercheur\u22c5e\u22c5s d\u2019un domaine scientifique qui se dessine \u00e0 l\u2019intersection de la litt\u00e9rature contemporaine, de l\u2019histoire du livre et de &#8230; <a title=\"\" class=\"read-more\" href=\"https:\/\/projets.ex-situ.info\/etudesdulivre21\/\" aria-label=\"En savoir plus sur \">Lire la suite<\/a><\/p>\n","protected":false},"author":2,"featured_media":0,"parent":0,"menu_order":0,"comment_status":"closed","ping_status":"closed","template":"","meta":{"footnotes":""},"class_list":["post-2","page","type-page","status-publish"],"_links":{"self":[{"href":"https:\/\/projets.ex-situ.info\/etudesdulivre21\/wp-json\/wp\/v2\/pages\/2","targetHints":{"allow":["GET"]}}],"collection":[{"href":"https:\/\/projets.ex-situ.info\/etudesdulivre21\/wp-json\/wp\/v2\/pages"}],"about":[{"href":"https:\/\/projets.ex-situ.info\/etudesdulivre21\/wp-json\/wp\/v2\/types\/page"}],"author":[{"embeddable":true,"href":"https:\/\/projets.ex-situ.info\/etudesdulivre21\/wp-json\/wp\/v2\/users\/2"}],"replies":[{"embeddable":true,"href":"https:\/\/projets.ex-situ.info\/etudesdulivre21\/wp-json\/wp\/v2\/comments?post=2"}],"version-history":[{"count":40,"href":"https:\/\/projets.ex-situ.info\/etudesdulivre21\/wp-json\/wp\/v2\/pages\/2\/revisions"}],"predecessor-version":[{"id":459,"href":"https:\/\/projets.ex-situ.info\/etudesdulivre21\/wp-json\/wp\/v2\/pages\/2\/revisions\/459"}],"wp:attachment":[{"href":"https:\/\/projets.ex-situ.info\/etudesdulivre21\/wp-json\/wp\/v2\/media?parent=2"}],"curies":[{"name":"wp","href":"https:\/\/api.w.org\/{rel}","templated":true}]}}