{"id":19,"date":"2021-02-10T21:24:04","date_gmt":"2021-02-10T20:24:04","guid":{"rendered":"https:\/\/projets.ex-situ.info\/etudesdulivre21\/?page_id=19"},"modified":"2021-07-14T10:57:54","modified_gmt":"2021-07-14T14:57:54","slug":"a-propos-du-colloque-etudes-du-livre-au-xxie-siecle","status":"publish","type":"page","link":"https:\/\/projets.ex-situ.info\/etudesdulivre21\/a-propos-du-colloque-etudes-du-livre-au-xxie-siecle\/","title":{"rendered":"\u00c0 propos du colloque \u00c9tudes du livre au XXI<sup>e<\/sup> si\u00e8cle"},"content":{"rendered":"\n<h2 class=\"wp-block-heading\">Argumentaire<\/h2>\n\n\n\n<p>La culture num\u00e9rique a profond\u00e9ment boulevers\u00e9, notamment depuis les ann\u00e9es 2000, le monde du livre. Les pratiques actuelles de cr\u00e9ation, d\u2019\u00e9dition et de lecture se reconfigurent en partie autour de nouveaux formats et supports du livre et de la litt\u00e9rature&nbsp;: livres \u00ab&nbsp;enrichis&nbsp;\u00bb ou \u00ab&nbsp;augment\u00e9s&nbsp;\u00bb, livres num\u00e9riques, livres audio, applications interactives pour appareils mobiles, hypertextes navigables sur le web. Dans ce processus de m\u00e9tamorphose, l\u2019id\u00e9e du \u00ab&nbsp;livre&nbsp;\u00bb \u2013 qu\u2019il soit imprim\u00e9, num\u00e9rique ou hybride, \u00ab&nbsp;homoth\u00e9tique [1]&nbsp;\u00bb ou nativement num\u00e9rique \u2013 occupe toujours une place essentielle, mais penser ses formes, sa production, sa diffusion, son positionnement au sein de la culture ne peut d\u00e9sormais faire l\u2019\u00e9conomie d\u2019une r\u00e9flexion sur les cons\u00e9quences de l\u2019entr\u00e9e dans l\u2019\u00e8re num\u00e9rique.<\/p>\n\n\n\n<p>Les \u00e9tudes sur l\u2019\u00e9dition, le livre et son histoire doivent ainsi prendre acte de ces bouleversements, qui appellent \u2013 c\u2019est le constat motivant cette journ\u00e9e scientifique \u2013&nbsp;<strong>la d\u00e9finition d\u2019un nouveau champ d\u2019\u00e9tude<\/strong>, interrogeant sp\u00e9cifiquement le livre \u2013 ou&nbsp;<em>les<\/em>&nbsp;livres \u2013 du XXI<sup class=\"\">e<\/sup>&nbsp;si\u00e8cle. Prenant appui sur la r\u00e9flexion amorc\u00e9e dans le monde anglophone des \u00ab&nbsp;<em>book studies<\/em>&nbsp;[2]&nbsp;\u00bb, cette journ\u00e9e souhaite mettre de l\u2019avant des chantiers \u00e9mergents pouvant se rattacher aux \u00e9tudes sur le livre du XXI<sup class=\"\">e<\/sup>&nbsp;si\u00e8cle. Quelles sont les implications pour les approches du livre contemporain de ce dialogue ouvert avec la culture num\u00e9rique&nbsp;? Comment se positionner critiquement, dans les cultures de langue fran\u00e7aise, en regard des r\u00e9flexions d\u00e9j\u00e0 entam\u00e9es \u00e0 ce sujet dans le monde anglophone&nbsp;?<\/p>\n\n\n\n<p>Les propositions pourront s\u2019inscrire notamment dans l\u2019un des axes suivants&nbsp;:<\/p>\n\n\n\n<h3 class=\"wp-block-heading\">1. <em>Les nouvelles sources des \u00e9tudes sur le livre<\/em><\/h3>\n\n\n\n<p>L\u2019un des enjeux de l\u2019\u00e9tude du livre du XXI<sup class=\"\">e<\/sup>\u00a0si\u00e8cle est dessin\u00e9 par ses nouveaux modes de diffusion et de commercialisation. Comment r\u00e9cup\u00e9rer et utiliser les donn\u00e9es provenant des nouvelles sources m\u00e9diatiques qui tracent l\u2019histoire vivante du livre aujourd\u2019hui, tels les sites d\u2019entreposage num\u00e9rique, de distribution et de vente en ligne, ou encore les r\u00e9seaux socio-num\u00e9riques, o\u00f9 s\u2019expriment des communaut\u00e9s virtuelles de lecteurs\u00a0?\u00a0<\/p>\n\n\n\n<h3 class=\"wp-block-heading\">2. <em>La mod\u00e9lisation des circuits de production et de diffusion du livre<\/em><\/h3>\n\n\n\n<p>Comment envisager les nouveaux mod\u00e8les de production, le r\u00f4le des sites d\u2019entreposage, de vente et de diffusion du livre num\u00e9rique dans la cha\u00eene du livre\u00a0? Il serait utile de s\u2019interroger sur la coexistence de mod\u00e8les de diffusion traditionnels et de plateformes de contenu diffus\u00e9 en continu. Plus encore, le recours \u00e0 des strat\u00e9gies num\u00e9riques de diffusion du livre papier d\u00e9limite de nouvelles interactions entre les r\u00e9seaux sociaux et la commercialisation classique du livre. Comment mod\u00e9liser ces circuits de production et de diffusion du livre aujourd\u2019hui\u00a0? Comment revoir et adapter les mod\u00e8les et th\u00e9ories ant\u00e9rieurs\u00a0?<\/p>\n\n\n\n<h3 class=\"wp-block-heading\">3. <em>La p\u00e9riodisation de l\u2019histoire du livre et l\u2019historicisation de ses questionnements<\/em><\/h3>\n\n\n\n<p>De nombreuses pratiques du XXI<sup class=\"\">e<\/sup>\u00a0si\u00e8cle sont n\u00e9es \u00e0 la fin du XX<sup class=\"\">e<\/sup>\u00a0si\u00e8cle. Quelles continuit\u00e9s affirmer entre histoire du livre au XX<sup class=\"\">e<\/sup>\u00a0si\u00e8cle et au XXI<sup class=\"\">e<\/sup>\u00a0si\u00e8cle\u00a0? Par ailleurs, comment l\u2019histoire plus ancienne du livre peut-elle \u00e9clairer le livre du XXI<sup class=\"\">e<\/sup>\u00a0si\u00e8cle et inversement\u00a0? Il para\u00eet n\u00e9cessaire de r\u00e9fl\u00e9chir aux questionnements fondamentaux de l\u2019histoire du livre qui persistent quand on aborde le num\u00e9rique \u2013 pensons \u00e0 l\u2019\u00e9tude du r\u00f4le de l\u2019\u00e9diteur et de l\u2019\u00ab\u00a0\u00e9ditorialisation\u00a0\u00bb sur le web (Vitali-Rosati)\u00a0;\u00a0\u00e0 l\u2019\u00e9valuation des effets des formats et des supports nouveaux sur la cr\u00e9ation (incorporation par les \u0153uvres et les producteurs culturels d\u2019un imaginaire du support et des formes du livre) comme sur la lecture, \u00e0 leur incidence sur le droit d\u2019auteur et la propri\u00e9t\u00e9 intellectuelle, et sur la mondialisation culturelle.\u00a0<\/p>\n\n\n\n<h3 class=\"wp-block-heading\">4. <em>La perm\u00e9abilit\u00e9 et les fronti\u00e8res disciplinaires des \u00e9tudes sur le livre<\/em><\/h3>\n\n\n\n<p>L\u2019histoire du livre s\u2019est d\u2019embl\u00e9e pens\u00e9e et affirm\u00e9e comme un champ d\u2019\u00e9tude interdisciplinaire [3]. Puisant \u00e0 la fois \u00e0 l\u2019histoire, \u00e0 la science de la communication, aux \u00e9tudes culturelles, \u00e0 la sociologie, aux sciences de l\u2019\u00e9ducation, aux arts visuels, ses fronti\u00e8res disciplinaires sont d\u00e9lib\u00e9r\u00e9ment poreuses. Il nous importe de poursuivre une r\u00e9flexion sur la place du livre dans la culture contemporaine et les pratiques actuelles de consommation culturelle.\u00a0<\/p>\n\n\n\n<h3 class=\"wp-block-heading\">5. <em>\u00c9tudes du livre et identit\u00e9s subalternes<\/em><\/h3>\n\n\n\n<p>Les \u00e9tudes du livre sont aussi l\u2019occasion de montrer les convergences entre des luttes politiques subalternes et des moyens de diffusion. En effet, nombre de travaux actuels s\u2019int\u00e9ressent \u00e0 des moyens de diffusion marginaux, investis par des groupes affinitaires et politiques aux tendances vari\u00e9es. En parall\u00e8le de l\u2019\u00e9conomie du livre s\u2019\u00e9laborent des \u00e9conomies alternatives qui sont aussi des modes de vie et d\u2019expression marginalis\u00e9s. Cela permet de reformuler \u00e0 nouveaux frais d\u2019anciennes questions de sociologie de litt\u00e9rature\u00a0: la petite \u00e9dition (voire la micro-\u00e9dition, voire l\u2019auto-\u00e9dition) veut-elle constituer une avant-garde visant \u00e0 transformer le champ \u00e9ditorial, ou incarne-t-elle plut\u00f4t un p\u00f4le contre-culturel, investissant les marges pour y rester\u00a0?<\/p>\n\n\n\n<h2 class=\"wp-block-heading\">Formule de l\u2019\u00e9v\u00e9nement<\/h2>\n\n\n\n<p>Les \u00e9tudes du livre au XXI<sup class=\"\">e<\/sup>&nbsp;si\u00e8cle sont un champ disciplinaire naissant, m\u00eame si des travaux qui en rel\u00e8vent ont \u00e9t\u00e9 men\u00e9s isol\u00e9ment depuis des ann\u00e9es. Nous faisons le pari que l\u2019enrichissement de ces recherches passe par la mise en lien des nombreux\u22c5ses chercheur\u22c5e\u22c5s, autant en poste qu\u2019en formation, qui consacrent leurs efforts \u00e0 d\u00e9blayer divers aspects de cette th\u00e9matique. Nous souhaitons ainsi mettre en valeur les recherches actuelles \u00e0 travers un \u00e9v\u00e9nement qui contribuera \u00e0 mieux&nbsp;<strong>tisser une communaut\u00e9 scientifique francophone<\/strong>&nbsp;portant sur les \u00e9tudes du livre au XXI<sup class=\"\">e<\/sup>&nbsp;si\u00e8cle.<\/p>\n\n\n\n<p>De fa\u00e7on \u00e0 ouvrir largement cette communaut\u00e9, tant g\u00e9ographiquement que th\u00e9matiquement, nous avons retenu la formule d\u2019un\u00a0<strong>\u00e9v\u00e9nement long et asynchrone<\/strong>, un\u00a0<em>printemps<\/em>\u00a0des \u00e9tudes du livre au XXI<sup class=\"\">e<\/sup>\u00a0si\u00e8cle qui invite aux \u00e9changes et aux discussions. Le site web de l\u2019\u00e9v\u00e9nement publiera \u00e0 intervalles\u00a0<strong>de petits groupes de contributions scientifiques<\/strong>\u00a0\u2013 des interventions br\u00e8ves sous diverses formes : expos\u00e9 film\u00e9, court texte incluant des illustrations, pr\u00e9sentation num\u00e9rique narr\u00e9e, captation audio, etc. Elles seront comment\u00e9es ou seront l\u2019amorce d\u2019\u00e9changes qui d\u00e9couleront de la probl\u00e9matique, \u00e0 la fa\u00e7on d\u2019un s\u00e9minaire.\u00a0Les cinq livraisons peuvent \u00eatre consult\u00e9es ainsi:<\/p>\n\n\n\n<ul class=\"wp-block-list\"><li><a href=\"https:\/\/projets.ex-situ.info\/etudesdulivre21\/liv1\/\">Premi\u00e8re livraison<\/a><\/li><li><a href=\"https:\/\/projets.ex-situ.info\/etudesdulivre21\/liv2\/\">Deuxi\u00e8me livraison<\/a><\/li><li><a href=\"https:\/\/projets.ex-situ.info\/etudesdulivre21\/liv3\/\">Troisi\u00e8me livraison<\/a><\/li><li><a href=\"https:\/\/projets.ex-situ.info\/etudesdulivre21\/liv4\/\">Quatri\u00e8me livraison<\/a><\/li><li><a href=\"https:\/\/projets.ex-situ.info\/etudesdulivre21\/liv5\/\">Cinqui\u00e8me livraison<\/a><\/li><\/ul>\n\n\n\n<p>Dans la derni\u00e8re semaine du colloque, un\u00a0<strong>\u00e9v\u00e9nement-synth\u00e8se en direct<\/strong>\u00a0r\u00e9unissant tou\u22c5te\u22c5s les participant\u22c5e\u22c5s permettra de rassembler les lignes de force et les enjeux de ce secteur scientifique, de m\u00eame qu\u2019en identifier les d\u00e9fis et les probl\u00e9matiques naissantes ou \u00e0 explorer \u2013 tel un acte de naissance d\u2019une nouvelle communaut\u00e9 scientifique. \u00a0<\/p>\n\n\n\n<p>Finalement, <a href=\"https:\/\/projets.ex-situ.info\/etudesdulivre21\/bilan\/\" target=\"_blank\" rel=\"noreferrer noopener\">un bilan<\/a> a \u00e9t\u00e9 publi\u00e9 pour clore le colloque. <\/p>\n\n\n\n<h4 class=\"wp-block-heading\">Notes<\/h4>\n\n\n\n<p>[1]&nbsp;Le livre homoth\u00e9tique, par opposition au livre enrichi, est un \u00ablivre num\u00e9rique \u00e9quivalant, notamment par son format et sa mise en forme, \u00e0 la version papier du m\u00eame ouvrage&nbsp;\u00bb. Office qu\u00e9b\u00e9cois de la langue fran\u00e7aise, entr\u00e9e \u00ab&nbsp;livre homoth\u00e9tique \u00bb,&nbsp;<em>Le grand dictionnaire terminologique<\/em>,&nbsp;<a class=\"\" href=\"http:\/\/gdt.oqlf.gouv.qc.ca\/ficheOqlf.aspx?Id_Fiche=26541383\">http:\/\/gdt.oqlf.gouv.qc.ca\/ficheOqlf.aspx?Id_Fiche= 26541383<\/a><br>[2]&nbsp;Rachel Noorda et Stevie Marsden, \u00ab Twenty-First Century Book Studies : The State of the Discipline \u00bb,&nbsp;<em>Book History<\/em>, vol. 22, 2019, p. 370-397,&nbsp;<a class=\"\" href=\"https:\/\/doi.org\/10.1353\/bh.2019.0013\">https:\/\/doi.org\/10.1353\/bh.2019.0013<\/a><br>[3]&nbsp;Leslie Howsam, \u00ab R\u00e9fl\u00e9chir par l\u2019histoire du livre. \u00bb&nbsp;<em>M\u00e9moires du livre \/ Studies in Book Culture<\/em>, vol. 7, n\u00b0 2, printemps 2016,&nbsp;<a class=\"\" href=\"https:\/\/www.erudit.org\/fr\/revues\/memoires\/1900-v1-n1-memoires02575\/1037043ar\/\">https:\/\/www.erudit.org\/fr\/revues\/memoires\/1900-v1-n1-memoires02575\/1037043ar\/<\/a><\/p>\n\n\n\n<hr class=\"wp-block-separator is-style-wide\"\/>\n\n\n\n<h3 class=\"wp-block-heading\">\u00c9quipe<\/h3>\n\n\n\n<div class=\"wp-block-image\"><figure class=\"alignright size-large is-resized\"><a href=\"https:\/\/ex-situ.info\" target=\"_blank\" rel=\"noopener\"><img loading=\"lazy\" decoding=\"async\" src=\"https:\/\/projets.ex-situ.info\/etudesdulivre21\/wp-content\/uploads\/sites\/4\/2021\/02\/LQM-Exsitu-1024x390.jpg\" alt=\"\" class=\"wp-image-84\" width=\"393\" height=\"150\" srcset=\"https:\/\/projets.ex-situ.info\/etudesdulivre21\/wp-content\/uploads\/sites\/4\/2021\/02\/LQM-Exsitu-1024x390.jpg 1024w, https:\/\/projets.ex-situ.info\/etudesdulivre21\/wp-content\/uploads\/sites\/4\/2021\/02\/LQM-Exsitu-300x114.jpg 300w, https:\/\/projets.ex-situ.info\/etudesdulivre21\/wp-content\/uploads\/sites\/4\/2021\/02\/LQM-Exsitu-768x292.jpg 768w, https:\/\/projets.ex-situ.info\/etudesdulivre21\/wp-content\/uploads\/sites\/4\/2021\/02\/LQM-Exsitu.jpg 1200w\" sizes=\"auto, (max-width: 393px) 100vw, 393px\" \/><\/a><\/figure><\/div>\n\n\n\n<h4 class=\"wp-block-heading\">Comit\u00e9 scientifique<\/h4>\n\n\n\n<ul class=\"wp-block-list\"><li><a href=\"https:\/\/ex-situ.info\/category\/rene-audet\/\">Ren\u00e9 Audet<\/a>, Universit\u00e9 Laval<\/li><li><a href=\"https:\/\/www.julienlefort-favreau.com\/\">Julien Lefort-Favreau<\/a>, Universit\u00e9 Queen&rsquo;s<\/li><li><a href=\"http:\/\/www.uqtr.ca\/PagePerso\/Melodie.Simard-Houde\">M\u00e9lodie Simard-Houde<\/a>, Universit\u00e9 du Qu\u00e9bec \u00e0 Trois-Rivi\u00e8res<\/li><\/ul>\n\n\n\n<h4 class=\"wp-block-heading\">Coordination et animation<\/h4>\n\n\n\n<div class=\"wp-block-image\"><figure class=\"alignright size-large is-resized\"><a href=\"https:\/\/www.usherbrooke.ca\/grelq\" target=\"_blank\" rel=\"noopener\"><img loading=\"lazy\" decoding=\"async\" src=\"https:\/\/projets.ex-situ.info\/etudesdulivre21\/wp-content\/uploads\/sites\/4\/2021\/02\/Logo_GRELQ_Process-1024x251.jpg\" alt=\"\" class=\"wp-image-83\" width=\"302\" height=\"74\" srcset=\"https:\/\/projets.ex-situ.info\/etudesdulivre21\/wp-content\/uploads\/sites\/4\/2021\/02\/Logo_GRELQ_Process-1024x251.jpg 1024w, https:\/\/projets.ex-situ.info\/etudesdulivre21\/wp-content\/uploads\/sites\/4\/2021\/02\/Logo_GRELQ_Process-300x74.jpg 300w, https:\/\/projets.ex-situ.info\/etudesdulivre21\/wp-content\/uploads\/sites\/4\/2021\/02\/Logo_GRELQ_Process-768x188.jpg 768w, https:\/\/projets.ex-situ.info\/etudesdulivre21\/wp-content\/uploads\/sites\/4\/2021\/02\/Logo_GRELQ_Process.jpg 1488w\" sizes=\"auto, (max-width: 302px) 100vw, 302px\" \/><\/a><\/figure><\/div>\n\n\n\n<ul class=\"wp-block-list\"><li><a href=\"https:\/\/lqm.uqam.ca\/fr\/membre\/charlotte-biron\">Charlotte Biron<\/a>, professionnelle de recherche, LQM<\/li><li><a href=\"https:\/\/www.usherbrooke.ca\/grelq\/\">Joanie Grenier<\/a>, doctorante, GR\u00c9LQ \/ Universit\u00e9 de Sherbrooke<\/li><\/ul>\n\n\n\n<h3 class=\"wp-block-heading\">Partenaires de l&rsquo;\u00e9v\u00e9nement<\/h3>\n\n\n\n<div class=\"wp-block-image\"><figure class=\"alignright size-large is-resized\"><a href=\"https:\/\/www.sshrc-crsh.gc.ca\/\" target=\"_blank\" rel=\"noopener\"><img loading=\"lazy\" decoding=\"async\" src=\"https:\/\/projets.ex-situ.info\/etudesdulivre21\/wp-content\/uploads\/sites\/4\/2021\/02\/crsh.png\" alt=\"\" class=\"wp-image-89\" width=\"274\" height=\"35\" srcset=\"https:\/\/projets.ex-situ.info\/etudesdulivre21\/wp-content\/uploads\/sites\/4\/2021\/02\/crsh.png 548w, https:\/\/projets.ex-situ.info\/etudesdulivre21\/wp-content\/uploads\/sites\/4\/2021\/02\/crsh-300x38.png 300w\" sizes=\"auto, (max-width: 274px) 100vw, 274px\" \/><\/a><\/figure><\/div>\n\n\n\n<ul class=\"wp-block-list\"><li><a href=\"https:\/\/lqm.uqam.ca\">Litt\u00e9rature qu\u00e9b\u00e9coise mobile<\/a>, <a href=\"https:\/\/ex-situ.info\">p\u00f4le Qu\u00e9bec<\/a><\/li><li><a href=\"https:\/\/www.usherbrooke.ca\/grelq\/\">Groupe de recherches et d&rsquo;\u00e9tudes sur le livre au Qu\u00e9bec (GR\u00c9LQ)<\/a><\/li><li><a href=\"https:\/\/www.sshrc-crsh.gc.ca\/\">Conseil de recherches en sciences humaines du Canada<\/a><\/li><li><a href=\"http:\/\/www.frqsc.gouv.qc.ca\/\">Fonds de recherche Qu\u00e9bec \u2013 Soci\u00e9t\u00e9 et culture (FRQSC)<\/a><\/li><\/ul>\n\n\n\n<div class=\"wp-block-image\"><figure class=\"alignright size-large is-resized\"><a href=\"http:\/\/www.frqsc.gouv.qc.ca\/\" target=\"_blank\" rel=\"noopener\"><img decoding=\"async\" src=\"https:\/\/projets.ex-situ.info\/etudesdulivre21\/wp-content\/uploads\/sites\/4\/2021\/02\/FRQSC_RGBmultimedia-transparent.png\" alt=\"\" class=\"wp-image-136\" width=\"200\" srcset=\"https:\/\/projets.ex-situ.info\/etudesdulivre21\/wp-content\/uploads\/sites\/4\/2021\/02\/FRQSC_RGBmultimedia-transparent.png 435w, https:\/\/projets.ex-situ.info\/etudesdulivre21\/wp-content\/uploads\/sites\/4\/2021\/02\/FRQSC_RGBmultimedia-transparent-300x86.png 300w\" sizes=\"(max-width: 435px) 100vw, 435px\" \/><\/a><\/figure><\/div>\n\n\n\n<h3 class=\"wp-block-heading\">Contact<\/h3>\n\n\n\n<p>Pour toute question ou information, <a href=\"mailto:lqm.quebec@gmail.com\">contactez l&rsquo;\u00e9quipe<\/a>.<\/p>\n\n\n\n<p><em>Image d&rsquo;ent\u00eate : <a href=\"https:\/\/pixabay.com\/photos\/books-pages-story-stories-notes-1245690\/\">Pixabay<\/a><\/em><\/p>\n","protected":false},"excerpt":{"rendered":"<p>Argumentaire La culture num\u00e9rique a profond\u00e9ment boulevers\u00e9, notamment depuis les ann\u00e9es 2000, le monde du livre. Les pratiques actuelles de cr\u00e9ation, d\u2019\u00e9dition et de lecture se reconfigurent en partie autour de nouveaux formats et supports du livre et de la litt\u00e9rature&nbsp;: livres \u00ab&nbsp;enrichis&nbsp;\u00bb ou \u00ab&nbsp;augment\u00e9s&nbsp;\u00bb, livres num\u00e9riques, livres audio, applications interactives pour appareils mobiles, hypertextes &#8230; <a title=\"\u00c0 propos du colloque \u00c9tudes du livre au XXIe si\u00e8cle\" class=\"read-more\" href=\"https:\/\/projets.ex-situ.info\/etudesdulivre21\/a-propos-du-colloque-etudes-du-livre-au-xxie-siecle\/\" aria-label=\"En savoir plus sur \u00c0 propos du colloque \u00c9tudes du livre au XXIe si\u00e8cle\">Lire la suite<\/a><\/p>\n","protected":false},"author":2,"featured_media":0,"parent":0,"menu_order":0,"comment_status":"closed","ping_status":"closed","template":"","meta":{"footnotes":""},"class_list":["post-19","page","type-page","status-publish"],"_links":{"self":[{"href":"https:\/\/projets.ex-situ.info\/etudesdulivre21\/wp-json\/wp\/v2\/pages\/19","targetHints":{"allow":["GET"]}}],"collection":[{"href":"https:\/\/projets.ex-situ.info\/etudesdulivre21\/wp-json\/wp\/v2\/pages"}],"about":[{"href":"https:\/\/projets.ex-situ.info\/etudesdulivre21\/wp-json\/wp\/v2\/types\/page"}],"author":[{"embeddable":true,"href":"https:\/\/projets.ex-situ.info\/etudesdulivre21\/wp-json\/wp\/v2\/users\/2"}],"replies":[{"embeddable":true,"href":"https:\/\/projets.ex-situ.info\/etudesdulivre21\/wp-json\/wp\/v2\/comments?post=19"}],"version-history":[{"count":20,"href":"https:\/\/projets.ex-situ.info\/etudesdulivre21\/wp-json\/wp\/v2\/pages\/19\/revisions"}],"predecessor-version":[{"id":479,"href":"https:\/\/projets.ex-situ.info\/etudesdulivre21\/wp-json\/wp\/v2\/pages\/19\/revisions\/479"}],"wp:attachment":[{"href":"https:\/\/projets.ex-situ.info\/etudesdulivre21\/wp-json\/wp\/v2\/media?parent=19"}],"curies":[{"name":"wp","href":"https:\/\/api.w.org\/{rel}","templated":true}]}}