{"id":108,"date":"2021-02-25T14:25:30","date_gmt":"2021-02-25T19:25:30","guid":{"rendered":"https:\/\/projets.ex-situ.info\/etudesdulivre21\/?page_id=108"},"modified":"2021-07-14T10:45:48","modified_gmt":"2021-07-14T14:45:48","slug":"liv4","status":"publish","type":"page","link":"https:\/\/projets.ex-situ.info\/etudesdulivre21\/liv4\/","title":{"rendered":"Quatri\u00e8me livraison (21 avril)"},"content":{"rendered":"\n<p>Quatre pr\u00e9sentations composent cette quatri\u00e8me livraison :<\/p>\n\n\n\n<ul class=\"wp-block-list\"><li>Barbara Bourchenin, Universit\u00e9 Bordeaux Montaigne<br>\u00ab <a href=\"https:\/\/projets.ex-situ.info\/etudesdulivre21\/bourchenin\/\" data-type=\"page\" data-id=\"319\">Livres de l\u2019art actuel : imaginaires paradoxaux de la fin du livre<\/a> \u00bb<\/li><li>Camille Simard, Universit\u00e9 du Qu\u00e9bec \u00e0 Montr\u00e9al<br>\u00ab <a href=\"https:\/\/projets.ex-situ.info\/etudesdulivre21\/simard\/\" data-type=\"page\" data-id=\"322\">Quels liens entre les enseignant-e-s du coll\u00e9gial et le milieu \u00e9ditorial qu\u00e9b\u00e9cois&nbsp;?<\/a> \u00bb<\/li><li>Allan Deneuville, \u00c9cole Universitaire de Recherche ArTeC\/Universit\u00e9 du Qu\u00e9bec \u00e0 Montr\u00e9al<br>\u00ab <a href=\"https:\/\/projets.ex-situ.info\/etudesdulivre21\/deneuville\/\" data-type=\"page\" data-id=\"328\">De l\u2019\u00e9cran \u00e0 la page : d\u00e9jouer la logique des plateformes num\u00e9riques et red\u00e9finir le livre<\/a> \u00bb<\/li><li>Jade P\u00e9trault, Universit\u00e9 de Rennes 2<br>\u00ab <a href=\"https:\/\/projets.ex-situ.info\/etudesdulivre21\/petrault\/\" data-type=\"page\" data-id=\"331\">Les livres ambulants : histoire d\u2019une double r\u00e9incarnation<\/a> \u00bb<\/li><\/ul>\n\n\n\n<p>D\u00e9couvrez les communications des livraisons pr\u00e9c\u00e9dentes et suivantes :<\/p>\n\n\n\n<ul class=\"wp-block-list\"><li><a href=\"https:\/\/projets.ex-situ.info\/etudesdulivre21\/liv1\/\" target=\"_blank\" rel=\"noreferrer noopener\">Premi\u00e8re livraison<\/a><\/li><li><a href=\"https:\/\/projets.ex-situ.info\/etudesdulivre21\/liv2\/\" target=\"_blank\" rel=\"noreferrer noopener\">Deuxi\u00e8me livraison<\/a><\/li><li><a href=\"https:\/\/projets.ex-situ.info\/etudesdulivre21\/liv3\/\" target=\"_blank\" rel=\"noreferrer noopener\">Troisi\u00e8me livraison<\/a><\/li><li><a href=\"https:\/\/projets.ex-situ.info\/etudesdulivre21\/liv5\/\" target=\"_blank\" rel=\"noreferrer noopener\">Cinqui\u00e8me livraison<\/a><\/li><\/ul>\n","protected":false},"excerpt":{"rendered":"<p>Quatre pr\u00e9sentations composent cette quatri\u00e8me livraison : Barbara Bourchenin, Universit\u00e9 Bordeaux Montaigne\u00ab Livres de l\u2019art actuel : imaginaires paradoxaux de la fin du livre \u00bb Camille Simard, Universit\u00e9 du Qu\u00e9bec \u00e0 Montr\u00e9al\u00ab Quels liens entre les enseignant-e-s du coll\u00e9gial et le milieu \u00e9ditorial qu\u00e9b\u00e9cois&nbsp;? \u00bb Allan Deneuville, \u00c9cole Universitaire de Recherche ArTeC\/Universit\u00e9 du Qu\u00e9bec \u00e0 &#8230; <a title=\"Quatri\u00e8me livraison (21 avril)\" class=\"read-more\" href=\"https:\/\/projets.ex-situ.info\/etudesdulivre21\/liv4\/\" aria-label=\"En savoir plus sur Quatri\u00e8me livraison (21 avril)\">Lire la suite<\/a><\/p>\n","protected":false},"author":2,"featured_media":0,"parent":0,"menu_order":0,"comment_status":"closed","ping_status":"closed","template":"","meta":{"footnotes":""},"class_list":["post-108","page","type-page","status-publish"],"_links":{"self":[{"href":"https:\/\/projets.ex-situ.info\/etudesdulivre21\/wp-json\/wp\/v2\/pages\/108","targetHints":{"allow":["GET"]}}],"collection":[{"href":"https:\/\/projets.ex-situ.info\/etudesdulivre21\/wp-json\/wp\/v2\/pages"}],"about":[{"href":"https:\/\/projets.ex-situ.info\/etudesdulivre21\/wp-json\/wp\/v2\/types\/page"}],"author":[{"embeddable":true,"href":"https:\/\/projets.ex-situ.info\/etudesdulivre21\/wp-json\/wp\/v2\/users\/2"}],"replies":[{"embeddable":true,"href":"https:\/\/projets.ex-situ.info\/etudesdulivre21\/wp-json\/wp\/v2\/comments?post=108"}],"version-history":[{"count":4,"href":"https:\/\/projets.ex-situ.info\/etudesdulivre21\/wp-json\/wp\/v2\/pages\/108\/revisions"}],"predecessor-version":[{"id":474,"href":"https:\/\/projets.ex-situ.info\/etudesdulivre21\/wp-json\/wp\/v2\/pages\/108\/revisions\/474"}],"wp:attachment":[{"href":"https:\/\/projets.ex-situ.info\/etudesdulivre21\/wp-json\/wp\/v2\/media?parent=108"}],"curies":[{"name":"wp","href":"https:\/\/api.w.org\/{rel}","templated":true}]}}