{"id":104,"date":"2021-02-25T14:21:23","date_gmt":"2021-02-25T19:21:23","guid":{"rendered":"https:\/\/projets.ex-situ.info\/etudesdulivre21\/?page_id=104"},"modified":"2021-07-14T12:02:06","modified_gmt":"2021-07-14T16:02:06","slug":"liv2","status":"publish","type":"page","link":"https:\/\/projets.ex-situ.info\/etudesdulivre21\/liv2\/","title":{"rendered":"Deuxi\u00e8me livraison (24 mars)"},"content":{"rendered":"\n<p>Quatre pr\u00e9sentations composent cette deuxi\u00e8me livraison :<\/p>\n\n\n\n<ul class=\"wp-block-list\"><li>Izabeau Legendre, Universit\u00e9 Queen\u2019s<br>\u00ab <a href=\"http:\/\/projets.ex-situ.info\/etudesdulivre21\/liv2\/legendre\" target=\"_blank\" rel=\"noreferrer noopener\">Les zines contre internet : s\u2019\u00e9diter, ou se d\u00e9mat\u00e9rialiser<\/a> \u00bb<\/li><li>Prune Lieutier, Universit\u00e9 du Qu\u00e9bec \u00e0 Montr\u00e9al<br>\u00ab <a href=\"http:\/\/projets.ex-situ.info\/etudesdulivre21\/liv2\/lieutier\" target=\"_blank\" rel=\"noreferrer noopener\">Les d\u00e9fis et enjeux de production constat\u00e9s en \u00e9dition num\u00e9rique jeunesse au Qu\u00e9bec<\/a> \u00bb<\/li><li>Pamela Ellayah, Universit\u00e9 du Maine-Le Mans<br>\u00ab <a href=\"http:\/\/projets.ex-situ.info\/etudesdulivre21\/liv2\/ellayah\" target=\"_blank\" rel=\"noreferrer noopener\">Fabriquer le patrimoine de l\u2019album jeunesse au XXI<sup>e<\/sup> si\u00e8cle<\/a> \u00bb<\/li><li>Margot Mellet, Universit\u00e9 de Montr\u00e9al<br>\u00ab\u00a0<a href=\"http:\/\/projets.ex-situ.info\/etudesdulivre21\/liv2\/mellet\" target=\"_blank\" rel=\"noreferrer noopener\">D\u00e9faire et rem\u00e9dier le livre. Analyse de la figure-\u00e9cran du livre dans <em>The Pillow Book <\/em>de Peter Greenaway<\/a> \u00bb<\/li><\/ul>\n\n\n\n<p>D\u00e9couvrez les communications des livraisons pr\u00e9c\u00e9dentes et suivantes :<\/p>\n\n\n\n<ul class=\"wp-block-list\"><li><a href=\"https:\/\/projets.ex-situ.info\/etudesdulivre21\/liv1\/\" target=\"_blank\" rel=\"noreferrer noopener\">Premi\u00e8re livraison<\/a><\/li><li><a href=\"https:\/\/projets.ex-situ.info\/etudesdulivre21\/liv3\/\" target=\"_blank\" rel=\"noreferrer noopener\">Troisi\u00e8me livraison<\/a><\/li><li><a href=\"https:\/\/projets.ex-situ.info\/etudesdulivre21\/liv4\/\" target=\"_blank\" rel=\"noreferrer noopener\">Quatri\u00e8me livraison<\/a><\/li><li><a href=\"https:\/\/projets.ex-situ.info\/etudesdulivre21\/liv5\/\" target=\"_blank\" rel=\"noreferrer noopener\">Cinqui\u00e8me livraison<\/a><\/li><\/ul>\n\n\n\n<p><\/p>\n","protected":false},"excerpt":{"rendered":"<p>Quatre pr\u00e9sentations composent cette deuxi\u00e8me livraison : Izabeau Legendre, Universit\u00e9 Queen\u2019s\u00ab Les zines contre internet : s\u2019\u00e9diter, ou se d\u00e9mat\u00e9rialiser \u00bb Prune Lieutier, Universit\u00e9 du Qu\u00e9bec \u00e0 Montr\u00e9al\u00ab Les d\u00e9fis et enjeux de production constat\u00e9s en \u00e9dition num\u00e9rique jeunesse au Qu\u00e9bec \u00bb Pamela Ellayah, Universit\u00e9 du Maine-Le Mans\u00ab Fabriquer le patrimoine de l\u2019album jeunesse au &#8230; <a title=\"Deuxi\u00e8me livraison (24 mars)\" class=\"read-more\" href=\"https:\/\/projets.ex-situ.info\/etudesdulivre21\/liv2\/\" aria-label=\"En savoir plus sur Deuxi\u00e8me livraison (24 mars)\">Lire la suite<\/a><\/p>\n","protected":false},"author":2,"featured_media":0,"parent":0,"menu_order":0,"comment_status":"closed","ping_status":"closed","template":"","meta":{"footnotes":""},"class_list":["post-104","page","type-page","status-publish"],"_links":{"self":[{"href":"https:\/\/projets.ex-situ.info\/etudesdulivre21\/wp-json\/wp\/v2\/pages\/104","targetHints":{"allow":["GET"]}}],"collection":[{"href":"https:\/\/projets.ex-situ.info\/etudesdulivre21\/wp-json\/wp\/v2\/pages"}],"about":[{"href":"https:\/\/projets.ex-situ.info\/etudesdulivre21\/wp-json\/wp\/v2\/types\/page"}],"author":[{"embeddable":true,"href":"https:\/\/projets.ex-situ.info\/etudesdulivre21\/wp-json\/wp\/v2\/users\/2"}],"replies":[{"embeddable":true,"href":"https:\/\/projets.ex-situ.info\/etudesdulivre21\/wp-json\/wp\/v2\/comments?post=104"}],"version-history":[{"count":9,"href":"https:\/\/projets.ex-situ.info\/etudesdulivre21\/wp-json\/wp\/v2\/pages\/104\/revisions"}],"predecessor-version":[{"id":503,"href":"https:\/\/projets.ex-situ.info\/etudesdulivre21\/wp-json\/wp\/v2\/pages\/104\/revisions\/503"}],"wp:attachment":[{"href":"https:\/\/projets.ex-situ.info\/etudesdulivre21\/wp-json\/wp\/v2\/media?parent=104"}],"curies":[{"name":"wp","href":"https:\/\/api.w.org\/{rel}","templated":true}]}}